{"id":8637,"date":"2020-08-28T12:46:09","date_gmt":"2020-08-28T10:46:09","guid":{"rendered":"http:\/\/klubmamgdynia.pl\/index.php\/produkt\/spin-master-gund-baby-leniwiec-6055524\/"},"modified":"2026-04-07T10:43:38","modified_gmt":"2026-04-07T08:43:38","slug":"spin-master-gund-baby-leniwiec-6055524","status":"publish","type":"product","link":"http:\/\/klubmamgdynia.pl\/index.php\/produkt\/spin-master-gund-baby-leniwiec-6055524\/","title":{"rendered":"Spin Master Gund Baby Leniwiec (6055524)"},"content":{"rendered":"<p>Spin Master 6055524 Gund Maskotka Baby LeniwiecZabawka bez ogranicze\u0144 wiekowych.Wymiary przytulanki: 24 x 12 x 9 cm.<\/p>\n<h2>Spin Master Gund Baby Leniwiec (6055524) Spin Master<\/h2>\n<p>pewna \u017caba by\u0142a s\u0142aba, mapa europy do druku, mia, kartki na dobranoc dla przyjaci\u00f3\u0142, quiz dzieci z bullerbyn, kolorowanki dla dzieci do druku, psi patrol kolorowanka do druku, przygody tomka sawyera test, andrzejki dekoracje do druku, niespotykane imiona \u017ce\u0144skie, \u0142amig\u0142owki do druku, zagadki logiczne<\/p>\n<p>yyyyy<\/p>\n<p>&nbsp;<\/p>\n","protected":false},"excerpt":{"rendered":"<p>Spin Master 6055524 Gund Maskotka Baby LeniwiecZabawka bez ogranicze\u0144 wiekowych.Wymiary przytulanki: 24 x 12 x 9 cm. Spin Master Gund Baby Leniwiec (6055524) Spin Master pewna \u017caba by\u0142a s\u0142aba, mapa europy do druku, mia, kartki na dobranoc dla przyjaci\u00f3\u0142, quiz dzieci z bullerbyn, kolorowanki dla dzieci do druku, psi patrol kolorowanka do druku, przygody tomka [&hellip;]<\/p>\n","protected":false},"featured_media":8638,"comment_status":"closed","ping_status":"open","template":"","meta":[],"product_cat":[42,94],"product_tag":[761,675,714,805],"class_list":["post-8637","product","type-product","status-publish","has-post-thumbnail","hentry","product_cat-maskotki","product_cat-spin-master","product_tag-choinko-piekna-jak-las-tekst","product_tag-test-z-lektury-kajko-i-kokosz-szkola-latania","product_tag-zagadki-logiczne","product_tag-znaczenie-imienia-alan"],"_links":{"self":[{"href":"http:\/\/klubmamgdynia.pl\/index.php\/wp-json\/wp\/v2\/product\/8637","targetHints":{"allow":["GET"]}}],"collection":[{"href":"http:\/\/klubmamgdynia.pl\/index.php\/wp-json\/wp\/v2\/product"}],"about":[{"href":"http:\/\/klubmamgdynia.pl\/index.php\/wp-json\/wp\/v2\/types\/product"}],"replies":[{"embeddable":true,"href":"http:\/\/klubmamgdynia.pl\/index.php\/wp-json\/wp\/v2\/comments?post=8637"}],"wp:featuredmedia":[{"embeddable":true,"href":"http:\/\/klubmamgdynia.pl\/index.php\/wp-json\/wp\/v2\/media\/8638"}],"wp:attachment":[{"href":"http:\/\/klubmamgdynia.pl\/index.php\/wp-json\/wp\/v2\/media?parent=8637"}],"wp:term":[{"taxonomy":"product_cat","embeddable":true,"href":"http:\/\/klubmamgdynia.pl\/index.php\/wp-json\/wp\/v2\/product_cat?post=8637"},{"taxonomy":"product_tag","embeddable":true,"href":"http:\/\/klubmamgdynia.pl\/index.php\/wp-json\/wp\/v2\/product_tag?post=8637"}],"curies":[{"name":"wp","href":"https:\/\/api.w.org\/{rel}","templated":true}]}}