{"id":8639,"date":"2025-03-15T23:12:57","date_gmt":"2025-03-15T22:12:57","guid":{"rendered":"http:\/\/klubmamgdynia.pl\/?post_type=product&#038;p=8639"},"modified":"2026-04-06T02:49:29","modified_gmt":"2026-04-06T00:49:29","slug":"nuk-kubek-niekapek-evolution-active-cup-disney-kubus-puchatek-300ml","status":"publish","type":"product","link":"http:\/\/klubmamgdynia.pl\/index.php\/produkt\/nuk-kubek-niekapek-evolution-active-cup-disney-kubus-puchatek-300ml\/","title":{"rendered":"Nuk Kubek Niekapek Evolution Active Cup Disney Kubu\u015b Puchatek 300ml"},"content":{"rendered":"<p>Kubek niekapek Evolution Active Cup Disney, NUK, 300 mlKubek Evolution Active Cup Disney marki NUK przeznaczony jest dla aktywnych dzieci powy\u017cej 12. miesi\u0105ca \u017cycia. U\u0142atwia nauk\u0119 samodzielnego picia, a kolorowe postaci z bajek Disneya zach\u0119c\u0105 spragnionego malucha do si\u0119gni\u0119cia po butelk\u0119.Kubek posiada mi\u0119kki, silikonowy ustnik z systemem antykolkowym NUK AIR SYSTEM. Ustnik &#8222;niekapek&#8221; znacz\u0105co u\u0142atwia maluchowi nauk\u0119 picia, a wyprofilowana butelka o du\u017cej pojemno\u015bci (300 ml) jest niezwykle wygodna do trzymania w ma\u0142ych r\u0105czkach. Przezroczysta struktura butelki u\u0142atwia rodzicowi ocen\u0119 ilo\u015bci pozosta\u0142ego p\u0142ynu.Cechy produktu:kubek &#8222;niekapek&#8221; z postaciami z bajki Kubu\u015b Puchatek,posiada silikonowy ustnik z systemem antykolkowym,jest szczelny, zapobiega rozlaniu si\u0119 p\u0142ynu,posiada klips do przypi\u0119cia do paska, torebki lub w\u00f3zka,przymocowana przezroczysta os\u0142onka chroni ustnik przed zabrudzeniem,wykonany z polipropylenu wolnego od szkodliwego BPA,kompatybilny ze wszystkimi elementami z serii NUK First Choice,przeznaczony dla dzieci powy\u017cej 12. miesi\u0105ca \u017cycia.Uwaga! Wz\u00f3r produktu wybierany jest z magazynu losowo.<\/p>\n<h2>Nuk Kubek Niekapek Evolution Active Cup Disney Kubu\u015b Puchatek 300ml NUK<\/h2>\n<p>zabawy miko\u0142ajkowe dla dzieci, zabawy dla 7 latka, cytaty o przyja\u017ani, opowie\u015bci z narni lew czarownica i stara szafa test, kawaly na prima aprilis, cicha noc po angielsku, zabawy miko\u0142ajkowe dla dzieci, gwiazdka do druku, kolorowanki do druku dla dziewczynek, tekst ko\u0142ysanki, kolorowanki do druku peppa<\/p>\n<p>yyyyy<\/p>\n<p>&nbsp;<\/p>\n","protected":false},"excerpt":{"rendered":"<p>Kubek niekapek Evolution Active Cup Disney, NUK, 300 mlKubek Evolution Active Cup Disney marki NUK przeznaczony jest dla aktywnych dzieci powy\u017cej 12. miesi\u0105ca \u017cycia. U\u0142atwia nauk\u0119 samodzielnego picia, a kolorowe postaci z bajek Disneya zach\u0119c\u0105 spragnionego malucha do si\u0119gni\u0119cia po butelk\u0119.Kubek posiada mi\u0119kki, silikonowy ustnik z systemem antykolkowym NUK AIR SYSTEM. Ustnik &#8222;niekapek&#8221; znacz\u0105co u\u0142atwia [&hellip;]<\/p>\n","protected":false},"featured_media":8640,"comment_status":"closed","ping_status":"open","template":"","meta":[],"product_cat":[215,251],"product_tag":[836,716,670,673,711,579],"class_list":["post-8639","product","type-product","status-publish","has-post-thumbnail","hentry","product_cat-naczynia-i-sztucce-dla-dzieci","product_cat-nuk","product_tag-co-kupic-dziecku-na-roczek","product_tag-filmy-animowane-o-swietach","product_tag-irma","product_tag-juz-blisko-koleda-tekst","product_tag-prezenty-dla-nastolatkow","product_tag-quiz-opowiesci-z-narnii-lew-czarownica-i-stara-szafa"],"_links":{"self":[{"href":"http:\/\/klubmamgdynia.pl\/index.php\/wp-json\/wp\/v2\/product\/8639","targetHints":{"allow":["GET"]}}],"collection":[{"href":"http:\/\/klubmamgdynia.pl\/index.php\/wp-json\/wp\/v2\/product"}],"about":[{"href":"http:\/\/klubmamgdynia.pl\/index.php\/wp-json\/wp\/v2\/types\/product"}],"replies":[{"embeddable":true,"href":"http:\/\/klubmamgdynia.pl\/index.php\/wp-json\/wp\/v2\/comments?post=8639"}],"wp:featuredmedia":[{"embeddable":true,"href":"http:\/\/klubmamgdynia.pl\/index.php\/wp-json\/wp\/v2\/media\/8640"}],"wp:attachment":[{"href":"http:\/\/klubmamgdynia.pl\/index.php\/wp-json\/wp\/v2\/media?parent=8639"}],"wp:term":[{"taxonomy":"product_cat","embeddable":true,"href":"http:\/\/klubmamgdynia.pl\/index.php\/wp-json\/wp\/v2\/product_cat?post=8639"},{"taxonomy":"product_tag","embeddable":true,"href":"http:\/\/klubmamgdynia.pl\/index.php\/wp-json\/wp\/v2\/product_tag?post=8639"}],"curies":[{"name":"wp","href":"https:\/\/api.w.org\/{rel}","templated":true}]}}