{"id":864,"date":"2012-05-13T21:25:17","date_gmt":"2012-05-13T19:25:17","guid":{"rendered":"http:\/\/klubmamgdynia.pl\/index.php\/produkt\/mega-creative-auto-do-skrecania-dzwig-483275\/"},"modified":"2026-04-05T21:39:38","modified_gmt":"2026-04-05T19:39:38","slug":"mega-creative-auto-do-skrecania-dzwig-483275","status":"publish","type":"product","link":"http:\/\/klubmamgdynia.pl\/index.php\/produkt\/mega-creative-auto-do-skrecania-dzwig-483275\/","title":{"rendered":"Mega Creative Auto Do Skr\u0119cania D\u017awig 483275"},"content":{"rendered":"<p>Zalety produktu: auto posiada \u015brubokr\u0119t za pomoc\u0105 kt\u00f3rego mo\u017cna skr\u0119ci\u0107 samoch\u00f3d D\u017cwig, posiada ruchome elementy oraz gumowe ko\u0142a, samoch\u00f3d w skali 1:14. Auto Ci\u0119\u017carowe w \u017c\u00f3\u0142to-szarej kolorystyce MEGA CREATIVE to prawdziwa gratka dla najm\u0142odszych. Auto w stylu D\u017cwigu, do samodzielnego skr\u0119cania. Obok takiej zabawki, \u017cadne dziecko nie przejdzie oboj\u0119tnie Zawarto\u015b\u0107 zestawu: D\u017cwig, \u015brubokr\u0119t, 3 r\u00f3\u017cne ko\u0144c\u00f3wki do \u015brubokr\u0119ta, 3 x \u015brubki. Zabawka wykonana z plastiku. Wymiary\/waga\/baterie: wymiary produktu d\u0142. x wys. x g\u0142. cm : 30x17x10, wymiary opakowania d\u0142. x wys. x g\u0142. cm : 34x28x12, waga produktu bez opakowania kg : 0,61 kg, waga produktu w opakowaniu kg : 0,80 kg, nie wymaga zasilania bateriami. Produkt przeznaczony dla dzieci w wieku: 3 . Pakowany w kartonik z okienkiem. W kartonie zbiorczym po 12 szt&#8230;.<\/p>\n<h2>Mega Creative Auto Do Skr\u0119cania D\u017awig 483275 Mega Creative<\/h2>\n<p>weso\u0142e pisanki tekst, co kupic dziewczynce na roczek, rado\u015b\u0107 dziecka cytaty, daria imie, wierszyki na lany poniedzia\u0142ek<\/p>\n<p>yyyyy<\/p>\n<p>&nbsp;<\/p>\n","protected":false},"excerpt":{"rendered":"<p>Zalety produktu: auto posiada \u015brubokr\u0119t za pomoc\u0105 kt\u00f3rego mo\u017cna skr\u0119ci\u0107 samoch\u00f3d D\u017cwig, posiada ruchome elementy oraz gumowe ko\u0142a, samoch\u00f3d w skali 1:14. Auto Ci\u0119\u017carowe w \u017c\u00f3\u0142to-szarej kolorystyce MEGA CREATIVE to prawdziwa gratka dla najm\u0142odszych. Auto w stylu D\u017cwigu, do samodzielnego skr\u0119cania. Obok takiej zabawki, \u017cadne dziecko nie przejdzie oboj\u0119tnie Zawarto\u015b\u0107 zestawu: D\u017cwig, \u015brubokr\u0119t, 3 r\u00f3\u017cne [&hellip;]<\/p>\n","protected":false},"featured_media":865,"comment_status":"closed","ping_status":"open","template":"","meta":[],"product_cat":[83,64],"product_tag":[676,692,773],"class_list":["post-864","product","type-product","status-publish","has-post-thumbnail","hentry","product_cat-auta-i-inne-pojazdy-do-zabawy","product_cat-mega-creative","product_tag-bursztynek","product_tag-prezenty-na-roczek","product_tag-test-z-lektury-opowiesci-z-narnii-lew-czarownica-i-stara-szafa"],"_links":{"self":[{"href":"http:\/\/klubmamgdynia.pl\/index.php\/wp-json\/wp\/v2\/product\/864","targetHints":{"allow":["GET"]}}],"collection":[{"href":"http:\/\/klubmamgdynia.pl\/index.php\/wp-json\/wp\/v2\/product"}],"about":[{"href":"http:\/\/klubmamgdynia.pl\/index.php\/wp-json\/wp\/v2\/types\/product"}],"replies":[{"embeddable":true,"href":"http:\/\/klubmamgdynia.pl\/index.php\/wp-json\/wp\/v2\/comments?post=864"}],"wp:featuredmedia":[{"embeddable":true,"href":"http:\/\/klubmamgdynia.pl\/index.php\/wp-json\/wp\/v2\/media\/865"}],"wp:attachment":[{"href":"http:\/\/klubmamgdynia.pl\/index.php\/wp-json\/wp\/v2\/media?parent=864"}],"wp:term":[{"taxonomy":"product_cat","embeddable":true,"href":"http:\/\/klubmamgdynia.pl\/index.php\/wp-json\/wp\/v2\/product_cat?post=864"},{"taxonomy":"product_tag","embeddable":true,"href":"http:\/\/klubmamgdynia.pl\/index.php\/wp-json\/wp\/v2\/product_tag?post=864"}],"curies":[{"name":"wp","href":"https:\/\/api.w.org\/{rel}","templated":true}]}}