{"id":8641,"date":"2025-02-19T16:54:37","date_gmt":"2025-02-19T15:54:37","guid":{"rendered":"http:\/\/klubmamgdynia.pl\/?post_type=product&#038;p=8641"},"modified":"2026-04-30T20:07:53","modified_gmt":"2026-04-30T18:07:53","slug":"spin-master-psi-patrol-poduszkowiec-zumy-z-figurka-20065128","status":"publish","type":"product","link":"http:\/\/klubmamgdynia.pl\/index.php\/produkt\/spin-master-psi-patrol-poduszkowiec-zumy-z-figurka-20065128\/","title":{"rendered":"Spin Master Psi Patrol Poduszkowiec Zumy Z Figurk\u0105 (20065128)"},"content":{"rendered":"<p>PSI PATROL &#8211; FIGURKA ZUMA + PODUSZKOWIECProducent: SPIN MASTERKod producenta: 20065128Zestaw zawiera: figurk\u0119 + poduszkowiecFigurka posiada ruchome: g\u0142ow\u0119, 4 \u0142apyPoduszkowiec posiada ruchome wirniki oraz ko\u0142a.&#8221;Psi Patrol&#8221; to popularny serial, opowiada on o przygodach siedmiu szczeni\u0105t, kt\u00f3rym przewodzi dziesi\u0119cioletni ch\u0142opiec, Ryder. Razem tworz\u0105 zgran\u0105 dru\u017cyn\u0119, kt\u00f3ra wyruszaj\u0105 na ratunek potrzebuj\u0105cym i stawiaj\u0105 czo\u0142o zagro\u017ceniom. G\u0142\u00f3wni bohaterowie to Ryder, Chase, Marshall, Rubble, Rocky, Zuma, Skye i EverestZestaw sk\u0142ada si\u0119 z Zumy, wiernie odwzorowanego czekoladowego labradora, jednego z bohater\u00f3w popularnej kresk\u00f3wki. Posiada on pomara\u0144czowy ubi\u00f3r oraz kask ochronny. Jego nieodzownym atrybutem jest poduszkowiec.Poduszkowiec posiada ruchome \u015bmig\u0142a w tylnych wirnikach. Po przekr\u0119ceniu potencjometru w \u0142atwy spos\u00f3b mo\u017cna wprawi\u0107 jedno z nich w ruch. Dodatkowo w dolnej cz\u0119\u015bci pojazdu znajduj\u0105 ruchome ko\u0142a, dzi\u0119ki kt\u00f3rym mo\u017ce on porusza\u0107 si\u0119 po p\u0142askich powierzchniach.Jak przysta\u0142o na prawdziwy poduszkowiec, nie nale\u017cy si\u0119 obawia\u0107 kontaktu z wod\u0105. Po po\u0142o\u017ceniu pojazdu na lustrze wody, b\u0119dzie si\u0119 swobodnie unosi\u0107 na jej powierzchni.Idealna zabawka dla ma\u0142ych fan\u00f3w &#8222;Psiego patrolu&#8221;. Podaruj dziecku zabawk\u0119, kt\u00f3ra sprawi, \u017ce na jego twarzy pojawi si\u0119 u\u015bmiech.Produkt idealny na prezent. Zapakowany \u0142adny i kolorowy karton, kt\u00f3ry wchodzi w sk\u0142ad zestawu. Dodatkowo na czas wysy\u0142ki, zabawk\u0119 zabezpieczamy w specjalny karton.SPECYFIKACJAWiek: 3+Ruchome elementy: takPojazd posiada k\u00f3\u0142ka do je\u017cd\u017ceniaWymiary figurki: wysoko\u015b\u0107 oko\u0142o 6 cm.Wymiary poduszkowca: d\u0142ugo\u015b\u0107 oko\u0142o 15 x 9 x 7 cmWymiary opakowania: 21,5 x 19 x 9,5 cm<\/p>\n<h2>Spin Master Psi Patrol Poduszkowiec Zumy Z Figurk\u0105 (20065128) Spin Master<\/h2>\n<p>pola znaczenie imienia, kolorowanki z bajek, kolorowanka uk\u0142ad s\u0142oneczny dla dzieci do druku, quiz samochodowy, zgadywanki, piosenki na dobranoc tekst, zagadki o zawodach, aneta, papierowe ozdoby \u015bwi\u0105teczne, zagadki logiczne na inteligencj\u0119 dla doros\u0142ych, kolorowanki uk\u0142ad s\u0142oneczny, cytaty dziecko, prezent na roczek dla chlopca<\/p>\n<p>yyyyy<\/p>\n<p>&nbsp;<\/p>\n","protected":false},"excerpt":{"rendered":"<p>PSI PATROL &#8211; FIGURKA ZUMA + PODUSZKOWIECProducent: SPIN MASTERKod producenta: 20065128Zestaw zawiera: figurk\u0119 + poduszkowiecFigurka posiada ruchome: g\u0142ow\u0119, 4 \u0142apyPoduszkowiec posiada ruchome wirniki oraz ko\u0142a.&#8221;Psi Patrol&#8221; to popularny serial, opowiada on o przygodach siedmiu szczeni\u0105t, kt\u00f3rym przewodzi dziesi\u0119cioletni ch\u0142opiec, Ryder. Razem tworz\u0105 zgran\u0105 dru\u017cyn\u0119, kt\u00f3ra wyruszaj\u0105 na ratunek potrzebuj\u0105cym i stawiaj\u0105 czo\u0142o zagro\u017ceniom. G\u0142\u00f3wni bohaterowie [&hellip;]<\/p>\n","protected":false},"featured_media":8642,"comment_status":"closed","ping_status":"open","template":"","meta":[],"product_cat":[95,94],"product_tag":[663,734,782],"class_list":["post-8641","product","type-product","status-publish","has-post-thumbnail","hentry","product_cat-figurki-makiety-i-zestawy","product_cat-spin-master","product_tag-kolorowanki-dla-dzieci-do-druku","product_tag-milan-imie","product_tag-zagadki-dla-dzieci-z-odpowiedziami"],"_links":{"self":[{"href":"http:\/\/klubmamgdynia.pl\/index.php\/wp-json\/wp\/v2\/product\/8641","targetHints":{"allow":["GET"]}}],"collection":[{"href":"http:\/\/klubmamgdynia.pl\/index.php\/wp-json\/wp\/v2\/product"}],"about":[{"href":"http:\/\/klubmamgdynia.pl\/index.php\/wp-json\/wp\/v2\/types\/product"}],"replies":[{"embeddable":true,"href":"http:\/\/klubmamgdynia.pl\/index.php\/wp-json\/wp\/v2\/comments?post=8641"}],"wp:featuredmedia":[{"embeddable":true,"href":"http:\/\/klubmamgdynia.pl\/index.php\/wp-json\/wp\/v2\/media\/8642"}],"wp:attachment":[{"href":"http:\/\/klubmamgdynia.pl\/index.php\/wp-json\/wp\/v2\/media?parent=8641"}],"wp:term":[{"taxonomy":"product_cat","embeddable":true,"href":"http:\/\/klubmamgdynia.pl\/index.php\/wp-json\/wp\/v2\/product_cat?post=8641"},{"taxonomy":"product_tag","embeddable":true,"href":"http:\/\/klubmamgdynia.pl\/index.php\/wp-json\/wp\/v2\/product_tag?post=8641"}],"curies":[{"name":"wp","href":"https:\/\/api.w.org\/{rel}","templated":true}]}}