{"id":8643,"date":"2025-03-09T15:01:37","date_gmt":"2025-03-09T14:01:37","guid":{"rendered":"http:\/\/klubmamgdynia.pl\/?post_type=product&#038;p=8643"},"modified":"2026-04-29T19:18:52","modified_gmt":"2026-04-29T17:18:52","slug":"psi-patrol-plecak-do-przedszkola-3d-spin-master","status":"publish","type":"product","link":"http:\/\/klubmamgdynia.pl\/index.php\/produkt\/psi-patrol-plecak-do-przedszkola-3d-spin-master\/","title":{"rendered":"Psi Patrol Plecak do przedszkola 3D Spin Master"},"content":{"rendered":"<p>Spin Master Psi Patrol Plecak do przedszkola 3DCechy produktu:\u2714\ufe0fwymiary: 30x26x10 cmPrzepi\u0119knie wykonany plecaczek . Doskonale przyda si\u0119 na ka\u017cd\u0105 wycieczk\u0119. Pogrubiane szelki regulowanej d\u0142ugo\u015bci. Plecak zapinany na zamek<\/p>\n<h2>Psi Patrol Plecak do przedszkola 3D Spin Master Spin Master<\/h2>\n<p>pozytywne cytaty mama cytaty, transformers kolorowanka, wiersz o wakacjach, piosenki dla dzieci o jesieni, ka\u0142u\u017cy\u015bci, zagadki i odpowiedzi, kolorowanka prezent, trudne zagadki z odpowiedziami, bursztynek bursztynek<\/p>\n<p>yyyyy<\/p>\n<p>&nbsp;<\/p>\n","protected":false},"excerpt":{"rendered":"<p>Spin Master Psi Patrol Plecak do przedszkola 3DCechy produktu:\u2714\ufe0fwymiary: 30x26x10 cmPrzepi\u0119knie wykonany plecaczek . Doskonale przyda si\u0119 na ka\u017cd\u0105 wycieczk\u0119. Pogrubiane szelki regulowanej d\u0142ugo\u015bci. Plecak zapinany na zamek Psi Patrol Plecak do przedszkola 3D Spin Master Spin Master pozytywne cytaty mama cytaty, transformers kolorowanka, wiersz o wakacjach, piosenki dla dzieci o jesieni, ka\u0142u\u017cy\u015bci, zagadki i [&hellip;]<\/p>\n","protected":false},"featured_media":8644,"comment_status":"closed","ping_status":"open","template":"","meta":[],"product_cat":[180,94],"product_tag":[688,637,737,592],"class_list":["post-8643","product","type-product","status-publish","has-post-thumbnail","hentry","product_cat-plecaki-przedszkolne","product_cat-spin-master","product_tag-kolysanki-tekst","product_tag-niech-zyja-wakacje-tekst","product_tag-test-z-lektury-felix-net-i-nika-oraz-gang-niewidzialnych-ludzi","product_tag-zagadki-dla-dzieci"],"_links":{"self":[{"href":"http:\/\/klubmamgdynia.pl\/index.php\/wp-json\/wp\/v2\/product\/8643","targetHints":{"allow":["GET"]}}],"collection":[{"href":"http:\/\/klubmamgdynia.pl\/index.php\/wp-json\/wp\/v2\/product"}],"about":[{"href":"http:\/\/klubmamgdynia.pl\/index.php\/wp-json\/wp\/v2\/types\/product"}],"replies":[{"embeddable":true,"href":"http:\/\/klubmamgdynia.pl\/index.php\/wp-json\/wp\/v2\/comments?post=8643"}],"wp:featuredmedia":[{"embeddable":true,"href":"http:\/\/klubmamgdynia.pl\/index.php\/wp-json\/wp\/v2\/media\/8644"}],"wp:attachment":[{"href":"http:\/\/klubmamgdynia.pl\/index.php\/wp-json\/wp\/v2\/media?parent=8643"}],"wp:term":[{"taxonomy":"product_cat","embeddable":true,"href":"http:\/\/klubmamgdynia.pl\/index.php\/wp-json\/wp\/v2\/product_cat?post=8643"},{"taxonomy":"product_tag","embeddable":true,"href":"http:\/\/klubmamgdynia.pl\/index.php\/wp-json\/wp\/v2\/product_tag?post=8643"}],"curies":[{"name":"wp","href":"https:\/\/api.w.org\/{rel}","templated":true}]}}