{"id":8645,"date":"2020-11-28T21:19:12","date_gmt":"2020-11-28T20:19:12","guid":{"rendered":"http:\/\/klubmamgdynia.pl\/index.php\/produkt\/maszyna-do-szycia-singer-8280\/"},"modified":"2026-04-05T19:32:39","modified_gmt":"2026-04-05T17:32:39","slug":"maszyna-do-szycia-singer-8280","status":"publish","type":"product","link":"http:\/\/klubmamgdynia.pl\/index.php\/produkt\/maszyna-do-szycia-singer-8280\/","title":{"rendered":"Maszyna do szycia Singer 8280"},"content":{"rendered":"<p>Singer 8280<\/p>\n<p>Maszyna do szycia\u00a0 posiada 7 scieg\u00f3w w tym \u015bciegi kryte, oraz 22 funkcje u\u017cytkowe, p\u0142ynn\u0105 regulacj\u0119 d\u0142ugo\u015bci \u015bciegu oraz szeroko\u015bci \u015bciegu. Dwa po\u0142o\u017cenia ig\u0142y. D\u0142ugo\u015b\u0107 \u015bciegu 45 mm oraz szeroko\u015b\u0107 \u015bciegu 55mm. Zatrzaskowy system mocowania stopek. Chwytacz wahad\u0142owy, automatyczne obszywanie dziurki na guziki \/ ilo\u015b\u0107 cykli 4. Automatyczny nawijacz szpuleczki. Wbudowana rekojesc do przenoszenia maszyny. Wbudowany pojemnik na wyposa\u017cenie. Posiada r\u00f3wnie\u017c \u015bcieg wsteczny, elktroniczny regulator obrot\u00f3w, wznios stopki do 6 mm, funkcj\u0119 przyszywania guzik\u00f3w, mo\u017cliwo\u015b\u0107 szycia igl\u0105 podw\u00f3jn\u0105.\u00a0\u00a0                            <\/p>\n<p>Charakteryzuje si\u0119:automatycznym obszywaniem dziurek na guziki, cerowaniem, naszywaniem aplikacji, haftowaniem, fastrygowaniem pikowaniem, wyszywaniem monogram\u00f3w, wszywaniem ta\u015bm elastycznych i kordonki,wszywaniem suwak\u00f3w, obrzucaniem, obr\u0119bianiem zawijaniem, wzmacnianiem zako\u0144cze\u0144 szw\u00f3w, szyciem na wysi\u0119gu, wyka\u0144czaniem nogawek i r\u0119kaw.Nie tylko dla pocz\u0105tkuj\u0105cych\u015awietnie nadaje si\u0119 zar\u00f3wno do domowych przer\u00f3bek, jak i do bardziej profesjonalnej pracy. Wytrzyma\u0142y korpus maszyny \u015bwiadczy o solidnym wykonaniu i gwarantuje trwa\u0142o\u015b\u0107 produktu. Bardzo \u0142atwa w obs\u0142udze. Proste i \u0142atwe wybieranie \u015bcieg\u00f3w(7 wbudowanych wzor\u00f3w \u015bcieg\u00f3w). P\u0142ynna regulacja szeroko\u015bci i d\u0142ugo\u015bci \u015bciegu. Zatrzaskowy system mocowania stopek. Automatyczne obszywanie dziurki.\u00a0<\/p>\n<h2>Maszyna do szycia Singer 8280 Singer<\/h2>\n<p>labirynt dla dzieci, natalia, zagadki \u015bmieszne z odpowiedziami, opowie\u015bci z narni test, cytat o mamie, \u017cyczenia bo\u017ce narodzenie oryginalne, imiona z bajek, kucyki pony kolorowanka<\/p>\n<p>yyyyy<\/p>\n<p>&nbsp;<\/p>\n","protected":false},"excerpt":{"rendered":"<p>Singer 8280 Maszyna do szycia\u00a0 posiada 7 scieg\u00f3w w tym \u015bciegi kryte, oraz 22 funkcje u\u017cytkowe, p\u0142ynn\u0105 regulacj\u0119 d\u0142ugo\u015bci \u015bciegu oraz szeroko\u015bci \u015bciegu. Dwa po\u0142o\u017cenia ig\u0142y. D\u0142ugo\u015b\u0107 \u015bciegu 45 mm oraz szeroko\u015b\u0107 \u015bciegu 55mm. Zatrzaskowy system mocowania stopek. Chwytacz wahad\u0142owy, automatyczne obszywanie dziurki na guziki \/ ilo\u015b\u0107 cykli 4. Automatyczny nawijacz szpuleczki. Wbudowana rekojesc do [&hellip;]<\/p>\n","protected":false},"featured_media":8646,"comment_status":"closed","ping_status":"open","template":"","meta":[],"product_cat":[1735,1734],"product_tag":[848,657,810,778],"class_list":["post-8645","product","type-product","status-publish","has-post-thumbnail","hentry","product_cat-maszyny-do-szycia","product_cat-singer","product_tag-cytat-o-rodzinie","product_tag-lol-kolorowanka","product_tag-nauka-zegara-do-druku","product_tag-zabawki-na-roczek-dla-chlopca"],"_links":{"self":[{"href":"http:\/\/klubmamgdynia.pl\/index.php\/wp-json\/wp\/v2\/product\/8645","targetHints":{"allow":["GET"]}}],"collection":[{"href":"http:\/\/klubmamgdynia.pl\/index.php\/wp-json\/wp\/v2\/product"}],"about":[{"href":"http:\/\/klubmamgdynia.pl\/index.php\/wp-json\/wp\/v2\/types\/product"}],"replies":[{"embeddable":true,"href":"http:\/\/klubmamgdynia.pl\/index.php\/wp-json\/wp\/v2\/comments?post=8645"}],"wp:featuredmedia":[{"embeddable":true,"href":"http:\/\/klubmamgdynia.pl\/index.php\/wp-json\/wp\/v2\/media\/8646"}],"wp:attachment":[{"href":"http:\/\/klubmamgdynia.pl\/index.php\/wp-json\/wp\/v2\/media?parent=8645"}],"wp:term":[{"taxonomy":"product_cat","embeddable":true,"href":"http:\/\/klubmamgdynia.pl\/index.php\/wp-json\/wp\/v2\/product_cat?post=8645"},{"taxonomy":"product_tag","embeddable":true,"href":"http:\/\/klubmamgdynia.pl\/index.php\/wp-json\/wp\/v2\/product_tag?post=8645"}],"curies":[{"name":"wp","href":"https:\/\/api.w.org\/{rel}","templated":true}]}}