{"id":8653,"date":"2011-06-15T06:50:24","date_gmt":"2011-06-15T04:50:24","guid":{"rendered":"http:\/\/klubmamgdynia.pl\/index.php\/produkt\/philips-azur-gc4556-20\/"},"modified":"2026-04-21T05:29:26","modified_gmt":"2026-04-21T03:29:26","slug":"philips-azur-gc4556-20","status":"publish","type":"product","link":"http:\/\/klubmamgdynia.pl\/index.php\/produkt\/philips-azur-gc4556-20\/","title":{"rendered":"PHILIPS Azur GC4556\/20"},"content":{"rendered":"<p>CECHY PRODUKTU                            <\/p>\n<p>Moc 2500 W dla szybkiego nagrzewania\u017belazko szybko si\u0119 nagrzewa i wytwarza du\u017c\u0105 ilo\u015b\u0107 pary.                            <\/p>\n<p>Wyg\u0142adzaj\u0105ca moc pary<br \/>\nWysokiej klasy \u017celazko dzi\u0119ki ci\u0105g\u0142emu wyrzutowi pary do 50 g\/min umo\u017cliwia skuteczne prasowanie.                            <\/p>\n<p>\u0141atwe odkamienianie w 15 sekundWystarczy wyj\u0105\u0107 pojemnik na kamie\u0144 i op\u0142uka\u0107 go pod bie\u017c\u0105c\u0105 wod\u0105. To tylko 15 sekund, kt\u00f3re pomagaj\u0105 zachowa\u0107 wydajno\u015b\u0107 \u017celazka na d\u0142ugie lata.                            <\/p>\n<p>Stopa o bardzo dobrym po\u015blizguG\u0142adko przesuwa si\u0119 po wszystkich tkaninach, jest odporna na zarysowania i \u0142atwa w czyszczeniu.                            <\/p>\n<p>\u0141ATWE PRASOWANIE I NIEZAWODNO\u015a\u0106 NA LATA                            <\/p>\n<p>\u017bELAZKO Z SILNYM WYRZUTEM PARY                            <\/p>\n<p>\u00a0 \u00a0 \u00a0\u00a0 \u00a0 \u00a0Ci\u0105g\u0142y strumie\u0144 pary do 50 g\u00a0 \u00a0 \u00a0\u00a0 \u00a0 \u00a0Szybkie i przyjemne prasowanie\u00a0 \u00a0\u00a0\u00a0\u00a0 \u00a0Gor\u0105ca para pozwala prasowa\u0107 efektywniej.\u00a0 \u00a0 \u00a0\u00a0                            <\/p>\n<p>\u00a0 \u00a0 \u00a0Silne uderzenie pary na trudniejsze\u00a0 \u00a0 \u00a0\u00a0\u00a0 \u00a0 \u00a0zagniecenia\u00a0 \u00a0 \u00a0\u00a0\u00a0 \u00a0 \u00a0 Silne uderzenie pary do 220 g u\u0142atwia usuwanie zagniece\u0144.\u00a0 \u00a0\u00a0\u00a0 \u00a0 \u00a0Para wnika w g\u0142\u0105b tkaniny, co umo\u017cliwia\u00a0\u00a0\u00a0 \u00a0 \u00a0rozprasowanie nawet bardzo pomi\u0119tych miejsc na\u00a0\u00a0\u00a0 \u00a0 \u00a0ubraniach.\u00a0                            <\/p>\n<p>BEZ OBAW U\u017bYWAJ WODY Z KRANU                            <\/p>\n<p>\u00a0 \u00a0 \u00a0\u0141atwe odkamienianie w 15 sekund\u00a0 \u00a0 \u00a0\u00a0 \u00a0 \u00a0Szybko i bez trudno\u015bci usuniesz kamie\u0144, kt\u00f3ry gromadzi si\u0119 w\u00a0 \u00a0 \u00a0\u00a0\u00a0\u017celazku. Wystarczy 15 sekund, by wyczy\u015bci\u0107 \u017celazko. Po prostu,\u00a0 \u00a0 \u00a0\u00a0wyjmij pojemniczek, w kt\u00f3rym zbiera si\u0119 kamie\u0144 i op\u0142ucz go\u00a0 \u00a0 \u00a0\u00a0pod\u00a0 bie\u017c\u0105c\u0105 wod\u0105.\u00a0 \u00a0 \u00a0\u00a0\u00a0 \u00a0\u00a0                            <\/p>\n<p>\u00a0 \u00a0 \u00a0\u00a0 \u00a0 \u00a0Zawsze optymalny strumie\u0144 pary.\u00a0 \u00a0 \u00a0Trwa\u0142o\u015b\u0107 na d\u0142ugo\u00a0 \u00a0 \u00a0\u00a0 \u00a0 \u00a0Regularne czyszczenie \u017celazka z kamienia i osadu\u00a0\u00a0\u00a0 \u00a0 \u00a0pochodz\u0105cego z twardej wody pozwala zachowa\u0107 maksymaln\u0105\u00a0\u00a0\u00a0 \u00a0 \u00a0moc strumienia pary oraz unikn\u0105\u0107 bia\u0142ych lub br\u0105zowych plam na\u00a0\u00a0\u00a0 \u00a0 \u00a0ubraniach.\u00a0 \u00a0 \u00a0System antywapienny jest bardzo wa\u017cny, gdy do\u00a0\u00a0\u00a0\u00a0 \u00a0 \u00a0prasowania u\u017cywana jest twarda woda z kranu.\u00a0\u00a0                            <\/p>\n<p>WYGODA U\u017bYTKOWANIA                            <\/p>\n<p>Stopa SteamGlide. Lekko porusza si\u0119\u00a0 \u00a0 \u00a0po tkaninach\u00a0 \u00a0 \u00a0Prasowanie jest prostsze, gdy \u017celazko p\u0142ynnie przesuwa si\u0119 po\u00a0 \u00a0 \u00a0\u00a0tkaninach i nie przywiera do materia\u0142u.\u00a0 \u00a0 \u00a0\u00a0 \u00a0 \u00a0Pow\u0142oka, z kt\u00f3rej wykonana jest stopa sprawia, \u017ce jest odporna na\u00a0\u00a0 \u00a0 \u00a0\u00a0zarysowania i \u0142atwa w czyszczeniu.\u00a0 \u00a0 \u00a0                            <\/p>\n<p>\u00a0 \u00a0 \u00a0\u00a0 \u00a0 \u00a0\u00a0 \u00a0 \u00a0Bezpiecznie. Automatyczne\u00a0\u00a0 \u00a0 \u00a0wy\u0142\u0105czanie\u00a0 \u00a0 \u00a0\u00a0 \u00a0 \u00a0Urz\u0105dzenie wy\u0142\u0105cza si\u0119 automatycznie, gdy nie jest u\u017cywane\u00a0\u00a0\u00a0\u00a0 \u00a0 \u00a0przez okre\u015blony czas.\u00a0\u00a0 \u00a0 \u00a0\u017belazko pozostawione na stopie wy\u0142\u0105czy si\u0119 po 30\u00a0\u00a0\u00a0 \u00a0 \u00a0sekundach, a je\u015bli jest ustawione w pozycji\u00a0\u00a0\u00a0 \u00a0 \u00a0pionowej wy\u0142\u0105czy si\u0119 po 8 minutach bezczynno\u015bci.\u00a0<\/p>\n<h2>PHILIPS Azur GC4556\/20 Philips<\/h2>\n<p>natan imi\u0119, wydarzenia dla dzieci warszawa, gra kulki, kartka walentynkowa r\u0119cznie robiona \u0142atwa, bajki dla niemowl\u0105t do czytania, zagadki wielkanocne przedszkole, dobre zagadki logiczne, najpi\u0119kniejsze cytaty dziecko cytaty, zagadki dla dzieci 10-12 lat trudne, my little pony kolorowanki, zagadki z odpowiedziami, aneta, kr\u00f3tkie bajki do czytania, historia pluszowego misia dla dzieci, quiz o psie kt\u00f3ry je\u017adzi\u0142 kolej\u0105, bajka na dobranoc do czytania, wiosna kolorowanka do druku<\/p>\n<p>yyyyy<\/p>\n<p>&nbsp;<\/p>\n","protected":false},"excerpt":{"rendered":"<p>CECHY PRODUKTU Moc 2500 W dla szybkiego nagrzewania\u017belazko szybko si\u0119 nagrzewa i wytwarza du\u017c\u0105 ilo\u015b\u0107 pary. Wyg\u0142adzaj\u0105ca moc pary Wysokiej klasy \u017celazko dzi\u0119ki ci\u0105g\u0142emu wyrzutowi pary do 50 g\/min umo\u017cliwia skuteczne prasowanie. \u0141atwe odkamienianie w 15 sekundWystarczy wyj\u0105\u0107 pojemnik na kamie\u0144 i op\u0142uka\u0107 go pod bie\u017c\u0105c\u0105 wod\u0105. To tylko 15 sekund, kt\u00f3re pomagaj\u0105 zachowa\u0107 wydajno\u015b\u0107 [&hellip;]<\/p>\n","protected":false},"featured_media":8654,"comment_status":"closed","ping_status":"open","template":"","meta":[],"product_cat":[261,1361],"product_tag":[806,599,682,778,812],"class_list":["post-8653","product","type-product","status-publish","has-post-thumbnail","hentry","product_cat-philips","product_cat-zelazka","product_tag-prezent-dla-dziecka-na-roczek","product_tag-prezent-dla-nastolatkow-2021","product_tag-przyjazn-cytaty","product_tag-zabawki-na-roczek-dla-chlopca","product_tag-zagadki-logiczne-na-inteligencje"],"_links":{"self":[{"href":"http:\/\/klubmamgdynia.pl\/index.php\/wp-json\/wp\/v2\/product\/8653","targetHints":{"allow":["GET"]}}],"collection":[{"href":"http:\/\/klubmamgdynia.pl\/index.php\/wp-json\/wp\/v2\/product"}],"about":[{"href":"http:\/\/klubmamgdynia.pl\/index.php\/wp-json\/wp\/v2\/types\/product"}],"replies":[{"embeddable":true,"href":"http:\/\/klubmamgdynia.pl\/index.php\/wp-json\/wp\/v2\/comments?post=8653"}],"wp:featuredmedia":[{"embeddable":true,"href":"http:\/\/klubmamgdynia.pl\/index.php\/wp-json\/wp\/v2\/media\/8654"}],"wp:attachment":[{"href":"http:\/\/klubmamgdynia.pl\/index.php\/wp-json\/wp\/v2\/media?parent=8653"}],"wp:term":[{"taxonomy":"product_cat","embeddable":true,"href":"http:\/\/klubmamgdynia.pl\/index.php\/wp-json\/wp\/v2\/product_cat?post=8653"},{"taxonomy":"product_tag","embeddable":true,"href":"http:\/\/klubmamgdynia.pl\/index.php\/wp-json\/wp\/v2\/product_tag?post=8653"}],"curies":[{"name":"wp","href":"https:\/\/api.w.org\/{rel}","templated":true}]}}