{"id":8659,"date":"2011-10-13T12:30:09","date_gmt":"2011-10-13T10:30:09","guid":{"rendered":"http:\/\/klubmamgdynia.pl\/index.php\/produkt\/spin-master-psi-patrol-movie-figurka-rubble-i-pojazd-z-wyrzutnia\/"},"modified":"2026-04-24T15:06:31","modified_gmt":"2026-04-24T13:06:31","slug":"spin-master-psi-patrol-movie-figurka-rubble-i-pojazd-z-wyrzutnia","status":"publish","type":"product","link":"http:\/\/klubmamgdynia.pl\/index.php\/produkt\/spin-master-psi-patrol-movie-figurka-rubble-i-pojazd-z-wyrzutnia\/","title":{"rendered":"Spin Master Psi Patrol Movie figurka Rubble i pojazd z wyrzutni\u0105"},"content":{"rendered":"<p>Spin 6060622 Psi Patrol Movie Rubble pojazd deluxe 20130065W zestawie: pojazd, figurka, pociski.Przeznaczona dla dzieci powy\u017cej 3 roku \u017cycia.<\/p>\n<h2>Spin Master Psi Patrol Movie figurka Rubble i pojazd z wyrzutni\u0105 Spin Master<\/h2>\n<p>nela w krainie wombat\u00f3w, piosenki o wakacjach, prezent dla ch\u0142opca 7 lat, test z tajemniczego ogrodu, bajka o miko\u0142aju do czytania, rzadkie imiona japo\u0144skie, pomys\u0142 na prezent dla 15 latki, po \u0142\u0105ce biega lato tekst, zagadki o dinozaurach, zagadki dla 8 latka, halszka<\/p>\n<p>yyyyy<\/p>\n<p>&nbsp;<\/p>\n","protected":false},"excerpt":{"rendered":"<p>Spin 6060622 Psi Patrol Movie Rubble pojazd deluxe 20130065W zestawie: pojazd, figurka, pociski.Przeznaczona dla dzieci powy\u017cej 3 roku \u017cycia. Spin Master Psi Patrol Movie figurka Rubble i pojazd z wyrzutni\u0105 Spin Master nela w krainie wombat\u00f3w, piosenki o wakacjach, prezent dla ch\u0142opca 7 lat, test z tajemniczego ogrodu, bajka o miko\u0142aju do czytania, rzadkie imiona [&hellip;]<\/p>\n","protected":false},"featured_media":8660,"comment_status":"closed","ping_status":"open","template":"","meta":[],"product_cat":[83,94],"product_tag":[832,677,818,742,736],"class_list":["post-8659","product","type-product","status-publish","has-post-thumbnail","hentry","product_cat-auta-i-inne-pojazdy-do-zabawy","product_cat-spin-master","product_tag-desery-dla-dzieci","product_tag-milosz-imie","product_tag-oliwier","product_tag-piosenki-dla-dzieci-tekst","product_tag-zabawki-na-roczek"],"_links":{"self":[{"href":"http:\/\/klubmamgdynia.pl\/index.php\/wp-json\/wp\/v2\/product\/8659","targetHints":{"allow":["GET"]}}],"collection":[{"href":"http:\/\/klubmamgdynia.pl\/index.php\/wp-json\/wp\/v2\/product"}],"about":[{"href":"http:\/\/klubmamgdynia.pl\/index.php\/wp-json\/wp\/v2\/types\/product"}],"replies":[{"embeddable":true,"href":"http:\/\/klubmamgdynia.pl\/index.php\/wp-json\/wp\/v2\/comments?post=8659"}],"wp:featuredmedia":[{"embeddable":true,"href":"http:\/\/klubmamgdynia.pl\/index.php\/wp-json\/wp\/v2\/media\/8660"}],"wp:attachment":[{"href":"http:\/\/klubmamgdynia.pl\/index.php\/wp-json\/wp\/v2\/media?parent=8659"}],"wp:term":[{"taxonomy":"product_cat","embeddable":true,"href":"http:\/\/klubmamgdynia.pl\/index.php\/wp-json\/wp\/v2\/product_cat?post=8659"},{"taxonomy":"product_tag","embeddable":true,"href":"http:\/\/klubmamgdynia.pl\/index.php\/wp-json\/wp\/v2\/product_tag?post=8659"}],"curies":[{"name":"wp","href":"https:\/\/api.w.org\/{rel}","templated":true}]}}