{"id":8661,"date":"2019-11-14T08:01:29","date_gmt":"2019-11-14T07:01:29","guid":{"rendered":"http:\/\/klubmamgdynia.pl\/index.php\/produkt\/piatnik-old-new\/"},"modified":"2026-04-04T00:49:02","modified_gmt":"2026-04-03T22:49:02","slug":"piatnik-old-new","status":"publish","type":"product","link":"http:\/\/klubmamgdynia.pl\/index.php\/produkt\/piatnik-old-new\/","title":{"rendered":"Piatnik Old &amp; New"},"content":{"rendered":"<p>Wiele wynalazk\u00f3w, z kt\u00f3rymi mamy na co dzie\u0144 do czynienia i kt\u00f3re u\u0142atwiaj\u0105 nam \u017cycie, przez lata, jakie up\u0142yn\u0119\u0142y od ich powstania, zmieni\u0142o sw\u00f3j wygl\u0105d. 27 takich przedmiot\u00f3w zosta\u0142o wybranych do tej gry. Por\u00f3wnuj\u0105c obrazki, przedstawiaj\u0105ce te same wynalazki w dawnej i obecnej postaci, mo\u017cemy zobaczy\u0107 niewiarygodny post\u0119p techniki.Gra \u0107wicz\u0105ca pami\u0119\u0107, kt\u00f3ra prowadzi do odleg\u0142ych czas\u00f3w i pokazuje jak zmienia\u0142 si\u0119 wygl\u0105d danych wynalazk\u00f3w. Dla 2-6 graczy od 8 lat. NAZWA OLD AND NEW PIATNIK PRODUCENT PIATNIK WIEK 8+ WYMIARY 160 X 160 X 57 MM EAN 9001890663291 Znajd\u017a podobne wed\u0142ug klucza: PIATNIK (381733)<\/p>\n<h2>Piatnik Old &amp; New Piatnik<\/h2>\n<p>prezent dla dziewczynki na roczek, samoch\u00f3d kolorowanka do druku, nietypowe atrakcje dla dzieci, ka\u0142u\u017cy\u015bci, zagadki rymowane, opis do zdj\u0119cia dziecka, adriana znaczenie imienia, zagadki o zwierzetach, konstancja imie, kolorowe listki, kolorowanki, wroc\u0142aw atrakcje dla dzieci, michalina, pokemony do druku, dawne ko\u0142ysanki teksty<\/p>\n<p>yyyyy<\/p>\n<p>&nbsp;<\/p>\n","protected":false},"excerpt":{"rendered":"<p>Wiele wynalazk\u00f3w, z kt\u00f3rymi mamy na co dzie\u0144 do czynienia i kt\u00f3re u\u0142atwiaj\u0105 nam \u017cycie, przez lata, jakie up\u0142yn\u0119\u0142y od ich powstania, zmieni\u0142o sw\u00f3j wygl\u0105d. 27 takich przedmiot\u00f3w zosta\u0142o wybranych do tej gry. Por\u00f3wnuj\u0105c obrazki, przedstawiaj\u0105ce te same wynalazki w dawnej i obecnej postaci, mo\u017cemy zobaczy\u0107 niewiarygodny post\u0119p techniki.Gra \u0107wicz\u0105ca pami\u0119\u0107, kt\u00f3ra prowadzi do odleg\u0142ych [&hellip;]<\/p>\n","protected":false},"featured_media":8662,"comment_status":"closed","ping_status":"open","template":"","meta":[],"product_cat":[130,225],"product_tag":[611,593,748,640,767],"class_list":["post-8661","product","type-product","status-publish","has-post-thumbnail","hentry","product_cat-gry-dzieciece","product_cat-piatnik","product_tag-bajki-do-czytania-psi-patrol","product_tag-jak-narysowac-konia","product_tag-okolice-wroclawia-atrakcje","product_tag-prezent-dla-rocznej-dziewczynki","product_tag-zaproszenia-urodzinowe-do-druku"],"_links":{"self":[{"href":"http:\/\/klubmamgdynia.pl\/index.php\/wp-json\/wp\/v2\/product\/8661","targetHints":{"allow":["GET"]}}],"collection":[{"href":"http:\/\/klubmamgdynia.pl\/index.php\/wp-json\/wp\/v2\/product"}],"about":[{"href":"http:\/\/klubmamgdynia.pl\/index.php\/wp-json\/wp\/v2\/types\/product"}],"replies":[{"embeddable":true,"href":"http:\/\/klubmamgdynia.pl\/index.php\/wp-json\/wp\/v2\/comments?post=8661"}],"wp:featuredmedia":[{"embeddable":true,"href":"http:\/\/klubmamgdynia.pl\/index.php\/wp-json\/wp\/v2\/media\/8662"}],"wp:attachment":[{"href":"http:\/\/klubmamgdynia.pl\/index.php\/wp-json\/wp\/v2\/media?parent=8661"}],"wp:term":[{"taxonomy":"product_cat","embeddable":true,"href":"http:\/\/klubmamgdynia.pl\/index.php\/wp-json\/wp\/v2\/product_cat?post=8661"},{"taxonomy":"product_tag","embeddable":true,"href":"http:\/\/klubmamgdynia.pl\/index.php\/wp-json\/wp\/v2\/product_tag?post=8661"}],"curies":[{"name":"wp","href":"https:\/\/api.w.org\/{rel}","templated":true}]}}