{"id":8667,"date":"2012-04-16T15:55:03","date_gmt":"2012-04-16T13:55:03","guid":{"rendered":"http:\/\/klubmamgdynia.pl\/index.php\/produkt\/spin-master-piasek-kinetyczny-kinetic-sand-male-opakowania-zielony\/"},"modified":"2026-04-20T17:03:17","modified_gmt":"2026-04-20T15:03:17","slug":"spin-master-piasek-kinetyczny-kinetic-sand-male-opakowania-zielony","status":"publish","type":"product","link":"http:\/\/klubmamgdynia.pl\/index.php\/produkt\/spin-master-piasek-kinetyczny-kinetic-sand-male-opakowania-zielony\/","title":{"rendered":"Spin Master Piasek Kinetyczny Kinetic Sand Ma\u0142e Opakowania Zielony"},"content":{"rendered":"<p>Piasek kinetyczny KINETIC SAND Ma\u0142e opakowaniaModeluj i zgniataj piasek kinetyczny! Piasek sprawia wra\u017cenie mokrego, ale nie brudzi d\u0142oni. Mo\u017cesz modelowa\u0107 dziwaczne kszta\u0142ty, rozci\u0105ga\u0107 go na wszystkie strony i da\u0107 si\u0119 ponie\u015b\u0107 wyobra\u017ani. \u015aciskaj, zgniataj, rozci\u0105gaj i przelewaj piasek mi\u0119dzy palcami zupe\u0142nie nie brudz\u0105c d\u0142oni! Piasek Kinetyczny pobudza dzieci\u0119c\u0105 kreatywno\u015b\u0107 &#8211; pozwala kszta\u0142towa\u0107 zdolno\u015bci manualne. Zabawa z piaskiem kinetycznym daje olbrzymi\u0105 rado\u015b\u0107 i frajd\u0119.Pude\u0142ko zawiera piasek kinetyczny w kolorze zielonym.od 3 lat<\/p>\n<h2>Spin Master Piasek Kinetyczny Kinetic Sand Ma\u0142e Opakowania Zielony Spin Master<\/h2>\n<p>proste origami dla dzieci, co na roczek dla dziewczynki, quiz o psie kt\u00f3ry je\u017adzi\u0142 kolej\u0105, cytat rodzina, zagadki wielkanocne przedszkole, na wyspach bergamutach, doros\u0142ych kolorowanki dziewczyny, pawe\u0142, prank na prima aprilis, ozdoby wielkanocne kt\u00f3re mog\u0105 zrobi\u0107 dzieci, marcel imi\u0119, quizy dla dzieci 10 lat, pozytywne cytaty mama cytaty, maski karnawa\u0142owe dla dzieci szablony, stare wiersze dla dzieci, agroturystyka dla dzieci ze zwierz\u0119tami, jak si\u0119 rysuje kota, wiosna zagadki, na wyspach bergamutach tekst, dzieci.pl<\/p>\n<p>yyyyy<\/p>\n<p>&nbsp;<\/p>\n","protected":false},"excerpt":{"rendered":"<p>Piasek kinetyczny KINETIC SAND Ma\u0142e opakowaniaModeluj i zgniataj piasek kinetyczny! Piasek sprawia wra\u017cenie mokrego, ale nie brudzi d\u0142oni. Mo\u017cesz modelowa\u0107 dziwaczne kszta\u0142ty, rozci\u0105ga\u0107 go na wszystkie strony i da\u0107 si\u0119 ponie\u015b\u0107 wyobra\u017ani. \u015aciskaj, zgniataj, rozci\u0105gaj i przelewaj piasek mi\u0119dzy palcami zupe\u0142nie nie brudz\u0105c d\u0142oni! Piasek Kinetyczny pobudza dzieci\u0119c\u0105 kreatywno\u015b\u0107 &#8211; pozwala kszta\u0142towa\u0107 zdolno\u015bci manualne. Zabawa [&hellip;]<\/p>\n","protected":false},"featured_media":8668,"comment_status":"closed","ping_status":"open","template":"","meta":[],"product_cat":[94,21],"product_tag":[622,673,643,771,849,712],"class_list":["post-8667","product","type-product","status-publish","has-post-thumbnail","hentry","product_cat-spin-master","product_cat-zabawki-plastyczne","product_tag-fajne-zagadki","product_tag-juz-blisko-koleda-tekst","product_tag-prezent-dla-17-latki","product_tag-stolice-europy-quiz","product_tag-zagadki-matematyczne-dla-dzieci","product_tag-zagadki-o-zwierzetach"],"_links":{"self":[{"href":"http:\/\/klubmamgdynia.pl\/index.php\/wp-json\/wp\/v2\/product\/8667","targetHints":{"allow":["GET"]}}],"collection":[{"href":"http:\/\/klubmamgdynia.pl\/index.php\/wp-json\/wp\/v2\/product"}],"about":[{"href":"http:\/\/klubmamgdynia.pl\/index.php\/wp-json\/wp\/v2\/types\/product"}],"replies":[{"embeddable":true,"href":"http:\/\/klubmamgdynia.pl\/index.php\/wp-json\/wp\/v2\/comments?post=8667"}],"wp:featuredmedia":[{"embeddable":true,"href":"http:\/\/klubmamgdynia.pl\/index.php\/wp-json\/wp\/v2\/media\/8668"}],"wp:attachment":[{"href":"http:\/\/klubmamgdynia.pl\/index.php\/wp-json\/wp\/v2\/media?parent=8667"}],"wp:term":[{"taxonomy":"product_cat","embeddable":true,"href":"http:\/\/klubmamgdynia.pl\/index.php\/wp-json\/wp\/v2\/product_cat?post=8667"},{"taxonomy":"product_tag","embeddable":true,"href":"http:\/\/klubmamgdynia.pl\/index.php\/wp-json\/wp\/v2\/product_tag?post=8667"}],"curies":[{"name":"wp","href":"https:\/\/api.w.org\/{rel}","templated":true}]}}