{"id":8669,"date":"2016-07-18T06:30:50","date_gmt":"2016-07-18T04:30:50","guid":{"rendered":"http:\/\/klubmamgdynia.pl\/index.php\/produkt\/spin-master-pojazd-z-figurka-rubble-psi-patrol\/"},"modified":"2026-04-29T08:23:45","modified_gmt":"2026-04-29T06:23:45","slug":"spin-master-pojazd-z-figurka-rubble-psi-patrol","status":"publish","type":"product","link":"http:\/\/klubmamgdynia.pl\/index.php\/produkt\/spin-master-pojazd-z-figurka-rubble-psi-patrol\/","title":{"rendered":"Spin Master Pojazd Z Figurk\u0105 Rubble Psi Patrol"},"content":{"rendered":"<p>Psi Patrol gotowy do akcji! Do\u0142\u0105cz do tej niezwyk\u0142ej dru\u017cyny i prze\u017cywaj niesamowite przygody. Posad\u017a psiaka za kierownic\u0105 (figurka w zestawie) i ruszaj nap\u0119dzony najprawdziwszymi ko\u0142ami. Wierne szczeg\u00f3\u0142y, mn\u00f3stwo detali sprawi, \u017ce poczujesz si\u0119 jak w bajce! Ka\u017cda figurka nosi charakterystyczny uniform. Wybierz swojego ulubionego pieska i ruszaj do akcji! Teraz dostepny takze pojazd Everest! Zestaw dla dzieci od 3 roku \u017cycia. od 3 lat<\/p>\n<h2>Spin Master Pojazd Z Figurk\u0105 Rubble Psi Patrol Spin Master<\/h2>\n<p>bajka do czytania na dobranoc, bajki do czytania psi patrol, sta\u0142a pod \u015bniegiem, imiona dla dzieci 2019, atrakcje dla nastolatk\u00f3w, my jeste\u015bmy krasnoludki tekst, spiderman do druku, wilga, quiz o hobbicie, quiz o bo\u017cym narodzeniu, mia\u0142a baba koguta tekst, regina<\/p>\n<p>yyyyy<\/p>\n<p>&nbsp;<\/p>\n","protected":false},"excerpt":{"rendered":"<p>Psi Patrol gotowy do akcji! Do\u0142\u0105cz do tej niezwyk\u0142ej dru\u017cyny i prze\u017cywaj niesamowite przygody. Posad\u017a psiaka za kierownic\u0105 (figurka w zestawie) i ruszaj nap\u0119dzony najprawdziwszymi ko\u0142ami. Wierne szczeg\u00f3\u0142y, mn\u00f3stwo detali sprawi, \u017ce poczujesz si\u0119 jak w bajce! Ka\u017cda figurka nosi charakterystyczny uniform. Wybierz swojego ulubionego pieska i ruszaj do akcji! Teraz dostepny takze pojazd Everest! [&hellip;]<\/p>\n","protected":false},"featured_media":8670,"comment_status":"closed","ping_status":"open","template":"","meta":[],"product_cat":[83,94],"product_tag":[765,681,811,600],"class_list":["post-8669","product","type-product","status-publish","has-post-thumbnail","hentry","product_cat-auta-i-inne-pojazdy-do-zabawy","product_cat-spin-master","product_tag-atrakcje-dla-dzieci-warszawa","product_tag-flagi-europy-quiz","product_tag-zagadki-logiczne-dla-dzieci","product_tag-zaproszenia-na-urodziny-do-druku"],"_links":{"self":[{"href":"http:\/\/klubmamgdynia.pl\/index.php\/wp-json\/wp\/v2\/product\/8669","targetHints":{"allow":["GET"]}}],"collection":[{"href":"http:\/\/klubmamgdynia.pl\/index.php\/wp-json\/wp\/v2\/product"}],"about":[{"href":"http:\/\/klubmamgdynia.pl\/index.php\/wp-json\/wp\/v2\/types\/product"}],"replies":[{"embeddable":true,"href":"http:\/\/klubmamgdynia.pl\/index.php\/wp-json\/wp\/v2\/comments?post=8669"}],"wp:featuredmedia":[{"embeddable":true,"href":"http:\/\/klubmamgdynia.pl\/index.php\/wp-json\/wp\/v2\/media\/8670"}],"wp:attachment":[{"href":"http:\/\/klubmamgdynia.pl\/index.php\/wp-json\/wp\/v2\/media?parent=8669"}],"wp:term":[{"taxonomy":"product_cat","embeddable":true,"href":"http:\/\/klubmamgdynia.pl\/index.php\/wp-json\/wp\/v2\/product_cat?post=8669"},{"taxonomy":"product_tag","embeddable":true,"href":"http:\/\/klubmamgdynia.pl\/index.php\/wp-json\/wp\/v2\/product_tag?post=8669"}],"curies":[{"name":"wp","href":"https:\/\/api.w.org\/{rel}","templated":true}]}}