{"id":8673,"date":"2017-05-13T17:39:54","date_gmt":"2017-05-13T15:39:54","guid":{"rendered":"http:\/\/klubmamgdynia.pl\/index.php\/produkt\/zeszyt-papkolorsamoprzb4-8k-strz-p25-majewski\/"},"modified":"2026-04-17T06:35:21","modified_gmt":"2026-04-17T04:35:21","slug":"zeszyt-papkolorsamoprzb4-8k-strz-p25-majewski","status":"publish","type":"product","link":"http:\/\/klubmamgdynia.pl\/index.php\/produkt\/zeszyt-papkolorsamoprzb4-8k-strz-p25-majewski\/","title":{"rendered":"Zeszyt Papkolorsamoprzb4 8K Strz P25 Majewski"},"content":{"rendered":"<p>Zeszyt zawiera 8 kolorowych samoprzylepnych kartek o gramaturze 80 g\/m2 z podk\u0142adem o gramaturze 80 g\/m2. Zestaw kolor\u00f3w to z\u0142oty, \u017c\u00f3\u0142ty, r\u00f3\u017cowy, czerwony, zielony, b\u0142\u0119kitny, br\u0105zowy i czarny. Ok\u0142adka kredowa o gramaturze 115g\/m2 wykorzystuje najnowsze motywy wzornicze UNIPAP. Dla podkre\u015blenia, jako\u015bci wyko\u0144czenia ok\u0142adka jest dodatkowo nab\u0142yszczana.<\/p>\n<h2>Zeszyt Papkolorsamoprzb4 8K Strz P25 Majewski <\/h2>\n<p>gry dla nastolatk\u00f3w, smieszne zagadki, list do miko\u0142aja wz\u00f3r pdf, papuga kolorowanka, quizy dla dzieci, cytaty o przyjazni, test z tajemniczego ogrodu, zagadki dla 4 latka do druku, jazda konna dla dzieci, kolorowanka \u015bwinka peppa, test z lektury opowie\u015bci z narnii lew czarownica i stara szafa z odpowiedziami, proste \u017carty na prima aprilis, zagadki o zawodach<\/p>\n<p>yyyyy<\/p>\n<p>&nbsp;<\/p>\n","protected":false},"excerpt":{"rendered":"<p>Zeszyt zawiera 8 kolorowych samoprzylepnych kartek o gramaturze 80 g\/m2 z podk\u0142adem o gramaturze 80 g\/m2. Zestaw kolor\u00f3w to z\u0142oty, \u017c\u00f3\u0142ty, r\u00f3\u017cowy, czerwony, zielony, b\u0142\u0119kitny, br\u0105zowy i czarny. Ok\u0142adka kredowa o gramaturze 115g\/m2 wykorzystuje najnowsze motywy wzornicze UNIPAP. Dla podkre\u015blenia, jako\u015bci wyko\u0144czenia ok\u0142adka jest dodatkowo nab\u0142yszczana. Zeszyt Papkolorsamoprzb4 8K Strz P25 Majewski gry dla nastolatk\u00f3w, [&hellip;]<\/p>\n","protected":false},"featured_media":8674,"comment_status":"closed","ping_status":"open","template":"","meta":[],"product_cat":[325],"product_tag":[700,589,651,738],"class_list":["post-8673","product","type-product","status-publish","has-post-thumbnail","hentry","product_cat-szkolne-artykuly-papiernicze","product_tag-bajki-do-czytania-dla-dzieci","product_tag-prezent-dla-rocznego-dziecka","product_tag-quizy-online","product_tag-wroclaw-dla-dzieci"],"_links":{"self":[{"href":"http:\/\/klubmamgdynia.pl\/index.php\/wp-json\/wp\/v2\/product\/8673","targetHints":{"allow":["GET"]}}],"collection":[{"href":"http:\/\/klubmamgdynia.pl\/index.php\/wp-json\/wp\/v2\/product"}],"about":[{"href":"http:\/\/klubmamgdynia.pl\/index.php\/wp-json\/wp\/v2\/types\/product"}],"replies":[{"embeddable":true,"href":"http:\/\/klubmamgdynia.pl\/index.php\/wp-json\/wp\/v2\/comments?post=8673"}],"wp:featuredmedia":[{"embeddable":true,"href":"http:\/\/klubmamgdynia.pl\/index.php\/wp-json\/wp\/v2\/media\/8674"}],"wp:attachment":[{"href":"http:\/\/klubmamgdynia.pl\/index.php\/wp-json\/wp\/v2\/media?parent=8673"}],"wp:term":[{"taxonomy":"product_cat","embeddable":true,"href":"http:\/\/klubmamgdynia.pl\/index.php\/wp-json\/wp\/v2\/product_cat?post=8673"},{"taxonomy":"product_tag","embeddable":true,"href":"http:\/\/klubmamgdynia.pl\/index.php\/wp-json\/wp\/v2\/product_tag?post=8673"}],"curies":[{"name":"wp","href":"https:\/\/api.w.org\/{rel}","templated":true}]}}