{"id":8677,"date":"2019-05-25T02:59:18","date_gmt":"2019-05-25T00:59:18","guid":{"rendered":"http:\/\/klubmamgdynia.pl\/index.php\/produkt\/protect-home-rodicum-extra-pasta-trutka-na-szczury-i-nornice-200g-20x10-g\/"},"modified":"2026-04-26T10:34:04","modified_gmt":"2026-04-26T08:34:04","slug":"protect-home-rodicum-extra-pasta-trutka-na-szczury-i-nornice-200g-20x10-g","status":"publish","type":"product","link":"http:\/\/klubmamgdynia.pl\/index.php\/produkt\/protect-home-rodicum-extra-pasta-trutka-na-szczury-i-nornice-200g-20x10-g\/","title":{"rendered":"Protect Home Rodicum Extra Pasta Trutka Na Szczury I Nornice 200G (20X10 G)"},"content":{"rendered":"<p>\u015arodek w postaci przyn\u0119ty gotowej do u\u017cycia (w saszetkach) do zwalczania nornic wok\u00f3\u0142 budynk\u00f3w i szczur\u00f3w wewn\u0105trz i wok\u00f3\u0142 budynk\u00f3w. Rodicum Extra jest niesamowicie skutecznym preparatem! unikatowa kompozycja t\u0142uszczy i w\u0119glowodan\u00f3w skutecznie wabi wszystkie osobniki ilo\u015b\u0107 substancji czynnej dostosowana do nowych wymog\u00f3w UE formulacja dost\u0119pna tylko w SBM brak odporno\u015bci na substancj\u0119 czynn\u0105 zawiera Bitrex zniech\u0119caj\u0105cy do przypadkowego spo\u017cycia 100% skuteczno\u015b\u0107 w zwalczaniu gryzoni potwierdzona badaniami laboratoryjnymi Spos\u00f3b u\u017cycia Wystarczy wy\u0142o\u017cenie saszetek z trutk\u0105 do stacji deratyzacyjnych Nale\u017cy prowadzi\u0107 regularne inspekcje stacji deratyzacyjnych (przynajmniej co 5-7 dni na pocz\u0105tku okresu zwalczania gryzoni, a w p\u00f3\u017aniejszym okresie przynajmniej raz w tygodniu) w celu: okre\u015blenia skuteczno\u015bci produktu, oceny stanu stacji deratyzacyjnych oraz usuni\u0119cia pad\u0142ych gryzoni. Nale\u017cy uzupe\u0142nia\u0107 przyn\u0119t\u0119 zjedzon\u0105 przez gryzonie. Przed rozpocz\u0119ciem zabiegu nale\u017cy usun\u0105\u0107 inne potencjalne \u017ar\u00f3d\u0142a pokarmu dla gryzoni (np. rozsypane ziarno lub pozosta\u0142o\u015bci \u017cywno\u015bci) Stacje deratyzacyjne powinny by\u0107 umieszczane w bezpo\u015brednim s\u0105siedztwie obszar\u00f3w, w kt\u00f3rych zaobserwowano aktywno\u015b\u0107 gryzoni (np. \u015bcie\u017cki, miejsca gniazdowania, miejsca karmienia zwierz\u0105t hodowlanych, otwory, nory itp.) Tam gdzie jest to mo\u017cliwe, stacje deratyzacyjne nale\u017cy przytwierdzi\u0107 do pod\u0142o\u017ca lub innych struktur Przyn\u0119ty nie nale\u017cy wyjmowa\u0107 z saszetek Stacje deratyzacyjne nale\u017cy umieszcza\u0107 w miejscach niedost\u0119pnych dla dzieci, ptak\u00f3w, zwierz\u0105t domowych, zwierz\u0105t hodowlanych i zwierz\u0105t innych ni\u017c docelowe Stacje deratyzacyjne nale\u017cy umieszcza\u0107 z dala od \u017cywno\u015bci, napoj\u00f3w i pasz dla zwierz\u0105t oraz z dala od przybor\u00f3w kuchennych i powierzchni maj\u0105cych z nimi kontakt Nie umieszcza\u0107 stacji deratyzacyjnych w pobli\u017cu miejsc, w kt\u00f3rych mog\u0105 mie\u0107 one kontakt z wodami powierzchniowymi Dawkowanie Zwalczanie szczur\u00f3w: 200 g przyn\u0119ty na stacj\u0119 deratyzacyjn\u0105. Je\u015bli wymagana jest wi\u0119cej ni\u017c jedna stacja deratyzacyjna, minimalna odleg\u0142o\u015b\u0107 pomi\u0119dzy stacjami powinna wynosi\u0107 5-20 m. Stacje deratyzacyjne rozmieszcza\u0107 w miejscach zabezpieczonych przed zalaniem. Wymienia\u0107 ka\u017cd\u0105 przyn\u0119t\u0119 uszkodzon\u0105 przez wod\u0119 lub zanieczyszczon\u0105. Zwalczanie nornic: 20 g przyn\u0119ty na pu\u0142apk\u0119. Je\u015bli wymagana jest wi\u0119cej ni\u017c jedna stacja deratyzacyjna, minimalna odleg\u0142o\u015b\u0107 pomi\u0119dzy stacjami powinna wynosi\u0107 5 m. W ci\u0105gu 10 dni nale\u017cy wykona\u0107 1-3 zabieg\u00f3w. Produkt\u00f3w biob\u00f3jczych nale\u017cy u\u017cywa\u0107 z zachowaniem \u015brodk\u00f3w ostro\u017cno\u015bci. Przed ka\u017cdym u\u017cyciem nale\u017cy przeczyta\u0107 etykiet\u0119 i informacje dotycz\u0105ce produktu. Sprawd\u017a tak\u017ce inne produkty zwalczaj\u0105ce gryzonie <div class=\"woocommerce \"><\/div><\/p>\n<h2>Protect Home Rodicum Extra Pasta Trutka Na Szczury I Nornice 200G (20X10 G) Bayer<\/h2>\n<p>lol surprise kolorowanki, rysowanie po \u015bladzie pdf, kolorowanki lato, sara, atrakcje dla dzieci mazowieckie, bursztynek bursztynek, domowe syropy na zim\u0119, zagadki matematyczne, kolorowanki z bajek<\/p>\n<p>yyyyy<\/p>\n<p>&nbsp;<\/p>\n","protected":false},"excerpt":{"rendered":"<p>\u015arodek w postaci przyn\u0119ty gotowej do u\u017cycia (w saszetkach) do zwalczania nornic wok\u00f3\u0142 budynk\u00f3w i szczur\u00f3w wewn\u0105trz i wok\u00f3\u0142 budynk\u00f3w. Rodicum Extra jest niesamowicie skutecznym preparatem! unikatowa kompozycja t\u0142uszczy i w\u0119glowodan\u00f3w skutecznie wabi wszystkie osobniki ilo\u015b\u0107 substancji czynnej dostosowana do nowych wymog\u00f3w UE formulacja dost\u0119pna tylko w SBM brak odporno\u015bci na substancj\u0119 czynn\u0105 zawiera Bitrex [&hellip;]<\/p>\n","protected":false},"featured_media":8678,"comment_status":"closed","ping_status":"open","template":"","meta":[],"product_cat":[1163,313],"product_tag":[626,847,798,701],"class_list":["post-8677","product","type-product","status-publish","has-post-thumbnail","hentry","product_cat-bayer","product_cat-zwalczanie-i-odstraszanie-szkodnikow","product_tag-jacek","product_tag-kolorowanki-pokemon","product_tag-prezenty-dla-nastolatki","product_tag-zgadywanki-dla-dzieci"],"_links":{"self":[{"href":"http:\/\/klubmamgdynia.pl\/index.php\/wp-json\/wp\/v2\/product\/8677","targetHints":{"allow":["GET"]}}],"collection":[{"href":"http:\/\/klubmamgdynia.pl\/index.php\/wp-json\/wp\/v2\/product"}],"about":[{"href":"http:\/\/klubmamgdynia.pl\/index.php\/wp-json\/wp\/v2\/types\/product"}],"replies":[{"embeddable":true,"href":"http:\/\/klubmamgdynia.pl\/index.php\/wp-json\/wp\/v2\/comments?post=8677"}],"wp:featuredmedia":[{"embeddable":true,"href":"http:\/\/klubmamgdynia.pl\/index.php\/wp-json\/wp\/v2\/media\/8678"}],"wp:attachment":[{"href":"http:\/\/klubmamgdynia.pl\/index.php\/wp-json\/wp\/v2\/media?parent=8677"}],"wp:term":[{"taxonomy":"product_cat","embeddable":true,"href":"http:\/\/klubmamgdynia.pl\/index.php\/wp-json\/wp\/v2\/product_cat?post=8677"},{"taxonomy":"product_tag","embeddable":true,"href":"http:\/\/klubmamgdynia.pl\/index.php\/wp-json\/wp\/v2\/product_tag?post=8677"}],"curies":[{"name":"wp","href":"https:\/\/api.w.org\/{rel}","templated":true}]}}