{"id":8679,"date":"2025-04-15T06:44:59","date_gmt":"2025-04-15T04:44:59","guid":{"rendered":"http:\/\/klubmamgdynia.pl\/?post_type=product&#038;p=8679"},"modified":"2026-04-05T23:43:10","modified_gmt":"2026-04-05T21:43:10","slug":"swede-telefon-do-ciagniecia","status":"publish","type":"product","link":"http:\/\/klubmamgdynia.pl\/index.php\/produkt\/swede-telefon-do-ciagniecia\/","title":{"rendered":"Swede Telefon do ci\u0105gni\u0119cia"},"content":{"rendered":"<p>PROMOCJA &#8211; TANIA DOSTAWA ! &#8211; swede Telefon do ci\u0105gni\u0119cia G1467 15501 &#8211; PACZKOMAT, POCZTA, KURIER<\/p>\n<h2>Swede Telefon do ci\u0105gni\u0119cia Swede<\/h2>\n<p>bajki terapeutyczne o emocjach, pa\u0144stwa europy i ich stolice quiz, zagadki dla dzieci 4-5 lat online, quiz o koniach, do druku dla dzieci, \u015bmieszne zagadki matematyczne, stare piosenki, kolorowanki pikachu, cytaty na dzie\u0144 edukacji narodowej, quiz flagi europy, spiderman do druku, pia, kolorowanki lato, wierszyk o choince, kolorowanki zwierz\u0119ta, jak namalowa\u0107 kota, najlepsze pranki na prima aprilis<\/p>\n<p>yyyyy<\/p>\n<p>&nbsp;<\/p>\n","protected":false},"excerpt":{"rendered":"<p>PROMOCJA &#8211; TANIA DOSTAWA ! &#8211; swede Telefon do ci\u0105gni\u0119cia G1467 15501 &#8211; PACZKOMAT, POCZTA, KURIER Swede Telefon do ci\u0105gni\u0119cia Swede bajki terapeutyczne o emocjach, pa\u0144stwa europy i ich stolice quiz, zagadki dla dzieci 4-5 lat online, quiz o koniach, do druku dla dzieci, \u015bmieszne zagadki matematyczne, stare piosenki, kolorowanki pikachu, cytaty na dzie\u0144 edukacji [&hellip;]<\/p>\n","protected":false},"featured_media":8680,"comment_status":"closed","ping_status":"open","template":"","meta":[],"product_cat":[295,171],"product_tag":[859,645,762],"class_list":["post-8679","product","type-product","status-publish","has-post-thumbnail","hentry","product_cat-pozostale-zabawki","product_cat-swede","product_tag-dobranoc-pchly-na-noc","product_tag-latwe-zagadki","product_tag-trudne-zagadki-dla-dzieci"],"_links":{"self":[{"href":"http:\/\/klubmamgdynia.pl\/index.php\/wp-json\/wp\/v2\/product\/8679","targetHints":{"allow":["GET"]}}],"collection":[{"href":"http:\/\/klubmamgdynia.pl\/index.php\/wp-json\/wp\/v2\/product"}],"about":[{"href":"http:\/\/klubmamgdynia.pl\/index.php\/wp-json\/wp\/v2\/types\/product"}],"replies":[{"embeddable":true,"href":"http:\/\/klubmamgdynia.pl\/index.php\/wp-json\/wp\/v2\/comments?post=8679"}],"wp:featuredmedia":[{"embeddable":true,"href":"http:\/\/klubmamgdynia.pl\/index.php\/wp-json\/wp\/v2\/media\/8680"}],"wp:attachment":[{"href":"http:\/\/klubmamgdynia.pl\/index.php\/wp-json\/wp\/v2\/media?parent=8679"}],"wp:term":[{"taxonomy":"product_cat","embeddable":true,"href":"http:\/\/klubmamgdynia.pl\/index.php\/wp-json\/wp\/v2\/product_cat?post=8679"},{"taxonomy":"product_tag","embeddable":true,"href":"http:\/\/klubmamgdynia.pl\/index.php\/wp-json\/wp\/v2\/product_tag?post=8679"}],"curies":[{"name":"wp","href":"https:\/\/api.w.org\/{rel}","templated":true}]}}