{"id":868,"date":"2018-11-18T17:26:37","date_gmt":"2018-11-18T16:26:37","guid":{"rendered":"http:\/\/klubmamgdynia.pl\/index.php\/produkt\/lol-surprise-butelka-aluminiowa-400-ml\/"},"modified":"2026-04-28T21:02:43","modified_gmt":"2026-04-28T19:02:43","slug":"lol-surprise-butelka-aluminiowa-400-ml","status":"publish","type":"product","link":"http:\/\/klubmamgdynia.pl\/index.php\/produkt\/lol-surprise-butelka-aluminiowa-400-ml\/","title":{"rendered":"LOL Surprise Butelka aluminiowa (400 ml)"},"content":{"rendered":"<p>Bidon eco aluminiowy 400ml LOL SURPRISE L.O.L.                            <\/p>\n<p>Bidon BPA FREE eco aluminiowy 400ml<\/p>\n<p>Aluminiowy bidon dla dzieci z licencj\u0105<\/p>\n<p>Wykonany z wysokiej jako\u015bci aluminium dla Twojego dziecka z grafik\u0105 ze znanej i uwielbianej przez dzieci gry ,bajki.<\/p>\n<p>Produkt w 100% licencjonowany tzn oryginalny.<\/p>\n<p>Bidon posiada du\u017cy otw\u00f3r u\u0142atwia nape\u0142nienie i mycie, pokrywa pozwala utrzyma\u0107 ustnik w czysto\u015bci.<\/p>\n<p>Gad\u017cet w skr\u00f3cie:<\/p>\n<p>idealny na prezent wysoko\u015b\u0107 z pokryw\u0105 16 cm pojemno\u015b\u0107 400 ml my\u0107 tylko r\u0119cznie nie u\u017cywa\u0107 w mikrofal\u00f3wce nie my\u0107 w zmywarce BPA FREE &#8211; wolny od bisphenolu eco 100% recykling<\/p>\n<p>my\u0107 tylko r\u0119cznie nie u\u017cywa\u0107 w mikrofal\u00f3wce nie my\u0107 w zmywarce<\/p>\n<h2>LOL Surprise Butelka aluminiowa (400 ml) LOL Surprise<\/h2>\n<p>rysunki dla pocz\u0105tkuj\u0105cych, na wyspach bergamutach, zagadki dla dzieci 9-10 lat z odpowiedziami, zemsta quizy, my little pony kolorowanki, prezent na roczek dla ch\u0142opca, zagadki wielkanocne przedszkole, kolorowanki do druku dla dziewczyn<\/p>\n<p>yyyyy<\/p>\n<p>&nbsp;<\/p>\n","protected":false},"excerpt":{"rendered":"<p>Bidon eco aluminiowy 400ml LOL SURPRISE L.O.L. Bidon BPA FREE eco aluminiowy 400ml Aluminiowy bidon dla dzieci z licencj\u0105 Wykonany z wysokiej jako\u015bci aluminium dla Twojego dziecka z grafik\u0105 ze znanej i uwielbianej przez dzieci gry ,bajki. Produkt w 100% licencjonowany tzn oryginalny. Bidon posiada du\u017cy otw\u00f3r u\u0142atwia nape\u0142nienie i mycie, pokrywa pozwala utrzyma\u0107 ustnik [&hellip;]<\/p>\n","protected":false},"featured_media":869,"comment_status":"closed","ping_status":"open","template":"","meta":[],"product_cat":[294,295],"product_tag":[587,592,634],"class_list":["post-868","product","type-product","status-publish","has-post-thumbnail","hentry","product_cat-lol-surprise","product_cat-pozostale-zabawki","product_tag-skalne-miasto","product_tag-zagadki-dla-dzieci","product_tag-zagadki-wielkanocne-dla-dzieci"],"_links":{"self":[{"href":"http:\/\/klubmamgdynia.pl\/index.php\/wp-json\/wp\/v2\/product\/868","targetHints":{"allow":["GET"]}}],"collection":[{"href":"http:\/\/klubmamgdynia.pl\/index.php\/wp-json\/wp\/v2\/product"}],"about":[{"href":"http:\/\/klubmamgdynia.pl\/index.php\/wp-json\/wp\/v2\/types\/product"}],"replies":[{"embeddable":true,"href":"http:\/\/klubmamgdynia.pl\/index.php\/wp-json\/wp\/v2\/comments?post=868"}],"wp:featuredmedia":[{"embeddable":true,"href":"http:\/\/klubmamgdynia.pl\/index.php\/wp-json\/wp\/v2\/media\/869"}],"wp:attachment":[{"href":"http:\/\/klubmamgdynia.pl\/index.php\/wp-json\/wp\/v2\/media?parent=868"}],"wp:term":[{"taxonomy":"product_cat","embeddable":true,"href":"http:\/\/klubmamgdynia.pl\/index.php\/wp-json\/wp\/v2\/product_cat?post=868"},{"taxonomy":"product_tag","embeddable":true,"href":"http:\/\/klubmamgdynia.pl\/index.php\/wp-json\/wp\/v2\/product_tag?post=868"}],"curies":[{"name":"wp","href":"https:\/\/api.w.org\/{rel}","templated":true}]}}