{"id":8683,"date":"2010-12-10T02:03:01","date_gmt":"2010-12-10T01:03:01","guid":{"rendered":"http:\/\/klubmamgdynia.pl\/index.php\/produkt\/alina-of-the-arena-digital\/"},"modified":"2026-04-30T01:46:51","modified_gmt":"2026-04-29T23:46:51","slug":"alina-of-the-arena-digital","status":"publish","type":"product","link":"http:\/\/klubmamgdynia.pl\/index.php\/produkt\/alina-of-the-arena-digital\/","title":{"rendered":"Alina of the Arena (Digital)"},"content":{"rendered":"<p>Alina of the Arena is a roguelite deckbuilding tactics game that combines elements from Slay the Spire and Into the Breach.Play as a gladiator that must fight for a bloodthirsty crowd to survive. With roguelite deckbuilding and hex-based tactics, players are no longer bound by simple attack and defense. Make use of dodges and knockbacks to stay alive!Key featuresDynamic Deckbuilding &#8211; Pick up dozens of cards, keep the ones you need, and craft a unique deck as you fight your way through randomized levels that present a different challenge each run!Hex-based Tactics &#8211; Unlike traditional deckbuilders that focus on attack and defense, the tactics element adds a dimension of positioning. Dupe your enemies into attacking each other, or use the terrain to gain an upper hand.Dual Equipment System &#8211; Carry equipment in both hands to enhance your cards! You can dual wield daggers for extra damage, go with a sword &amp; shield combo for rounded performance, or wreak havoc with a two-handed weapon. Figure out the best combination for each fight!<\/p>\n<h2>Alina of the Arena (Digital) Steam<\/h2>\n<p>karnawa\u0142 maska karnawa\u0142owa szablon, zrobi\u0107 laurk\u0119 laurka dla babci, michalina, milena imie, dziewczynka z parku pytania i odpowiedzi, kolorowanka lody, trudne zagadki logiczne z odpowiedziami, zagadki logiczne z odpowiedziami, bajka do czytania na dobranoc<\/p>\n<p>yyyyy<\/p>\n<p>&nbsp;<\/p>\n","protected":false},"excerpt":{"rendered":"<p>Alina of the Arena is a roguelite deckbuilding tactics game that combines elements from Slay the Spire and Into the Breach.Play as a gladiator that must fight for a bloodthirsty crowd to survive. With roguelite deckbuilding and hex-based tactics, players are no longer bound by simple attack and defense. Make use of dodges and knockbacks [&hellip;]<\/p>\n","protected":false},"featured_media":8684,"comment_status":"closed","ping_status":"open","template":"","meta":[],"product_cat":[352,361],"product_tag":[728,865,690,870,693,796],"class_list":["post-8683","product","type-product","status-publish","has-post-thumbnail","hentry","product_cat-gry-do-pobrania-na-pc","product_cat-steam","product_tag-bezwarunkowa-milosc-do-dziecka-cytaty","product_tag-cytaty-o-dzieciach","product_tag-pieski-male-dwa-tekst","product_tag-prezent-dla-chlopca-na-roczek","product_tag-zagadki-dla-doroslych","product_tag-zagatki"],"_links":{"self":[{"href":"http:\/\/klubmamgdynia.pl\/index.php\/wp-json\/wp\/v2\/product\/8683","targetHints":{"allow":["GET"]}}],"collection":[{"href":"http:\/\/klubmamgdynia.pl\/index.php\/wp-json\/wp\/v2\/product"}],"about":[{"href":"http:\/\/klubmamgdynia.pl\/index.php\/wp-json\/wp\/v2\/types\/product"}],"replies":[{"embeddable":true,"href":"http:\/\/klubmamgdynia.pl\/index.php\/wp-json\/wp\/v2\/comments?post=8683"}],"wp:featuredmedia":[{"embeddable":true,"href":"http:\/\/klubmamgdynia.pl\/index.php\/wp-json\/wp\/v2\/media\/8684"}],"wp:attachment":[{"href":"http:\/\/klubmamgdynia.pl\/index.php\/wp-json\/wp\/v2\/media?parent=8683"}],"wp:term":[{"taxonomy":"product_cat","embeddable":true,"href":"http:\/\/klubmamgdynia.pl\/index.php\/wp-json\/wp\/v2\/product_cat?post=8683"},{"taxonomy":"product_tag","embeddable":true,"href":"http:\/\/klubmamgdynia.pl\/index.php\/wp-json\/wp\/v2\/product_tag?post=8683"}],"curies":[{"name":"wp","href":"https:\/\/api.w.org\/{rel}","templated":true}]}}