{"id":8687,"date":"2020-07-25T06:11:04","date_gmt":"2020-07-25T04:11:04","guid":{"rendered":"http:\/\/klubmamgdynia.pl\/index.php\/produkt\/mam-zestaw-butelek-5-czesciowy-rozowy\/"},"modified":"2026-04-06T00:50:20","modified_gmt":"2026-04-05T22:50:20","slug":"mam-zestaw-butelek-5-czesciowy-rozowy","status":"publish","type":"product","link":"http:\/\/klubmamgdynia.pl\/index.php\/produkt\/mam-zestaw-butelek-5-czesciowy-rozowy\/","title":{"rendered":"Mam Zestaw Butelek 5-Cz\u0119\u015bciowy R\u00f3\u017cowy"},"content":{"rendered":"<p>MAM Nagroda bezpiecze\u0144stwa EU Product Safety Award Easy Start Anti-Colic Zestaw MAM Welcome to the world to idealny zestaw podarunkowy, kt\u00f3ry pozwoli Ci powiedzie\u0107: Witaj na \u015bwiecie! Zawiera wszystko, czego rodzice i dzieci potrzebuj\u0105 dla idealnego startu w pierwszych tygodniach w \u017cycia maluszka. MAM Anti-Colic z innowacyjnym zaworem Anti-Colic zapewnia r\u00f3wnomierny przep\u0142yw. Otwory wentylacyjne reguluj\u0105 wyr\u00f3wnanie ci\u015bnienia. Dzi\u0119ki temu nap\u00f3j przep\u0142ywa ca\u0142kowicie r\u00f3wnomiernie \u2013 bez p\u0119cherzyk\u00f3w powietrza oraz bez spieniania. Niemowl\u0119ta po\u0142ykaj\u0105 mniej powietrza i mog\u0105 pi\u0107 spokojniej. Sterylizacja: MAM Anti-Colic mo\u017cna szybko i bezpiecznie wysterylizowa\u0107 w kuchence mikrofalowej w 3 prostych krokach \u2014 bez osobnego urz\u0105dzenia do sterylizacji. Niezwykle ma\u0142a i lekka konstrukcja MAM Start jest specjalnie zaprojektowana dla wcze\u015bniak\u00f3w i noworodk\u00f3w. Ortodontyczne, symetryczne wykonanie ze specjalnego materia\u0142u sprawia, \u017ce smoczek MAM\u00ae jest delikatny, antypo\u015blizgowy, jest \u0142atwy w ssaniu. Pasek do smoczka z klipsem MAM utrzymuje smoczek w czysto\u015bci. Dzi\u0119ki inteligentnej konstrukcji mo\u017cna go obs\u0142ugiwa\u0107 jedn\u0105 r\u0119k\u0105 i \u0142atwo przymocowa\u0107 do odzie\u017cy. Elastyczny plastikowy pier\u015bcie\u0144 pasuje do wszystkich smoczk\u00f3w MAM. Wysokiej jako\u015bci opakowanie zestawu MAM Welcome to the World mo\u017cna wype\u0142ni\u0107 imieniem obdarowanego maluszka. Butelki s\u0105 zgodne z rozporz\u0105dzeniem (UE) nr 321\/2011. MAM Anti-Colic jest zgodny z europejsk\u0105 norm\u0105 EN 14350, MAM Start z europejsk\u0105 norm\u0105 EN 1400, a MAM Clip z europejsk\u0105 norm\u0105 EN 12586. Wszystkie produkty MAM s\u0105 wykonane z materia\u0142u wolnego od BPA i BPS. Szczeg\u00f3\u0142y produktu: Materia\u0142: tworzywo sztuczne Bez BPA\/BPS Wiek: od 0 miesi\u0119cy Zakres zestawu: 1 x Butelka MAM Anti-Colic 260 ml 2 x Butelka MAM Anti-Colic 160 ml 1 x smoczek start MAM 1 x klips MAM Uwaga: przyk\u0142adowe zdj\u0119cia \u2013 kolory i motywy mog\u0105 si\u0119 r\u00f3\u017cni\u0107. Brak mo\u017cliwo\u015bci wyboru!<\/p>\n<h2>Mam Zestaw Butelek 5-Cz\u0119\u015bciowy R\u00f3\u017cowy MAM<\/h2>\n<p>niezapomniany prezent na roczek, miriam imi\u0119, kamila, zabawy urodzinowe dla dzieci, zagadki rymowanki dla dzieci, tr\u00f3jmiasto atrakcje dla dzieci, cytaty rodzina, konkurencje sportowe dla dzieci, na roczek, imie nadia, wzory dyplom\u00f3w do pobrania, opis na dzie\u0144 mamy, zabawy dla 5-6 latk\u00f3w, wiersze \u0142ama\u0144ce j\u0119zykowe dla dzieci, zagadki, prezent roczek<\/p>\n<p>yyyyy<\/p>\n<p>&nbsp;<\/p>\n","protected":false},"excerpt":{"rendered":"<p>MAM Nagroda bezpiecze\u0144stwa EU Product Safety Award Easy Start Anti-Colic Zestaw MAM Welcome to the world to idealny zestaw podarunkowy, kt\u00f3ry pozwoli Ci powiedzie\u0107: Witaj na \u015bwiecie! Zawiera wszystko, czego rodzice i dzieci potrzebuj\u0105 dla idealnego startu w pierwszych tygodniach w \u017cycia maluszka. MAM Anti-Colic z innowacyjnym zaworem Anti-Colic zapewnia r\u00f3wnomierny przep\u0142yw. Otwory wentylacyjne reguluj\u0105 [&hellip;]<\/p>\n","protected":false},"featured_media":8688,"comment_status":"closed","ping_status":"open","template":"","meta":[],"product_cat":[195,233],"product_tag":[656,866,735,803,773,796],"class_list":["post-8687","product","type-product","status-publish","has-post-thumbnail","hentry","product_cat-butelki","product_cat-mam","product_tag-kolorowanki-lol","product_tag-opis-do-zdjecia-dziecka-na-fb","product_tag-prezent-na-roczek-dziewczynka","product_tag-szlaczki-do-druku","product_tag-test-z-lektury-opowiesci-z-narnii-lew-czarownica-i-stara-szafa","product_tag-zagatki"],"_links":{"self":[{"href":"http:\/\/klubmamgdynia.pl\/index.php\/wp-json\/wp\/v2\/product\/8687","targetHints":{"allow":["GET"]}}],"collection":[{"href":"http:\/\/klubmamgdynia.pl\/index.php\/wp-json\/wp\/v2\/product"}],"about":[{"href":"http:\/\/klubmamgdynia.pl\/index.php\/wp-json\/wp\/v2\/types\/product"}],"replies":[{"embeddable":true,"href":"http:\/\/klubmamgdynia.pl\/index.php\/wp-json\/wp\/v2\/comments?post=8687"}],"wp:featuredmedia":[{"embeddable":true,"href":"http:\/\/klubmamgdynia.pl\/index.php\/wp-json\/wp\/v2\/media\/8688"}],"wp:attachment":[{"href":"http:\/\/klubmamgdynia.pl\/index.php\/wp-json\/wp\/v2\/media?parent=8687"}],"wp:term":[{"taxonomy":"product_cat","embeddable":true,"href":"http:\/\/klubmamgdynia.pl\/index.php\/wp-json\/wp\/v2\/product_cat?post=8687"},{"taxonomy":"product_tag","embeddable":true,"href":"http:\/\/klubmamgdynia.pl\/index.php\/wp-json\/wp\/v2\/product_tag?post=8687"}],"curies":[{"name":"wp","href":"https:\/\/api.w.org\/{rel}","templated":true}]}}