{"id":8689,"date":"2023-04-13T09:02:17","date_gmt":"2023-04-13T07:02:17","guid":{"rendered":"http:\/\/klubmamgdynia.pl\/?post_type=product&#038;p=8689"},"modified":"2026-05-17T22:12:22","modified_gmt":"2026-05-17T20:12:22","slug":"papo-lwica-biala-z-mlodym","status":"publish","type":"product","link":"http:\/\/klubmamgdynia.pl\/index.php\/produkt\/papo-lwica-biala-z-mlodym\/","title":{"rendered":"Papo Lwica bia\u0142a z m\u0142odym"},"content":{"rendered":"<p>Wszystkie figurki Papo zosta\u0142y zaprojektowane i opracowane we Francji, w celu \u0142\u0105czenia nauki i zabawy dla dzieci. Figurki Papo s\u0105 \u017ar\u00f3d\u0142em rozrywki, pobudzaj\u0105 dzieci\u0119c\u0105 wyobra\u017ani\u0119, co jest wa\u017cne dla ich rozwoju.R\u00f3\u017cnorodno\u015b\u0107 postaci i wzajemne oddzia\u0142ywanie r\u00f3\u017cnych wszech\u015bwiat\u00f3w stymuluj\u0105 kreatywno\u015b\u0107 i wyobra\u017ani\u0119. Dlatego tak cz\u0119sto wykorzystywane s\u0105 w metodzie Montessori.Figurki s\u0105 r\u0119cznie malowane, z najwi\u0119ksz\u0105 dba\u0142o\u015bci\u0105 o szczeg\u00f3\u0142y.Dzi\u0119ki wysokiej jako\u015bci wykonania i realistycznemu odwzorowaniu figurki Papo s\u0105 bardzo popularne w\u015br\u00f3d wielu kolekcjoner\u00f3w i specjalist\u00f3w.Jednym z ci\u0105g\u0142ych i g\u0142\u00f3wnych priorytet\u00f3w od lat, jest jako\u015b\u0107 (jako\u015b\u0107 form i materia\u0142\u00f3w, z kt\u00f3rych s\u0105 wykonane).<\/p>\n<h2>Papo Lwica bia\u0142a z m\u0142odym Papo<\/h2>\n<p>malowanki \u015bwi\u0105teczne, quiz o tajemniczym ogrodzie, prezent dla 7 latka na urodziny, imi\u0119 gaja, obrazki do druku, kr\u00f3tkie bajki dla dzieci, karaluchy pod poduchy, krok jak narysowa\u0107 konia, halloween dla dzieci warszawa<\/p>\n<p>yyyyy<\/p>\n<p>&nbsp;<\/p>\n","protected":false},"excerpt":{"rendered":"<p>Wszystkie figurki Papo zosta\u0142y zaprojektowane i opracowane we Francji, w celu \u0142\u0105czenia nauki i zabawy dla dzieci. Figurki Papo s\u0105 \u017ar\u00f3d\u0142em rozrywki, pobudzaj\u0105 dzieci\u0119c\u0105 wyobra\u017ani\u0119, co jest wa\u017cne dla ich rozwoju.R\u00f3\u017cnorodno\u015b\u0107 postaci i wzajemne oddzia\u0142ywanie r\u00f3\u017cnych wszech\u015bwiat\u00f3w stymuluj\u0105 kreatywno\u015b\u0107 i wyobra\u017ani\u0119. Dlatego tak cz\u0119sto wykorzystywane s\u0105 w metodzie Montessori.Figurki s\u0105 r\u0119cznie malowane, z najwi\u0119ksz\u0105 dba\u0142o\u015bci\u0105 [&hellip;]<\/p>\n","protected":false},"featured_media":8690,"comment_status":"closed","ping_status":"open","template":"","meta":[],"product_cat":[95,880],"product_tag":[666,754,853,821,794,737,850],"class_list":["post-8689","product","type-product","status-publish","has-post-thumbnail","hentry","product_cat-figurki-makiety-i-zestawy","product_cat-papo","product_tag-afrykanskie-imiona","product_tag-dyplomy-do-wydrukowania-a4","product_tag-kolorowanki-do-druku-dla-doroslych","product_tag-marianna","product_tag-test-opowiesci-z-narnii-lew-czarownica-i-stara-szafa-do-druku","product_tag-test-z-lektury-felix-net-i-nika-oraz-gang-niewidzialnych-ludzi","product_tag-wroclaw-atrakcje-dla-dzieci"],"_links":{"self":[{"href":"http:\/\/klubmamgdynia.pl\/index.php\/wp-json\/wp\/v2\/product\/8689","targetHints":{"allow":["GET"]}}],"collection":[{"href":"http:\/\/klubmamgdynia.pl\/index.php\/wp-json\/wp\/v2\/product"}],"about":[{"href":"http:\/\/klubmamgdynia.pl\/index.php\/wp-json\/wp\/v2\/types\/product"}],"replies":[{"embeddable":true,"href":"http:\/\/klubmamgdynia.pl\/index.php\/wp-json\/wp\/v2\/comments?post=8689"}],"wp:featuredmedia":[{"embeddable":true,"href":"http:\/\/klubmamgdynia.pl\/index.php\/wp-json\/wp\/v2\/media\/8690"}],"wp:attachment":[{"href":"http:\/\/klubmamgdynia.pl\/index.php\/wp-json\/wp\/v2\/media?parent=8689"}],"wp:term":[{"taxonomy":"product_cat","embeddable":true,"href":"http:\/\/klubmamgdynia.pl\/index.php\/wp-json\/wp\/v2\/product_cat?post=8689"},{"taxonomy":"product_tag","embeddable":true,"href":"http:\/\/klubmamgdynia.pl\/index.php\/wp-json\/wp\/v2\/product_tag?post=8689"}],"curies":[{"name":"wp","href":"https:\/\/api.w.org\/{rel}","templated":true}]}}