{"id":8693,"date":"2016-05-15T01:07:50","date_gmt":"2016-05-14T23:07:50","guid":{"rendered":"http:\/\/klubmamgdynia.pl\/index.php\/produkt\/tactic-puzzle-tygrys-1000el\/"},"modified":"2026-05-17T23:16:01","modified_gmt":"2026-05-17T21:16:01","slug":"tactic-puzzle-tygrys-1000el","status":"publish","type":"product","link":"http:\/\/klubmamgdynia.pl\/index.php\/produkt\/tactic-puzzle-tygrys-1000el\/","title":{"rendered":"Tactic Puzzle Tygrys 1000El."},"content":{"rendered":"<p>Puzzle Tactic s\u0105 starannie zaprojektowane zar\u00f3wno dla entuzjast\u00f3w i mi\u0142o\u015bnik\u00f3w puzzli, jak i dla nowychpocz\u0105tkuj\u0105cych. Oferujemy tylko najlepsz\u0105 jako\u015b\u0107 zar\u00f3wno zdj\u0119\u0107, jak i materia\u0142\u00f3w.Witamy w ekscytuj\u0105cym \u015bwiecie puzzli Tactic! Rozmiar obrazka po z\u0142o\u017ceniu 67x48cm&#8230;.<\/p>\n<h2>Tactic Puzzle Tygrys 1000El. Tactic<\/h2>\n<p>co kupi\u0107 dziecku na roczek, filmy rodzinne na halloween, ozdoby na choinke przedszkole, znaczenie imienia milan, jednoro\u017cec kolorowanka do druku, kr\u00f3tkie zagadki, kr\u00f3tkie \u017cyczenia wielkanocne dla dzieci, trudne zagadki logiczne z odpowiedziami, gra kulki, g\u0142upie zagadki, zagadki dla dziewczyny, aneta<\/p>\n<p>yyyyy<\/p>\n<p>&nbsp;<\/p>\n","protected":false},"excerpt":{"rendered":"<p>Puzzle Tactic s\u0105 starannie zaprojektowane zar\u00f3wno dla entuzjast\u00f3w i mi\u0142o\u015bnik\u00f3w puzzli, jak i dla nowychpocz\u0105tkuj\u0105cych. Oferujemy tylko najlepsz\u0105 jako\u015b\u0107 zar\u00f3wno zdj\u0119\u0107, jak i materia\u0142\u00f3w.Witamy w ekscytuj\u0105cym \u015bwiecie puzzli Tactic! Rozmiar obrazka po z\u0142o\u017ceniu 67x48cm&#8230;. Tactic Puzzle Tygrys 1000El. Tactic co kupi\u0107 dziecku na roczek, filmy rodzinne na halloween, ozdoby na choinke przedszkole, znaczenie imienia milan, [&hellip;]<\/p>\n","protected":false},"featured_media":8694,"comment_status":"closed","ping_status":"open","template":"","meta":[],"product_cat":[90,243],"product_tag":[683,623,633],"class_list":["post-8693","product","type-product","status-publish","has-post-thumbnail","hentry","product_cat-puzzle","product_cat-tactic","product_tag-karaluchy-pod-poduchy","product_tag-zagadki-logiczne-smieszne","product_tag-zagadki-z-odpowiedziami"],"_links":{"self":[{"href":"http:\/\/klubmamgdynia.pl\/index.php\/wp-json\/wp\/v2\/product\/8693","targetHints":{"allow":["GET"]}}],"collection":[{"href":"http:\/\/klubmamgdynia.pl\/index.php\/wp-json\/wp\/v2\/product"}],"about":[{"href":"http:\/\/klubmamgdynia.pl\/index.php\/wp-json\/wp\/v2\/types\/product"}],"replies":[{"embeddable":true,"href":"http:\/\/klubmamgdynia.pl\/index.php\/wp-json\/wp\/v2\/comments?post=8693"}],"wp:featuredmedia":[{"embeddable":true,"href":"http:\/\/klubmamgdynia.pl\/index.php\/wp-json\/wp\/v2\/media\/8694"}],"wp:attachment":[{"href":"http:\/\/klubmamgdynia.pl\/index.php\/wp-json\/wp\/v2\/media?parent=8693"}],"wp:term":[{"taxonomy":"product_cat","embeddable":true,"href":"http:\/\/klubmamgdynia.pl\/index.php\/wp-json\/wp\/v2\/product_cat?post=8693"},{"taxonomy":"product_tag","embeddable":true,"href":"http:\/\/klubmamgdynia.pl\/index.php\/wp-json\/wp\/v2\/product_tag?post=8693"}],"curies":[{"name":"wp","href":"https:\/\/api.w.org\/{rel}","templated":true}]}}