{"id":8695,"date":"2012-11-11T19:04:35","date_gmt":"2012-11-11T18:04:35","guid":{"rendered":"http:\/\/klubmamgdynia.pl\/index.php\/produkt\/elodie-details-szklana-butelka-do-karmienia-blushing-pink\/"},"modified":"2026-04-27T01:14:38","modified_gmt":"2026-04-26T23:14:38","slug":"elodie-details-szklana-butelka-do-karmienia-blushing-pink","status":"publish","type":"product","link":"http:\/\/klubmamgdynia.pl\/index.php\/produkt\/elodie-details-szklana-butelka-do-karmienia-blushing-pink\/","title":{"rendered":"Elodie Details &#8211; Szklana Butelka Do Karmienia &#8211; Blushing Pink"},"content":{"rendered":"<p>Elodie Details &#8211; szklana butelka do karmienia.<\/p>\n<h2>Elodie Details &#8211; Szklana Butelka Do Karmienia &#8211; Blushing Pink Elodie Details<\/h2>\n<p>zagadki na myslenie, imiona dla ch\u0142opc\u00f3w, kolorowanki do druku dla dziewczynek, piosenka dla mamy tekst, literki dla dzieci, liwia imi\u0119, borys imi\u0119, cytaty na dzie\u0144 nauczyciela, kolorowanka ksi\u0119\u017cniczka, maski dla dzieci do druku<\/p>\n<p>yyyyy<\/p>\n<p>&nbsp;<\/p>\n","protected":false},"excerpt":{"rendered":"<p>Elodie Details &#8211; szklana butelka do karmienia. Elodie Details &#8211; Szklana Butelka Do Karmienia &#8211; Blushing Pink Elodie Details zagadki na myslenie, imiona dla ch\u0142opc\u00f3w, kolorowanki do druku dla dziewczynek, piosenka dla mamy tekst, literki dla dzieci, liwia imi\u0119, borys imi\u0119, cytaty na dzie\u0144 nauczyciela, kolorowanka ksi\u0119\u017cniczka, maski dla dzieci do druku yyyyy &nbsp;<\/p>\n","protected":false},"featured_media":8696,"comment_status":"closed","ping_status":"open","template":"","meta":[],"product_cat":[195,1235],"product_tag":[680,582,805],"class_list":["post-8695","product","type-product","status-publish","has-post-thumbnail","hentry","product_cat-butelki","product_cat-elodie-details","product_tag-cytaty-z-malego-ksiecia","product_tag-nauka-pisania-literek-do-wydruku-pdf","product_tag-znaczenie-imienia-alan"],"_links":{"self":[{"href":"http:\/\/klubmamgdynia.pl\/index.php\/wp-json\/wp\/v2\/product\/8695","targetHints":{"allow":["GET"]}}],"collection":[{"href":"http:\/\/klubmamgdynia.pl\/index.php\/wp-json\/wp\/v2\/product"}],"about":[{"href":"http:\/\/klubmamgdynia.pl\/index.php\/wp-json\/wp\/v2\/types\/product"}],"replies":[{"embeddable":true,"href":"http:\/\/klubmamgdynia.pl\/index.php\/wp-json\/wp\/v2\/comments?post=8695"}],"wp:featuredmedia":[{"embeddable":true,"href":"http:\/\/klubmamgdynia.pl\/index.php\/wp-json\/wp\/v2\/media\/8696"}],"wp:attachment":[{"href":"http:\/\/klubmamgdynia.pl\/index.php\/wp-json\/wp\/v2\/media?parent=8695"}],"wp:term":[{"taxonomy":"product_cat","embeddable":true,"href":"http:\/\/klubmamgdynia.pl\/index.php\/wp-json\/wp\/v2\/product_cat?post=8695"},{"taxonomy":"product_tag","embeddable":true,"href":"http:\/\/klubmamgdynia.pl\/index.php\/wp-json\/wp\/v2\/product_tag?post=8695"}],"curies":[{"name":"wp","href":"https:\/\/api.w.org\/{rel}","templated":true}]}}