{"id":8697,"date":"2022-04-13T03:09:14","date_gmt":"2022-04-13T01:09:14","guid":{"rendered":"http:\/\/klubmamgdynia.pl\/index.php\/produkt\/life-factory-smoczek-silikonowy-rozmiar-2-do-butelek-dla-niemowlat-z-szeroka-szyjka-3-6m\/"},"modified":"2026-04-23T09:15:14","modified_gmt":"2026-04-23T07:15:14","slug":"life-factory-smoczek-silikonowy-rozmiar-2-do-butelek-dla-niemowlat-z-szeroka-szyjka-3-6m","status":"publish","type":"product","link":"http:\/\/klubmamgdynia.pl\/index.php\/produkt\/life-factory-smoczek-silikonowy-rozmiar-2-do-butelek-dla-niemowlat-z-szeroka-szyjka-3-6m\/","title":{"rendered":"Life Factory Smoczek Silikonowy Rozmiar 2 Do Butelek Dla Niemowl\u0105t Z Szerok\u0105 Szyjk\u0105 3-6M"},"content":{"rendered":"<p>Wentylowany smoczek silikonowy rozmiar 2 jest odpowiedni od 3 miesi\u0105ca \u017cycia do ok. 6 miesi\u0105ca \u017cycia. Du\u017cy otw\u00f3r u\u0142atwia czyszczenie, ale mo\u017cna go r\u00f3wnie\u017c szybko w\u0142o\u017cy\u0107 do zmywarki i sterylizatora. Mo\u017cna \u0142\u0105czy\u0107 tylko z Life factory butelki dla niemowl\u0105t z szerok\u0105 szyjk\u0105. Szczeg\u00f3\u0142y produktu: Rozmiar: 2 Wiek: ok. 3-6 miesi\u0119cy Materia\u0142: silikon \u0141atwe do czyszczenia Nadaje si\u0119 do mycia w zmywarce i sterylizacji Akcesoria dla Life factory Butelki dla niemowl\u0105t z szerok\u0105 szyjk\u0105<\/p>\n<h2>Life Factory Smoczek Silikonowy Rozmiar 2 Do Butelek Dla Niemowl\u0105t Z Szerok\u0105 Szyjk\u0105 3-6M Lifefactory<\/h2>\n<p>ach \u015bpij kochanie tekst, cicha noc po angielsku tekst, \u0142amig\u0142\u00f3wki matematyczne, mapa europy do druku, test z lektury kajko i kokosz, mapa europy do druku, filmy rodzinne na halloween, pomys\u0142 na prezent dla 7 latki, zagadki \u015bwi\u0105teczne dla dzieci, film animowany o \u015bwi\u0119tach, kartka walentynkowa zrobiona przez dzieci, marcelina imi\u0119, z\u0142ote my\u015bli o przyja\u017ani, zagadki dla 3 latka<\/p>\n<p>yyyyy<\/p>\n<p>&nbsp;<\/p>\n","protected":false},"excerpt":{"rendered":"<p>Wentylowany smoczek silikonowy rozmiar 2 jest odpowiedni od 3 miesi\u0105ca \u017cycia do ok. 6 miesi\u0105ca \u017cycia. Du\u017cy otw\u00f3r u\u0142atwia czyszczenie, ale mo\u017cna go r\u00f3wnie\u017c szybko w\u0142o\u017cy\u0107 do zmywarki i sterylizatora. Mo\u017cna \u0142\u0105czy\u0107 tylko z Life factory butelki dla niemowl\u0105t z szerok\u0105 szyjk\u0105. Szczeg\u00f3\u0142y produktu: Rozmiar: 2 Wiek: ok. 3-6 miesi\u0119cy Materia\u0142: silikon \u0141atwe do czyszczenia [&hellip;]<\/p>\n","protected":false},"featured_media":8698,"comment_status":"closed","ping_status":"open","template":"","meta":[],"product_cat":[1733,283],"product_tag":[643,830,794],"class_list":["post-8697","product","type-product","status-publish","has-post-thumbnail","hentry","product_cat-lifefactory","product_cat-smoczki-i-ustniki-do-butelek","product_tag-prezent-dla-17-latki","product_tag-rodzina-cytaty","product_tag-test-opowiesci-z-narnii-lew-czarownica-i-stara-szafa-do-druku"],"_links":{"self":[{"href":"http:\/\/klubmamgdynia.pl\/index.php\/wp-json\/wp\/v2\/product\/8697","targetHints":{"allow":["GET"]}}],"collection":[{"href":"http:\/\/klubmamgdynia.pl\/index.php\/wp-json\/wp\/v2\/product"}],"about":[{"href":"http:\/\/klubmamgdynia.pl\/index.php\/wp-json\/wp\/v2\/types\/product"}],"replies":[{"embeddable":true,"href":"http:\/\/klubmamgdynia.pl\/index.php\/wp-json\/wp\/v2\/comments?post=8697"}],"wp:featuredmedia":[{"embeddable":true,"href":"http:\/\/klubmamgdynia.pl\/index.php\/wp-json\/wp\/v2\/media\/8698"}],"wp:attachment":[{"href":"http:\/\/klubmamgdynia.pl\/index.php\/wp-json\/wp\/v2\/media?parent=8697"}],"wp:term":[{"taxonomy":"product_cat","embeddable":true,"href":"http:\/\/klubmamgdynia.pl\/index.php\/wp-json\/wp\/v2\/product_cat?post=8697"},{"taxonomy":"product_tag","embeddable":true,"href":"http:\/\/klubmamgdynia.pl\/index.php\/wp-json\/wp\/v2\/product_tag?post=8697"}],"curies":[{"name":"wp","href":"https:\/\/api.w.org\/{rel}","templated":true}]}}