{"id":8701,"date":"2011-11-18T14:33:25","date_gmt":"2011-11-18T13:33:25","guid":{"rendered":"http:\/\/klubmamgdynia.pl\/index.php\/produkt\/babys-only-letni-podnozek-do-fotelikow-samochodowych-0-cable-grey\/"},"modified":"2026-05-17T22:21:15","modified_gmt":"2026-05-17T20:21:15","slug":"babys-only-letni-podnozek-do-fotelikow-samochodowych-0-cable-grey","status":"publish","type":"product","link":"http:\/\/klubmamgdynia.pl\/index.php\/produkt\/babys-only-letni-podnozek-do-fotelikow-samochodowych-0-cable-grey\/","title":{"rendered":"Baby&#8217;S Only Letni Podn\u00f3\u017cek Do Fotelik\u00f3w Samochodowych 0+ Cable Grey"},"content":{"rendered":"<p>Letnia \u015bpiworek do dzieci\u0119cych fotelik\u00f3w samochodowych (grupa 0+) Dane techniczne: Materia\u0142 zewn\u0119trzny: 50 % bawe\u0142na, 50 % poliakryl Wype\u0142nienie: 100 % poliester Podszewka: 70 % bawe\u0142na, 30 % poliester Piel\u0119gnacja: 30\u00b0C w programie do prania we\u0142ny, nie wybiela\u0107, nie suszy\u0107 w suszarce b\u0119bnowej, nie prasowa\u0107 Wymiary (d\u0142ugo\u015b\u0107 x szeroko\u015b\u0107): 86 x 38 cm Odpowiednie dla 5-punktowych pas\u00f3w bezpiecze\u0144stwa<\/p>\n<h2>BabyS Only Letni Podn\u00f3\u017cek Do Fotelik\u00f3w Samochodowych 0+ Cable Grey <\/h2>\n<p>prezenty na urodziny dla nastolatk\u00f3w, mia\u0142a baba koguta tekst, znaczenie imiona justyna, otto, atrakcje dla dzieci trojmiasto, zagadki dla dzieci 7-8 lat online, mira imie, planety uk\u0142ad s\u0142oneczny dla dzieci do druku, bajki dla dzieci do czytania, quizy o minecraft, prezent dla ch\u0142opca 7 lat, filmy na \u015bwi\u0119ta bo\u017cego narodzenia, praktyczny prezent dla rocznego dziecka, zagadki dla ma\u0142ych dzieci, zagadki dla rodziny, zagadki dla dzieci 7-8 lat, bajki z misiami, asiunia pytania do lektury<\/p>\n<p>yyyyy<\/p>\n<p>&nbsp;<\/p>\n","protected":false},"excerpt":{"rendered":"<p>Letnia \u015bpiworek do dzieci\u0119cych fotelik\u00f3w samochodowych (grupa 0+) Dane techniczne: Materia\u0142 zewn\u0119trzny: 50 % bawe\u0142na, 50 % poliakryl Wype\u0142nienie: 100 % poliester Podszewka: 70 % bawe\u0142na, 30 % poliester Piel\u0119gnacja: 30\u00b0C w programie do prania we\u0142ny, nie wybiela\u0107, nie suszy\u0107 w suszarce b\u0119bnowej, nie prasowa\u0107 Wymiary (d\u0142ugo\u015b\u0107 x szeroko\u015b\u0107): 86 x 38 cm Odpowiednie dla [&hellip;]<\/p>\n","protected":false},"featured_media":8702,"comment_status":"closed","ping_status":"open","template":"","meta":[],"product_cat":[1125],"product_tag":[678,822,725,805],"class_list":["post-8701","product","type-product","status-publish","has-post-thumbnail","hentry","product_cat-akcesoria-samochodowe-dla-dzieci","product_tag-prezent-na-roczek-dla-dziewczynki","product_tag-wierszyki-o-wakacjach-krotkie","product_tag-zgadywanki","product_tag-znaczenie-imienia-alan"],"_links":{"self":[{"href":"http:\/\/klubmamgdynia.pl\/index.php\/wp-json\/wp\/v2\/product\/8701","targetHints":{"allow":["GET"]}}],"collection":[{"href":"http:\/\/klubmamgdynia.pl\/index.php\/wp-json\/wp\/v2\/product"}],"about":[{"href":"http:\/\/klubmamgdynia.pl\/index.php\/wp-json\/wp\/v2\/types\/product"}],"replies":[{"embeddable":true,"href":"http:\/\/klubmamgdynia.pl\/index.php\/wp-json\/wp\/v2\/comments?post=8701"}],"wp:featuredmedia":[{"embeddable":true,"href":"http:\/\/klubmamgdynia.pl\/index.php\/wp-json\/wp\/v2\/media\/8702"}],"wp:attachment":[{"href":"http:\/\/klubmamgdynia.pl\/index.php\/wp-json\/wp\/v2\/media?parent=8701"}],"wp:term":[{"taxonomy":"product_cat","embeddable":true,"href":"http:\/\/klubmamgdynia.pl\/index.php\/wp-json\/wp\/v2\/product_cat?post=8701"},{"taxonomy":"product_tag","embeddable":true,"href":"http:\/\/klubmamgdynia.pl\/index.php\/wp-json\/wp\/v2\/product_tag?post=8701"}],"curies":[{"name":"wp","href":"https:\/\/api.w.org\/{rel}","templated":true}]}}