{"id":8703,"date":"2012-01-23T11:07:39","date_gmt":"2012-01-23T10:07:39","guid":{"rendered":"http:\/\/klubmamgdynia.pl\/index.php\/produkt\/fototapety-bajkowe-niebo-mata-na-biurko-dla-dzieci\/"},"modified":"2026-04-29T14:39:03","modified_gmt":"2026-04-29T12:39:03","slug":"fototapety-bajkowe-niebo-mata-na-biurko-dla-dzieci","status":"publish","type":"product","link":"http:\/\/klubmamgdynia.pl\/index.php\/produkt\/fototapety-bajkowe-niebo-mata-na-biurko-dla-dzieci\/","title":{"rendered":"Fototapety Bajkowe Niebo Mata Na Biurko Dla Dzieci"},"content":{"rendered":"<p>Mata na biurko dla dzieci Bajkowe niebo nie tylko udekoruje Twoje biurko, ale b\u0119dzie tak\u017ce ochron\u0105 przed uszkodzeniami. Ten wyj\u0105tkowy wz\u00f3r b\u0119dzie stanowi\u0142 pi\u0119kn\u0105 dekoracj\u0119 ka\u017cdego blatu. Dodatkowo ca\u0142y pok\u00f3j lub biuro zyska nowy wystr\u00f3j. Mata na biurko dla dzieci Bajkowe niebo oferujemy w trzech rozmiarach. Mo\u017cesz zdecydowa\u0107, kt\u00f3ry b\u0119dzie najlepiej pasowa\u0142 na Twoje biurko. Dzi\u0119ki naszej podk\u0142adce ochronnej czas sp\u0119dzany przy biurku, b\u0119dzie p\u0142yn\u0105\u0142 zdecydowanie przyjemniej.<\/p>\n<h2>Fototapety Bajkowe Niebo Mata Na Biurko Dla Dzieci <\/h2>\n<p>aforyzmy o dzieciach, gabriel imi\u0119, flagi \u015bwiata quiz, ciekawe zagadki, quiz o bo\u017cym narodzeniu, peppa kolorowanka do druku, kr\u00f3tkie zagadki matematyczne z odpowiedziami, kolorowanki konie, kolorowanka lato, kwiaty polne nazwy, atrakcje dla dzieci warszawa, filmy wigilijne dla dzieci, justyna imi\u0119, cytat o rodzinie<\/p>\n<p>yyyyy<\/p>\n<p>&nbsp;<\/p>\n","protected":false},"excerpt":{"rendered":"<p>Mata na biurko dla dzieci Bajkowe niebo nie tylko udekoruje Twoje biurko, ale b\u0119dzie tak\u017ce ochron\u0105 przed uszkodzeniami. Ten wyj\u0105tkowy wz\u00f3r b\u0119dzie stanowi\u0142 pi\u0119kn\u0105 dekoracj\u0119 ka\u017cdego blatu. Dodatkowo ca\u0142y pok\u00f3j lub biuro zyska nowy wystr\u00f3j. Mata na biurko dla dzieci Bajkowe niebo oferujemy w trzech rozmiarach. Mo\u017cesz zdecydowa\u0107, kt\u00f3ry b\u0119dzie najlepiej pasowa\u0142 na Twoje biurko. [&hellip;]<\/p>\n","protected":false},"featured_media":8704,"comment_status":"closed","ping_status":"open","template":"","meta":[],"product_cat":[949],"product_tag":[676,754,706,687,733],"class_list":["post-8703","product","type-product","status-publish","has-post-thumbnail","hentry","product_cat-akcesoria-do-mebli-dzieciecych","product_tag-bursztynek","product_tag-dyplomy-do-wydrukowania-a4","product_tag-imie-kuba","product_tag-podchwytliwe-zagadki-matematyczne","product_tag-zarty-na-prima-aprilis"],"_links":{"self":[{"href":"http:\/\/klubmamgdynia.pl\/index.php\/wp-json\/wp\/v2\/product\/8703","targetHints":{"allow":["GET"]}}],"collection":[{"href":"http:\/\/klubmamgdynia.pl\/index.php\/wp-json\/wp\/v2\/product"}],"about":[{"href":"http:\/\/klubmamgdynia.pl\/index.php\/wp-json\/wp\/v2\/types\/product"}],"replies":[{"embeddable":true,"href":"http:\/\/klubmamgdynia.pl\/index.php\/wp-json\/wp\/v2\/comments?post=8703"}],"wp:featuredmedia":[{"embeddable":true,"href":"http:\/\/klubmamgdynia.pl\/index.php\/wp-json\/wp\/v2\/media\/8704"}],"wp:attachment":[{"href":"http:\/\/klubmamgdynia.pl\/index.php\/wp-json\/wp\/v2\/media?parent=8703"}],"wp:term":[{"taxonomy":"product_cat","embeddable":true,"href":"http:\/\/klubmamgdynia.pl\/index.php\/wp-json\/wp\/v2\/product_cat?post=8703"},{"taxonomy":"product_tag","embeddable":true,"href":"http:\/\/klubmamgdynia.pl\/index.php\/wp-json\/wp\/v2\/product_tag?post=8703"}],"curies":[{"name":"wp","href":"https:\/\/api.w.org\/{rel}","templated":true}]}}