{"id":8705,"date":"2020-03-03T07:55:48","date_gmt":"2020-03-03T06:55:48","guid":{"rendered":"http:\/\/klubmamgdynia.pl\/index.php\/produkt\/malplay-auto-jeep-z-napedem-monster-truck-218036\/"},"modified":"2026-04-06T22:50:11","modified_gmt":"2026-04-06T20:50:11","slug":"malplay-auto-jeep-z-napedem-monster-truck-218036","status":"publish","type":"product","link":"http:\/\/klubmamgdynia.pl\/index.php\/produkt\/malplay-auto-jeep-z-napedem-monster-truck-218036\/","title":{"rendered":"Malplay Auto Jeep Z Nap\u0119dem &#8211; Monster Truck (218036)"},"content":{"rendered":"<p>Autko posiada du\u017ce ko\u0142a z gumowymi oponami. Reszta autka wykonana jest z tworzywa sztucznego. Ko\u0142a zamontowane s\u0105 na czterech du\u017cych spr\u0119\u017cynach dzi\u0119ki czemu autko poradzi sobie z trudniejszym terenem.Pojazd kt\u00f3ry sprawi rado\u015b\u0107 wszystkim ch\u0142opcom. Monster Truck posiada nap\u0119d naci\u0105gowy.Do wybroru 3 kolory:czerwonyniebieski BRAK\u017c\u00f3\u0142ty BRAK<\/p>\n<h2>Malplay Auto Jeep Z Nap\u0119dem &#8211; Monster Truck (218036) Malplay<\/h2>\n<p>quizy flagi, dla nastolatk\u00f3w prezenty, zabawy na dzie\u0144 dziecka w szkole, prezenty na roczek dla dziewczynki, kr\u00f3tkie zagadki, ozdoby \u015bwi\u0105teczne z rolek po papierze toaletowym, imiona dla ch\u0142opc\u00f3w, pomys\u0142 na prezent dla 15 latki, kolorowanki na dzie\u0144 niepodleg\u0142o\u015bci do wydruku, karty pracy obrazki do wyklejania plastelin\u0105, iwo imie, andrea, trudne zagadki na inteligencj\u0119<\/p>\n<p>yyyyy<\/p>\n<p>&nbsp;<\/p>\n","protected":false},"excerpt":{"rendered":"<p>Autko posiada du\u017ce ko\u0142a z gumowymi oponami. Reszta autka wykonana jest z tworzywa sztucznego. Ko\u0142a zamontowane s\u0105 na czterech du\u017cych spr\u0119\u017cynach dzi\u0119ki czemu autko poradzi sobie z trudniejszym terenem.Pojazd kt\u00f3ry sprawi rado\u015b\u0107 wszystkim ch\u0142opcom. Monster Truck posiada nap\u0119d naci\u0105gowy.Do wybroru 3 kolory:czerwonyniebieski BRAK\u017c\u00f3\u0142ty BRAK Malplay Auto Jeep Z Nap\u0119dem &#8211; Monster Truck (218036) Malplay quizy [&hellip;]<\/p>\n","protected":false},"featured_media":8706,"comment_status":"closed","ping_status":"open","template":"","meta":[],"product_cat":[83,84],"product_tag":[657,757,576],"class_list":["post-8705","product","type-product","status-publish","has-post-thumbnail","hentry","product_cat-auta-i-inne-pojazdy-do-zabawy","product_cat-malplay","product_tag-lol-kolorowanka","product_tag-test-z-lektury-ania-z-zielonego-wzgorza-klasa-6-z-odpowiedziami","product_tag-trudne-zagadki"],"_links":{"self":[{"href":"http:\/\/klubmamgdynia.pl\/index.php\/wp-json\/wp\/v2\/product\/8705","targetHints":{"allow":["GET"]}}],"collection":[{"href":"http:\/\/klubmamgdynia.pl\/index.php\/wp-json\/wp\/v2\/product"}],"about":[{"href":"http:\/\/klubmamgdynia.pl\/index.php\/wp-json\/wp\/v2\/types\/product"}],"replies":[{"embeddable":true,"href":"http:\/\/klubmamgdynia.pl\/index.php\/wp-json\/wp\/v2\/comments?post=8705"}],"wp:featuredmedia":[{"embeddable":true,"href":"http:\/\/klubmamgdynia.pl\/index.php\/wp-json\/wp\/v2\/media\/8706"}],"wp:attachment":[{"href":"http:\/\/klubmamgdynia.pl\/index.php\/wp-json\/wp\/v2\/media?parent=8705"}],"wp:term":[{"taxonomy":"product_cat","embeddable":true,"href":"http:\/\/klubmamgdynia.pl\/index.php\/wp-json\/wp\/v2\/product_cat?post=8705"},{"taxonomy":"product_tag","embeddable":true,"href":"http:\/\/klubmamgdynia.pl\/index.php\/wp-json\/wp\/v2\/product_tag?post=8705"}],"curies":[{"name":"wp","href":"https:\/\/api.w.org\/{rel}","templated":true}]}}