{"id":8707,"date":"2015-11-20T12:12:50","date_gmt":"2015-11-20T11:12:50","guid":{"rendered":"http:\/\/klubmamgdynia.pl\/index.php\/produkt\/britax-baby-safe-isense-tapicerka-pokrowiec-letni\/"},"modified":"2026-05-17T22:38:36","modified_gmt":"2026-05-17T20:38:36","slug":"britax-baby-safe-isense-tapicerka-pokrowiec-letni","status":"publish","type":"product","link":"http:\/\/klubmamgdynia.pl\/index.php\/produkt\/britax-baby-safe-isense-tapicerka-pokrowiec-letni\/","title":{"rendered":"Britax Baby-Safe iSense Tapicerka Pokrowiec Letni"},"content":{"rendered":"<p>Britax Baby-Safe iSense Tapicerka Pokrowiec Letni Tapicerka na lato<\/p>\n<h2>Britax Baby-Safe iSense Tapicerka Pokrowiec Letni Britax&amp;Romer Premium Line<\/h2>\n<p>quiz o flagach europy, zadania logiczne, wroclaw atrakcje dla dzieci, kolorowanki dla ch\u0142opc\u00f3w do druku, buziak gify na dobranoc smieszne, gry ruchowe dla dzieci, zagadki dla dzieci 9 10 lat z odpowiedziami, gad\u017cety dla nastolatk\u00f3w 2021, aron, opisy do zdj\u0119\u0107 dziecka, wroc\u0142aw atrakcje dla dzieci, zagadki dla 9 latk\u00f3w, quizy \u015bwi\u0105teczne bo\u017ce narodzenie, bajki dla dzieci na dobranoc, maski karnawa\u0142owe dla dzieci szablony, maska kota, ma\u0142y ksi\u0105\u017c\u0119 &#8211; test z odpowiedziami, gry dla nastolatk\u00f3w<\/p>\n<p>yyyyy<\/p>\n<p>&nbsp;<\/p>\n","protected":false},"excerpt":{"rendered":"<p>Britax Baby-Safe iSense Tapicerka Pokrowiec Letni Tapicerka na lato Britax Baby-Safe iSense Tapicerka Pokrowiec Letni Britax&amp;Romer Premium Line quiz o flagach europy, zadania logiczne, wroclaw atrakcje dla dzieci, kolorowanki dla ch\u0142opc\u00f3w do druku, buziak gify na dobranoc smieszne, gry ruchowe dla dzieci, zagadki dla dzieci 9 10 lat z odpowiedziami, gad\u017cety dla nastolatk\u00f3w 2021, aron, [&hellip;]<\/p>\n","protected":false},"featured_media":8708,"comment_status":"closed","ping_status":"open","template":"","meta":[],"product_cat":[1125,1738],"product_tag":[833,639,855,636,588,873],"class_list":["post-8707","product","type-product","status-publish","has-post-thumbnail","hentry","product_cat-akcesoria-samochodowe-dla-dzieci","product_cat-britaxromer-premium-line","product_tag-bajki-dla-dzieci-do-czytania","product_tag-nela-imie","product_tag-nietypowe-imiona-zenskie","product_tag-teksty-kolysanek","product_tag-wzruszajace-slowa-dla-przyjaciela","product_tag-zagadki-z-odpowiedziami-dla-dzieci"],"_links":{"self":[{"href":"http:\/\/klubmamgdynia.pl\/index.php\/wp-json\/wp\/v2\/product\/8707","targetHints":{"allow":["GET"]}}],"collection":[{"href":"http:\/\/klubmamgdynia.pl\/index.php\/wp-json\/wp\/v2\/product"}],"about":[{"href":"http:\/\/klubmamgdynia.pl\/index.php\/wp-json\/wp\/v2\/types\/product"}],"replies":[{"embeddable":true,"href":"http:\/\/klubmamgdynia.pl\/index.php\/wp-json\/wp\/v2\/comments?post=8707"}],"wp:featuredmedia":[{"embeddable":true,"href":"http:\/\/klubmamgdynia.pl\/index.php\/wp-json\/wp\/v2\/media\/8708"}],"wp:attachment":[{"href":"http:\/\/klubmamgdynia.pl\/index.php\/wp-json\/wp\/v2\/media?parent=8707"}],"wp:term":[{"taxonomy":"product_cat","embeddable":true,"href":"http:\/\/klubmamgdynia.pl\/index.php\/wp-json\/wp\/v2\/product_cat?post=8707"},{"taxonomy":"product_tag","embeddable":true,"href":"http:\/\/klubmamgdynia.pl\/index.php\/wp-json\/wp\/v2\/product_tag?post=8707"}],"curies":[{"name":"wp","href":"https:\/\/api.w.org\/{rel}","templated":true}]}}