{"id":8709,"date":"2017-06-16T19:07:48","date_gmt":"2017-06-16T17:07:48","guid":{"rendered":"http:\/\/klubmamgdynia.pl\/index.php\/produkt\/lena-truckies-zestaw-pojazdow-rolniczych-z-akcesoriami\/"},"modified":"2026-05-17T22:50:49","modified_gmt":"2026-05-17T20:50:49","slug":"lena-truckies-zestaw-pojazdow-rolniczych-z-akcesoriami","status":"publish","type":"product","link":"http:\/\/klubmamgdynia.pl\/index.php\/produkt\/lena-truckies-zestaw-pojazdow-rolniczych-z-akcesoriami\/","title":{"rendered":"Lena Truckies Zestaw Pojazd\u00f3w Rolniczych Z Akcesoriami"},"content":{"rendered":"<p>Farma LENA Truckies. Sk\u0142ada si\u0119 z \u0142adowarki \u0142opatowej Truckies i traktora z przyczep\u0105, konia figurowego LENA z je\u017ad\u017acem figurowym, 5 pylon\u00f3w i dw\u00f3ch przeszk\u00f3d. Umo\u017cliwia pomys\u0142owe odgrywanie r\u00f3l. Odpowiedni dla dzieci od 2 lat. Nadaje si\u0119 do u\u017cycia wewn\u0105trz i na zewn\u0105trz. Wykonane w Europie. Certyfikat T\u00dcV&#8230;.<\/p>\n<h2>Lena Truckies Zestaw Pojazd\u00f3w Rolniczych Z Akcesoriami Lena<\/h2>\n<p>zagadki zimowe dla dzieci, aforyzmy o dzieciach, kolorowanka kotek do druku, kolorowanki \u015bwi\u0105teczne do wydruku, \u015bmieszne zagadki matematyczne, pies kolorowanka, niespotykane imiona \u017ce\u0144skie, cytaty korczak, przygody tomka sawyera test<\/p>\n<p>yyyyy<\/p>\n<p>&nbsp;<\/p>\n","protected":false},"excerpt":{"rendered":"<p>Farma LENA Truckies. Sk\u0142ada si\u0119 z \u0142adowarki \u0142opatowej Truckies i traktora z przyczep\u0105, konia figurowego LENA z je\u017ad\u017acem figurowym, 5 pylon\u00f3w i dw\u00f3ch przeszk\u00f3d. Umo\u017cliwia pomys\u0142owe odgrywanie r\u00f3l. Odpowiedni dla dzieci od 2 lat. Nadaje si\u0119 do u\u017cycia wewn\u0105trz i na zewn\u0105trz. Wykonane w Europie. Certyfikat T\u00dcV&#8230;. Lena Truckies Zestaw Pojazd\u00f3w Rolniczych Z Akcesoriami Lena [&hellip;]<\/p>\n","protected":false},"featured_media":8710,"comment_status":"closed","ping_status":"open","template":"","meta":[],"product_cat":[83,531],"product_tag":[826,739,751],"class_list":["post-8709","product","type-product","status-publish","has-post-thumbnail","hentry","product_cat-auta-i-inne-pojazdy-do-zabawy","product_cat-lena","product_tag-prezent-dla-15-latka","product_tag-prima-aprilis-w-szkole","product_tag-psi-patrol-kolorowanka"],"_links":{"self":[{"href":"http:\/\/klubmamgdynia.pl\/index.php\/wp-json\/wp\/v2\/product\/8709","targetHints":{"allow":["GET"]}}],"collection":[{"href":"http:\/\/klubmamgdynia.pl\/index.php\/wp-json\/wp\/v2\/product"}],"about":[{"href":"http:\/\/klubmamgdynia.pl\/index.php\/wp-json\/wp\/v2\/types\/product"}],"replies":[{"embeddable":true,"href":"http:\/\/klubmamgdynia.pl\/index.php\/wp-json\/wp\/v2\/comments?post=8709"}],"wp:featuredmedia":[{"embeddable":true,"href":"http:\/\/klubmamgdynia.pl\/index.php\/wp-json\/wp\/v2\/media\/8710"}],"wp:attachment":[{"href":"http:\/\/klubmamgdynia.pl\/index.php\/wp-json\/wp\/v2\/media?parent=8709"}],"wp:term":[{"taxonomy":"product_cat","embeddable":true,"href":"http:\/\/klubmamgdynia.pl\/index.php\/wp-json\/wp\/v2\/product_cat?post=8709"},{"taxonomy":"product_tag","embeddable":true,"href":"http:\/\/klubmamgdynia.pl\/index.php\/wp-json\/wp\/v2\/product_tag?post=8709"}],"curies":[{"name":"wp","href":"https:\/\/api.w.org\/{rel}","templated":true}]}}