{"id":8711,"date":"2017-08-02T01:05:06","date_gmt":"2017-08-01T23:05:06","guid":{"rendered":"http:\/\/klubmamgdynia.pl\/index.php\/produkt\/britax-romer-smile-3-pure-beige-black-gleboko-spacerowy-fotelik\/"},"modified":"2026-04-04T02:52:43","modified_gmt":"2026-04-04T00:52:43","slug":"britax-romer-smile-3-pure-beige-black-gleboko-spacerowy-fotelik","status":"publish","type":"product","link":"http:\/\/klubmamgdynia.pl\/index.php\/produkt\/britax-romer-smile-3-pure-beige-black-gleboko-spacerowy-fotelik\/","title":{"rendered":"Britax &amp; Romer Smile 3 Pure-Beige-Black G\u0142\u0119boko Spacerowy + Fotelik"},"content":{"rendered":"<p>\u015awietna jako\u015b\u0107, niezwyk\u0142a praktyczno\u015b\u0107 i niebanalny design.<\/p>\n<h2>Britax &amp; Romer Smile 3 Pure-Beige-Black G\u0142\u0119boko Spacerowy + Fotelik Britax &amp; Romer<\/h2>\n<p>krok jak narysowa\u0107 konia, quiz o \u015bwi\u0119tach, wiosenne zagadki, wzory dyplom\u00f3w do pobrania, pewna \u017caba by\u0142a s\u0142aba, test opowie\u015b\u0107 wigilijna, kolorowanka konie, znaki drogowe quizy, postacie z bajek kolorowanki do wydrukowania, karty pracy po ukrai\u0144sku, ma\u0142y ksi\u0105\u017c\u0119 sprawdzian, jad\u0105 jad\u0105 misie tekst, zadania logiczne, kolorowanka myszka minnie<\/p>\n<p>yyyyy<\/p>\n<p>&nbsp;<\/p>\n","protected":false},"excerpt":{"rendered":"<p>\u015awietna jako\u015b\u0107, niezwyk\u0142a praktyczno\u015b\u0107 i niebanalny design. Britax &amp; Romer Smile 3 Pure-Beige-Black G\u0142\u0119boko Spacerowy + Fotelik Britax &amp; Romer krok jak narysowa\u0107 konia, quiz o \u015bwi\u0119tach, wiosenne zagadki, wzory dyplom\u00f3w do pobrania, pewna \u017caba by\u0142a s\u0142aba, test opowie\u015b\u0107 wigilijna, kolorowanka konie, znaki drogowe quizy, postacie z bajek kolorowanki do wydrukowania, karty pracy po ukrai\u0144sku, [&hellip;]<\/p>\n","protected":false},"featured_media":8712,"comment_status":"closed","ping_status":"open","template":"","meta":[],"product_cat":[116,110],"product_tag":[851,742,739,695,586],"class_list":["post-8711","product","type-product","status-publish","has-post-thumbnail","hentry","product_cat-britax-romer","product_cat-wozki-wielofunkcyjne","product_tag-jak-narysowac-kota","product_tag-piosenki-dla-dzieci-tekst","product_tag-prima-aprilis-w-szkole","product_tag-rzadkie-imiona-zenskie","product_tag-smieszne-zagadki"],"_links":{"self":[{"href":"http:\/\/klubmamgdynia.pl\/index.php\/wp-json\/wp\/v2\/product\/8711","targetHints":{"allow":["GET"]}}],"collection":[{"href":"http:\/\/klubmamgdynia.pl\/index.php\/wp-json\/wp\/v2\/product"}],"about":[{"href":"http:\/\/klubmamgdynia.pl\/index.php\/wp-json\/wp\/v2\/types\/product"}],"replies":[{"embeddable":true,"href":"http:\/\/klubmamgdynia.pl\/index.php\/wp-json\/wp\/v2\/comments?post=8711"}],"wp:featuredmedia":[{"embeddable":true,"href":"http:\/\/klubmamgdynia.pl\/index.php\/wp-json\/wp\/v2\/media\/8712"}],"wp:attachment":[{"href":"http:\/\/klubmamgdynia.pl\/index.php\/wp-json\/wp\/v2\/media?parent=8711"}],"wp:term":[{"taxonomy":"product_cat","embeddable":true,"href":"http:\/\/klubmamgdynia.pl\/index.php\/wp-json\/wp\/v2\/product_cat?post=8711"},{"taxonomy":"product_tag","embeddable":true,"href":"http:\/\/klubmamgdynia.pl\/index.php\/wp-json\/wp\/v2\/product_tag?post=8711"}],"curies":[{"name":"wp","href":"https:\/\/api.w.org\/{rel}","templated":true}]}}