{"id":8713,"date":"2017-08-25T23:44:03","date_gmt":"2017-08-25T21:44:03","guid":{"rendered":"http:\/\/klubmamgdynia.pl\/index.php\/produkt\/barierka-do-lozeczka-dzieciecego-150-cm-bezowy\/"},"modified":"2026-05-02T11:30:07","modified_gmt":"2026-05-02T09:30:07","slug":"barierka-do-lozeczka-dzieciecego-150-cm-bezowy","status":"publish","type":"product","link":"http:\/\/klubmamgdynia.pl\/index.php\/produkt\/barierka-do-lozeczka-dzieciecego-150-cm-bezowy\/","title":{"rendered":"Barierka Do \u0141\u00f3\u017ceczka Dzieci\u0119cego 150 Cm Be\u017cowy"},"content":{"rendered":"<p>Beztroskie noce? Z t\u0105 barier\u0105 nie ma nic niemo\u017cliwego. Fotelik zapewnia dziecku ochron\u0119 przed wypadni\u0119ciem z \u0142\u00f3\u017cka. Barierka nadaje si\u0119 do materacy 12 &#8211; 20 cm. Materia\u0142 u\u0142atwi Ci r\u00f3wnie\u017c konserwacj\u0119, bez problemu wystarczy umy\u0107 barierk\u0119.Dane techniczne:wymiary: 150 x 42 x 150 cm (d\u0142. x wys. x szer.)grubo\u015b\u0107 rury metalowej: ok. 0,8 mmwaga: 1,68 kgmateria\u0142: stal, plastiksk\u0142ad surowca tekstylnego: 100% poliesternadaje si\u0119 do materacy: oko\u0142o 12-20 cm grubo\u015bcimaksymalna waga dziecka: ok. 22,5 kgkolor bezowynogi mo\u017cna \u0142atwo z\u0142o\u017cy\u0107zmywalnydobry widok na bia\u0142\u0105 siatk\u0119Zawarto\u015b\u0107 opakowania:1 x barierka dzieci\u0119ca<\/p>\n<h2>Barierka Do \u0141\u00f3\u017ceczka Dzieci\u0119cego 150 Cm Be\u017cowy Infantastic<\/h2>\n<p>gdzie strumyk p\u0142ynie z wolna tekst, emanuel, kolorowanka harry potter, kolorowanka wakacje, kolorowanka lol, gdzie nad wod\u0119 ko\u0142o warszawy, mia i ja kolorowanki do druku, dziecko cytaty, cookie dough przepis, wz\u00f3r drzewo genealogiczne szablon do wydruku, smok wawelski bajka, co kupi\u0107 na roczek dla dziewczynki, quizy dla przedszkolak\u00f3w, kolorowanki lato, kolorowanki, zabawka na roczek dla ch\u0142opca, urodziny dziecka pomys\u0142y, bursztynek, \u015bmigus dyngus wiersz dla dzieci<\/p>\n<p>yyyyy<\/p>\n<p>&nbsp;<\/p>\n","protected":false},"excerpt":{"rendered":"<p>Beztroskie noce? Z t\u0105 barier\u0105 nie ma nic niemo\u017cliwego. Fotelik zapewnia dziecku ochron\u0119 przed wypadni\u0119ciem z \u0142\u00f3\u017cka. Barierka nadaje si\u0119 do materacy 12 &#8211; 20 cm. Materia\u0142 u\u0142atwi Ci r\u00f3wnie\u017c konserwacj\u0119, bez problemu wystarczy umy\u0107 barierk\u0119.Dane techniczne:wymiary: 150 x 42 x 150 cm (d\u0142. x wys. x szer.)grubo\u015b\u0107 rury metalowej: ok. 0,8 mmwaga: 1,68 kgmateria\u0142: [&hellip;]<\/p>\n","protected":false},"featured_media":8714,"comment_status":"closed","ping_status":"open","template":"","meta":[],"product_cat":[949,1482],"product_tag":[837,681,784,791,800],"class_list":["post-8713","product","type-product","status-publish","has-post-thumbnail","hentry","product_cat-akcesoria-do-mebli-dzieciecych","product_cat-infantastic","product_tag-cicha-noc-po-angielsku","product_tag-flagi-europy-quiz","product_tag-hymn-gorniczy","product_tag-zagadki-na-myslenie","product_tag-zagadki-smieszne"],"_links":{"self":[{"href":"http:\/\/klubmamgdynia.pl\/index.php\/wp-json\/wp\/v2\/product\/8713","targetHints":{"allow":["GET"]}}],"collection":[{"href":"http:\/\/klubmamgdynia.pl\/index.php\/wp-json\/wp\/v2\/product"}],"about":[{"href":"http:\/\/klubmamgdynia.pl\/index.php\/wp-json\/wp\/v2\/types\/product"}],"replies":[{"embeddable":true,"href":"http:\/\/klubmamgdynia.pl\/index.php\/wp-json\/wp\/v2\/comments?post=8713"}],"wp:featuredmedia":[{"embeddable":true,"href":"http:\/\/klubmamgdynia.pl\/index.php\/wp-json\/wp\/v2\/media\/8714"}],"wp:attachment":[{"href":"http:\/\/klubmamgdynia.pl\/index.php\/wp-json\/wp\/v2\/media?parent=8713"}],"wp:term":[{"taxonomy":"product_cat","embeddable":true,"href":"http:\/\/klubmamgdynia.pl\/index.php\/wp-json\/wp\/v2\/product_cat?post=8713"},{"taxonomy":"product_tag","embeddable":true,"href":"http:\/\/klubmamgdynia.pl\/index.php\/wp-json\/wp\/v2\/product_tag?post=8713"}],"curies":[{"name":"wp","href":"https:\/\/api.w.org\/{rel}","templated":true}]}}