{"id":8715,"date":"2012-04-16T00:17:16","date_gmt":"2012-04-15T22:17:16","guid":{"rendered":"http:\/\/klubmamgdynia.pl\/index.php\/produkt\/mochtoys-klocki-pin-bricks-100el-w-tubie-11677\/"},"modified":"2026-05-17T22:52:20","modified_gmt":"2026-05-17T20:52:20","slug":"mochtoys-klocki-pin-bricks-100el-w-tubie-11677","status":"publish","type":"product","link":"http:\/\/klubmamgdynia.pl\/index.php\/produkt\/mochtoys-klocki-pin-bricks-100el-w-tubie-11677\/","title":{"rendered":"Mochtoys Klocki Pin Bricks 100El W Tubie (11677)"},"content":{"rendered":"<p>Zabawa klockami pozwoli Twojemu dziecku na wiele godzin weso\u0142ego i kreatywnego zaj\u0119cia. Funkcje klock\u00f3w:- rozwijaj\u0105 sprawno\u015b\u0107 manualn\u0105 ma\u0142ych r\u0105czek- rozwijaj\u0105 logiczne my\u015blenie- ucz\u0105 kojarzenia kszta\u0142t\u00f3w i kolor\u00f3w- doskonal\u0105 ruchy precyzyjne i postrzeganie przestrzenne dziecka- dopasowywanie klock\u00f3w do siebie oraz pr\u00f3by \u0142\u0105czenia ich w budowle \u0107wicz\u0105 koordynacj\u0119 wzrokowo \u2013 ruchow\u0105- bogata kolorystyka rozwija percepcj\u0119 wzrokow\u0105 Firma Mochtoys jest jednym z czo\u0142owych producent\u00f3w zabawek z tworzyw sztucznych w Europie. Zosta\u0142a za\u0142o\u017cona w 1993 roku i aktualnie posiada dwie nowoczesne fabryki i magazyny. Produkty firmy Mochtoys s\u0105 sprzedawane z powodzeniem na rynku krajowym i w ca\u0142ej Europie od ponad 20 lat. Mo\u017cna je znale\u017a\u0107 na p\u00f3\u0142kach najwi\u0119kszych sieci handlowych oraz w tradycyjnych sklepach z artyku\u0142ami dla dzieci.<\/p>\n<h2>Mochtoys Klocki Pin Bricks 100El W Tubie (11677) Mochtoys<\/h2>\n<p>kr\u00f3tkie \u017cyczenia wielkanocne dla dzieci, dzieci.pl, peppa kolorowanka, kolorowanki na dzie\u0144 mamy, bo\u017ce narodzenie (film), krak\u00f3w atrakcje dla dzieci, bajki do czytania dla niemowl\u0105t, znajd\u017a r\u00f3\u017cnice do druku, lucjan imi\u0119, wierszyki o marzannie, s\u0142oneczko, ekskluzywny prezent na roczek, \u0142amig\u0142\u00f3wki dla dzieci, karteczki wydruku wr\u00f3\u017cby andrzejkowe dla dzieci<\/p>\n<p>yyyyy<\/p>\n<p>&nbsp;<\/p>\n","protected":false},"excerpt":{"rendered":"<p>Zabawa klockami pozwoli Twojemu dziecku na wiele godzin weso\u0142ego i kreatywnego zaj\u0119cia. Funkcje klock\u00f3w:- rozwijaj\u0105 sprawno\u015b\u0107 manualn\u0105 ma\u0142ych r\u0105czek- rozwijaj\u0105 logiczne my\u015blenie- ucz\u0105 kojarzenia kszta\u0142t\u00f3w i kolor\u00f3w- doskonal\u0105 ruchy precyzyjne i postrzeganie przestrzenne dziecka- dopasowywanie klock\u00f3w do siebie oraz pr\u00f3by \u0142\u0105czenia ich w budowle \u0107wicz\u0105 koordynacj\u0119 wzrokowo \u2013 ruchow\u0105- bogata kolorystyka rozwija percepcj\u0119 wzrokow\u0105 Firma [&hellip;]<\/p>\n","protected":false},"featured_media":8716,"comment_status":"closed","ping_status":"open","template":"","meta":[],"product_cat":[113,319],"product_tag":[827,790,842],"class_list":["post-8715","product","type-product","status-publish","has-post-thumbnail","hentry","product_cat-klocki","product_cat-mochtoys","product_tag-bajki-dla-niemowlat","product_tag-gry-planszowe-dla-nastolatkow","product_tag-plac-zabaw-poznan"],"_links":{"self":[{"href":"http:\/\/klubmamgdynia.pl\/index.php\/wp-json\/wp\/v2\/product\/8715","targetHints":{"allow":["GET"]}}],"collection":[{"href":"http:\/\/klubmamgdynia.pl\/index.php\/wp-json\/wp\/v2\/product"}],"about":[{"href":"http:\/\/klubmamgdynia.pl\/index.php\/wp-json\/wp\/v2\/types\/product"}],"replies":[{"embeddable":true,"href":"http:\/\/klubmamgdynia.pl\/index.php\/wp-json\/wp\/v2\/comments?post=8715"}],"wp:featuredmedia":[{"embeddable":true,"href":"http:\/\/klubmamgdynia.pl\/index.php\/wp-json\/wp\/v2\/media\/8716"}],"wp:attachment":[{"href":"http:\/\/klubmamgdynia.pl\/index.php\/wp-json\/wp\/v2\/media?parent=8715"}],"wp:term":[{"taxonomy":"product_cat","embeddable":true,"href":"http:\/\/klubmamgdynia.pl\/index.php\/wp-json\/wp\/v2\/product_cat?post=8715"},{"taxonomy":"product_tag","embeddable":true,"href":"http:\/\/klubmamgdynia.pl\/index.php\/wp-json\/wp\/v2\/product_tag?post=8715"}],"curies":[{"name":"wp","href":"https:\/\/api.w.org\/{rel}","templated":true}]}}