{"id":8717,"date":"2016-05-09T01:48:26","date_gmt":"2016-05-08T23:48:26","guid":{"rendered":"http:\/\/klubmamgdynia.pl\/index.php\/produkt\/emily-lalka-w-balowej-sukni-eleganckie-buty-za3136\/"},"modified":"2026-04-20T10:39:54","modified_gmt":"2026-04-20T08:39:54","slug":"emily-lalka-w-balowej-sukni-eleganckie-buty-za3136","status":"publish","type":"product","link":"http:\/\/klubmamgdynia.pl\/index.php\/produkt\/emily-lalka-w-balowej-sukni-eleganckie-buty-za3136\/","title":{"rendered":"Emily Lalka w balowej sukni eleganckie buty ZA3136"},"content":{"rendered":"<p>Emily to urocza lalka w eleganckiej sukni idealnej na wa\u017cn\u0105 uroczysto\u015b\u0107. Lalka Emily posiada pi\u0119kne d\u0142ugie blond w\u0142osy spi\u0119te w kucyk, g\u0142ow\u0119 jej zdobi srebrny diadem. Szyj\u0119 lalki otula tiulowy szal, a suknia ze z\u0142otym gorsetem w kwiatowej tonacji okryta zosta\u0142a siateczkowym woalem mieni\u0105cym si\u0119 brokatem. Ca\u0142o\u015b\u0107 kreacji wyka\u0144czaj\u0105 czarne sanda\u0142ki, kt\u00f3re mo\u017cna zamieni\u0107 na srebrne szpilki.Lalka posiada zginane ko\u0144czyny w \u0142okciach, nadgarstkach i kolanach. Twarz lalki jest gumowa a pozosta\u0142a cz\u0119\u015b\u0107 cia\u0142a z plastiku.Wzrost lalki to 30 cm.Lalka Emily zosta\u0142a zapakowana w bardzo eleganckie i efektowne opakowanie, kt\u00f3re wsp\u00f3\u0142gra z jej stylizacj\u0105. Ca\u0142o\u015b\u0107 tworzy uroczy komplet.Zabawa tak\u0105 lalk\u0105 b\u0119dzie zapewne nietuzinkowa i weso\u0142a. Sklep Jokomisiada posiada w swojej ofercie szereg uroczych lalek w stylu Barbie, pocz\u0105wszy od ksi\u0119\u017cniczek, modelek, mam z rodzin\u0105.<\/p>\n<h2>Emily Lalka w balowej sukni eleganckie buty ZA3136 Jokomisiada<\/h2>\n<p>imie nadia, maska kota, minionki do druku, anio\u0142ki w niebie pisz\u0105, prezent na roczek dla ch\u0142opca, cytat dla mamy, bajki do czytania dla dzieci, prezent dla nastolatek, swinka peppa obrazek, zagadki wiosenne dla dzieci, cytat z ma\u0142ego ksi\u0119cia o przyja\u017ani, pomys\u0142 na prezent na roczek, podchwytliwe zagadki matematyczne, prima aprilis \u017carty dla rodzic\u00f3w, maciej imie, prezenty dla nastolatk\u00f3w na dzie\u0144 dziecka, mini zoo dolno\u015bl\u0105skie, place zabaw warszawa<\/p>\n<p>yyyyy<\/p>\n<p>&nbsp;<\/p>\n","protected":false},"excerpt":{"rendered":"<p>Emily to urocza lalka w eleganckiej sukni idealnej na wa\u017cn\u0105 uroczysto\u015b\u0107. Lalka Emily posiada pi\u0119kne d\u0142ugie blond w\u0142osy spi\u0119te w kucyk, g\u0142ow\u0119 jej zdobi srebrny diadem. Szyj\u0119 lalki otula tiulowy szal, a suknia ze z\u0142otym gorsetem w kwiatowej tonacji okryta zosta\u0142a siateczkowym woalem mieni\u0105cym si\u0119 brokatem. Ca\u0142o\u015b\u0107 kreacji wyka\u0144czaj\u0105 czarne sanda\u0142ki, kt\u00f3re mo\u017cna zamieni\u0107 na [&hellip;]<\/p>\n","protected":false},"featured_media":8718,"comment_status":"closed","ping_status":"open","template":"","meta":[],"product_cat":[131,65],"product_tag":[610,867,741,712,805],"class_list":["post-8717","product","type-product","status-publish","has-post-thumbnail","hentry","product_cat-jokomisiada","product_cat-lalki","product_tag-co-na-prezent-dla-nastolatkow","product_tag-kolorowanki-dla-dziewczynek","product_tag-wlochy","product_tag-zagadki-o-zwierzetach","product_tag-znaczenie-imienia-alan"],"_links":{"self":[{"href":"http:\/\/klubmamgdynia.pl\/index.php\/wp-json\/wp\/v2\/product\/8717","targetHints":{"allow":["GET"]}}],"collection":[{"href":"http:\/\/klubmamgdynia.pl\/index.php\/wp-json\/wp\/v2\/product"}],"about":[{"href":"http:\/\/klubmamgdynia.pl\/index.php\/wp-json\/wp\/v2\/types\/product"}],"replies":[{"embeddable":true,"href":"http:\/\/klubmamgdynia.pl\/index.php\/wp-json\/wp\/v2\/comments?post=8717"}],"wp:featuredmedia":[{"embeddable":true,"href":"http:\/\/klubmamgdynia.pl\/index.php\/wp-json\/wp\/v2\/media\/8718"}],"wp:attachment":[{"href":"http:\/\/klubmamgdynia.pl\/index.php\/wp-json\/wp\/v2\/media?parent=8717"}],"wp:term":[{"taxonomy":"product_cat","embeddable":true,"href":"http:\/\/klubmamgdynia.pl\/index.php\/wp-json\/wp\/v2\/product_cat?post=8717"},{"taxonomy":"product_tag","embeddable":true,"href":"http:\/\/klubmamgdynia.pl\/index.php\/wp-json\/wp\/v2\/product_tag?post=8717"}],"curies":[{"name":"wp","href":"https:\/\/api.w.org\/{rel}","templated":true}]}}