{"id":8719,"date":"2016-06-01T07:46:57","date_gmt":"2016-06-01T05:46:57","guid":{"rendered":"http:\/\/klubmamgdynia.pl\/index.php\/produkt\/kalendarz-adwentowy-psi-patrol-kup-teraz\/"},"modified":"2026-05-17T22:10:52","modified_gmt":"2026-05-17T20:10:52","slug":"kalendarz-adwentowy-psi-patrol-kup-teraz","status":"publish","type":"product","link":"http:\/\/klubmamgdynia.pl\/index.php\/produkt\/kalendarz-adwentowy-psi-patrol-kup-teraz\/","title":{"rendered":"Kalendarz adwentowy Psi Patrol \u00ae KUP TERAZ"},"content":{"rendered":"<p>Opis szczeg\u00f3\u0142owyTen uroczy kalendarz adwentowy wprowadza \u015bwi\u0105teczny nastr\u00f3j do pokoju ka\u017cdego dziecka! 24 r\u00f3\u017cnorodne niespodzianki os\u0142odz\u0105 czas oczekiwania ka\u017cdego dziecka na wielk\u0105 imprez\u0119, a jednocze\u015bnie przynosz\u0105 wiele rado\u015bci. Dzi\u0119ki wspania\u0142ym niespodziankom papierniczym Twoje dzieci mog\u0105 wykaza\u0107 si\u0119 kreatywno\u015bci\u0105 w okresie adwentowym i stworzy\u0107 \u0142adne prezenty dla przyjaci\u00f3\u0142 i rodziny.Zawarto\u015b\u0107: 1x temper\u00f3wka, 3x gumka, 2x mini puzzle, 6x mini znaczek, 1x notatnik, 3x metalowa naklejka, 1x mini kredka, 1x mini pop-up o\u0142\u00f3wek, 1x spinacz do papieru, 2x chwiejne naklejki, 1x brelok, 1x mini ta\u015bma i 1x zak\u0142adkaParametry produktuRozwijane zmys\u0142y \/ umiej\u0119tno\u015bciTworzenie, malowanie, klejenie, uk\u0142adanieDla dzieci w wieku od3 lataWaga jednostkowa brutto0,36 kgKod CN9611 00 00Liczba opakowa\u0144 konsumenckich1 szt.Minimalna ilo\u015b\u0107 zam\u00f3wienia1 szt.Wymiar opakowania (SxWxG)45 x 3 x 32 cmWaga brutto360 g<\/p>\n<h2>Kalendarz adwentowy Psi Patrol \u00ae KUP TERAZ Disney<\/h2>\n<p>jan pawe\u0142 2 rysunek \u0142atwy dla dzieci, cytaty korczak, zagadki o zwierz\u0119tach wiejskich, prezent dla ch\u0142opca na roczek, basen warszawa, spiderman kolorowanka, test lew czarownica i stara szafa, zagadka nie do rozwi\u0105zania, zabawy dla 6 latk\u00f3w, quiz bo\u017ce narodzenie, bajki dla dziewczynek, gdzie strumyk p\u0142ynie z wolna<\/p>\n<p>yyyyy<\/p>\n<p>&nbsp;<\/p>\n","protected":false},"excerpt":{"rendered":"<p>Opis szczeg\u00f3\u0142owyTen uroczy kalendarz adwentowy wprowadza \u015bwi\u0105teczny nastr\u00f3j do pokoju ka\u017cdego dziecka! 24 r\u00f3\u017cnorodne niespodzianki os\u0142odz\u0105 czas oczekiwania ka\u017cdego dziecka na wielk\u0105 imprez\u0119, a jednocze\u015bnie przynosz\u0105 wiele rado\u015bci. Dzi\u0119ki wspania\u0142ym niespodziankom papierniczym Twoje dzieci mog\u0105 wykaza\u0107 si\u0119 kreatywno\u015bci\u0105 w okresie adwentowym i stworzy\u0107 \u0142adne prezenty dla przyjaci\u00f3\u0142 i rodziny.Zawarto\u015b\u0107: 1x temper\u00f3wka, 3x gumka, 2x mini [&hellip;]<\/p>\n","protected":false},"featured_media":8720,"comment_status":"closed","ping_status":"open","template":"","meta":[],"product_cat":[275,1739],"product_tag":[810,743,804,809],"class_list":["post-8719","product","type-product","status-publish","has-post-thumbnail","hentry","product_cat-disney","product_cat-pozostale-akcesoria-bozonarodzeniowe","product_tag-nauka-zegara-do-druku","product_tag-quiz-dla-dzieci","product_tag-ryz-z-owocami","product_tag-zagadki"],"_links":{"self":[{"href":"http:\/\/klubmamgdynia.pl\/index.php\/wp-json\/wp\/v2\/product\/8719","targetHints":{"allow":["GET"]}}],"collection":[{"href":"http:\/\/klubmamgdynia.pl\/index.php\/wp-json\/wp\/v2\/product"}],"about":[{"href":"http:\/\/klubmamgdynia.pl\/index.php\/wp-json\/wp\/v2\/types\/product"}],"replies":[{"embeddable":true,"href":"http:\/\/klubmamgdynia.pl\/index.php\/wp-json\/wp\/v2\/comments?post=8719"}],"wp:featuredmedia":[{"embeddable":true,"href":"http:\/\/klubmamgdynia.pl\/index.php\/wp-json\/wp\/v2\/media\/8720"}],"wp:attachment":[{"href":"http:\/\/klubmamgdynia.pl\/index.php\/wp-json\/wp\/v2\/media?parent=8719"}],"wp:term":[{"taxonomy":"product_cat","embeddable":true,"href":"http:\/\/klubmamgdynia.pl\/index.php\/wp-json\/wp\/v2\/product_cat?post=8719"},{"taxonomy":"product_tag","embeddable":true,"href":"http:\/\/klubmamgdynia.pl\/index.php\/wp-json\/wp\/v2\/product_tag?post=8719"}],"curies":[{"name":"wp","href":"https:\/\/api.w.org\/{rel}","templated":true}]}}