{"id":872,"date":"2020-12-24T17:14:27","date_gmt":"2020-12-24T16:14:27","guid":{"rendered":"http:\/\/klubmamgdynia.pl\/index.php\/produkt\/mga-smooshins-saszetka-zestaw-uzupelniajacy-surprise-character-kit-399471\/"},"modified":"2026-05-17T22:03:44","modified_gmt":"2026-05-17T20:03:44","slug":"mga-smooshins-saszetka-zestaw-uzupelniajacy-surprise-character-kit-399471","status":"publish","type":"product","link":"http:\/\/klubmamgdynia.pl\/index.php\/produkt\/mga-smooshins-saszetka-zestaw-uzupelniajacy-surprise-character-kit-399471\/","title":{"rendered":"MGA Smooshins Saszetka Zestaw Uzupe\u0142niaj\u0105cy Surprise Character Kit 399471"},"content":{"rendered":"<p>SMOOSHINS SURPRISE &#8211; FOREMKA I R\u00d3\u017bOWA SASZETKA 115410                            <\/p>\n<p>Foremka i r\u00f3\u017cowa saszetka jest to produkt uzupe\u0142niaj\u0105cy. Dzi\u0119ki niej stworzysz r\u00f3\u017cow\u0105 Smooshy posta\u0107! Stw\u00f3rz inne postacie za pomoc\u0105 kolorowych saszetek do nape\u0142niania i foremek niespodzianek (sprzedawane oddzielnie). Do zebrania i stworzenia ponad 10 000 kombinacji.<\/p>\n<p>Zawarto\u015b\u0107 zestawu:<\/p>\n<p>r\u00f3\u017cowa saszetka<br \/>\nforemka niespodzianka<br \/>\nstojak dla figurki<br \/>\nSmooshins akcesoria niespodzianki: p\u0142ytka czo\u0142owa, p\u0142ytka na brzuszek i akcesoria na g\u0142\u00f3wk\u0119<\/p>\n<h2>MGA Smooshins Saszetka Zestaw Uzupe\u0142niaj\u0105cy Surprise Character Kit 399471 MGA<\/h2>\n<p>traktor z przyczep\u0105 kolorowanka, znaczenie imiona justyna, quiz zemsta, jaki prezent na roczek dla dziewczynki, przechowywanie zabawek, najpi\u0119kniejsze cytaty cytaty dla mamy, alfons, zabawki dla dziewczynki na roczek, test z lektury opowie\u015bci z narnii lew czarownica i stara szafa, co oznacza jordan, trudne zagadki logiczne z odpowiedziami, kolorowanki lol, bajka do czytania na dobranoc, otto, maski dla dzieci do druku, pomys\u0142y na prezent na roczek, zabawy z pi\u0142k\u0105 dla dzieci, logiczne zagadki, ferie warszawa 2022, zagadki o wiosnie<\/p>\n<p>yyyyy<\/p>\n<p>&nbsp;<\/p>\n","protected":false},"excerpt":{"rendered":"<p>SMOOSHINS SURPRISE &#8211; FOREMKA I R\u00d3\u017bOWA SASZETKA 115410 Foremka i r\u00f3\u017cowa saszetka jest to produkt uzupe\u0142niaj\u0105cy. Dzi\u0119ki niej stworzysz r\u00f3\u017cow\u0105 Smooshy posta\u0107! Stw\u00f3rz inne postacie za pomoc\u0105 kolorowych saszetek do nape\u0142niania i foremek niespodzianek (sprzedawane oddzielnie). Do zebrania i stworzenia ponad 10 000 kombinacji. Zawarto\u015b\u0107 zestawu: r\u00f3\u017cowa saszetka foremka niespodzianka stojak dla figurki Smooshins akcesoria [&hellip;]<\/p>\n","protected":false},"featured_media":873,"comment_status":"closed","ping_status":"open","template":"","meta":[],"product_cat":[301,21],"product_tag":[745,609,791],"class_list":["post-872","product","type-product","status-publish","has-post-thumbnail","hentry","product_cat-mga","product_cat-zabawki-plastyczne","product_tag-prezent-dla-15-latki","product_tag-quiz-flagi-europy","product_tag-zagadki-na-myslenie"],"_links":{"self":[{"href":"http:\/\/klubmamgdynia.pl\/index.php\/wp-json\/wp\/v2\/product\/872","targetHints":{"allow":["GET"]}}],"collection":[{"href":"http:\/\/klubmamgdynia.pl\/index.php\/wp-json\/wp\/v2\/product"}],"about":[{"href":"http:\/\/klubmamgdynia.pl\/index.php\/wp-json\/wp\/v2\/types\/product"}],"replies":[{"embeddable":true,"href":"http:\/\/klubmamgdynia.pl\/index.php\/wp-json\/wp\/v2\/comments?post=872"}],"wp:featuredmedia":[{"embeddable":true,"href":"http:\/\/klubmamgdynia.pl\/index.php\/wp-json\/wp\/v2\/media\/873"}],"wp:attachment":[{"href":"http:\/\/klubmamgdynia.pl\/index.php\/wp-json\/wp\/v2\/media?parent=872"}],"wp:term":[{"taxonomy":"product_cat","embeddable":true,"href":"http:\/\/klubmamgdynia.pl\/index.php\/wp-json\/wp\/v2\/product_cat?post=872"},{"taxonomy":"product_tag","embeddable":true,"href":"http:\/\/klubmamgdynia.pl\/index.php\/wp-json\/wp\/v2\/product_tag?post=872"}],"curies":[{"name":"wp","href":"https:\/\/api.w.org\/{rel}","templated":true}]}}