{"id":8723,"date":"2012-03-03T11:21:15","date_gmt":"2012-03-03T10:21:15","guid":{"rendered":"http:\/\/klubmamgdynia.pl\/index.php\/produkt\/seven-9330-zaslonki-boczne-mickey-2szt-4435\/"},"modified":"2026-04-07T12:35:08","modified_gmt":"2026-04-07T10:35:08","slug":"seven-9330-zaslonki-boczne-mickey-2szt-4435","status":"publish","type":"product","link":"http:\/\/klubmamgdynia.pl\/index.php\/produkt\/seven-9330-zaslonki-boczne-mickey-2szt-4435\/","title":{"rendered":"Seven 9330 Zas\u0142onki Boczne Mickey 2szt. 44&#8217;35"},"content":{"rendered":"<p>Zas\u0142onki przeciws\u0142oneczne z kolorowymi motywami wprowadz\u0105 dzieci w \u015bwiat bajek Disneya umilaj\u0105c chwile sp\u0119dzone w samochodzie.Zas\u0142onki s\u0105 mocowane do szyby za pomoc\u0105 gumowych przyssawek, pasuj\u0105 do wszystkich modeli aut.Zas\u0142onki przeciws\u0142oneczne s\u0105 wykonane z wytrzyma\u0142ych, bezpiecznych dla dzieci materia\u0142\u00f3w.Produkt nie zawiera ftalan\u00f3w.W komplecie 2 zas\u0142onki.Wymiary: 44&#215;35 cm<\/p>\n<h2>Seven 9330 Zas\u0142onki Boczne Mickey 2szt. 4435 Seven<\/h2>\n<p>bajki dla dzieci na dobranoc do czytania, lew czarownica i stara szafa test, cicha noc po angielsku, trudne zagadki wielkanocne, znajd\u017a r\u00f3\u017cnice do druku, psi patrol do druku, kolorowanki miasto, dyplomy szablony pdf, liwia, zagadki dla 6 latka, kolorowanki kotki<\/p>\n<p>yyyyy<\/p>\n<p>&nbsp;<\/p>\n","protected":false},"excerpt":{"rendered":"<p>Zas\u0142onki przeciws\u0142oneczne z kolorowymi motywami wprowadz\u0105 dzieci w \u015bwiat bajek Disneya umilaj\u0105c chwile sp\u0119dzone w samochodzie.Zas\u0142onki s\u0105 mocowane do szyby za pomoc\u0105 gumowych przyssawek, pasuj\u0105 do wszystkich modeli aut.Zas\u0142onki przeciws\u0142oneczne s\u0105 wykonane z wytrzyma\u0142ych, bezpiecznych dla dzieci materia\u0142\u00f3w.Produkt nie zawiera ftalan\u00f3w.W komplecie 2 zas\u0142onki.Wymiary: 44&#215;35 cm Seven 9330 Zas\u0142onki Boczne Mickey 2szt. 4435 Seven bajki [&hellip;]<\/p>\n","protected":false},"featured_media":8724,"comment_status":"closed","ping_status":"open","template":"","meta":[],"product_cat":[1125,1020],"product_tag":[848,699,807,638,655,715],"class_list":["post-8723","product","type-product","status-publish","has-post-thumbnail","hentry","product_cat-akcesoria-samochodowe-dla-dzieci","product_cat-seven","product_tag-cytat-o-rodzinie","product_tag-kolorowanki-do-druku-dla-dziewczyn","product_tag-logiczne-zagadki","product_tag-miastodzieci","product_tag-najlepsze-zagadki","product_tag-zosia-samosia"],"_links":{"self":[{"href":"http:\/\/klubmamgdynia.pl\/index.php\/wp-json\/wp\/v2\/product\/8723","targetHints":{"allow":["GET"]}}],"collection":[{"href":"http:\/\/klubmamgdynia.pl\/index.php\/wp-json\/wp\/v2\/product"}],"about":[{"href":"http:\/\/klubmamgdynia.pl\/index.php\/wp-json\/wp\/v2\/types\/product"}],"replies":[{"embeddable":true,"href":"http:\/\/klubmamgdynia.pl\/index.php\/wp-json\/wp\/v2\/comments?post=8723"}],"wp:featuredmedia":[{"embeddable":true,"href":"http:\/\/klubmamgdynia.pl\/index.php\/wp-json\/wp\/v2\/media\/8724"}],"wp:attachment":[{"href":"http:\/\/klubmamgdynia.pl\/index.php\/wp-json\/wp\/v2\/media?parent=8723"}],"wp:term":[{"taxonomy":"product_cat","embeddable":true,"href":"http:\/\/klubmamgdynia.pl\/index.php\/wp-json\/wp\/v2\/product_cat?post=8723"},{"taxonomy":"product_tag","embeddable":true,"href":"http:\/\/klubmamgdynia.pl\/index.php\/wp-json\/wp\/v2\/product_tag?post=8723"}],"curies":[{"name":"wp","href":"https:\/\/api.w.org\/{rel}","templated":true}]}}