{"id":8725,"date":"2022-07-21T21:35:50","date_gmt":"2022-07-21T19:35:50","guid":{"rendered":"http:\/\/klubmamgdynia.pl\/index.php\/produkt\/pro-kids-pila-lancuchowa-zabawka\/"},"modified":"2026-04-06T03:09:52","modified_gmt":"2026-04-06T01:09:52","slug":"pro-kids-pila-lancuchowa-zabawka","status":"publish","type":"product","link":"http:\/\/klubmamgdynia.pl\/index.php\/produkt\/pro-kids-pila-lancuchowa-zabawka\/","title":{"rendered":"Pro Kids Pi\u0142a \u0141a\u0144cuchowa &#8211; Zabawka"},"content":{"rendered":"<p>Mix wzor\u00f3w, towar wysy\u0142any losowo.Realistyczny wygl\u0105d i odg\u0142osy pracy pi\u0142y \u0142a\u0144cuchowej. Zabawka na\u015bladuj\u0105ca prawdziwe narz\u0119dzia. Ch\u0119tnie u\u017cywana przez dzieci, kt\u00f3re lubi\u0105 na\u015bladowa\u0107 prac\u0119 doros\u0142ych. Dobrej jako\u015bci materia\u0142y, atrakcyjny realistyczny wygl\u0105d i spos\u00f3b dzia\u0142ania.Pi\u0142a do drewna na baterie. Aby w\u0142\u0105czy\u0107 zabawk\u0119 nale\u017cy jak w prawdziwej pile spalinowej poci\u0105gn\u0105\u0107 za rozrusznik i dopiero b\u0119dzie kr\u0119ci\u0107 w k\u00f3\u0142ko gumowym \u0142a\u0144cuchem. Zapakowana w otwartym pude\u0142ku&#8230;.<\/p>\n<h2>Pro Kids Pi\u0142a \u0141a\u0144cuchowa &#8211; Zabawka Pro Kids<\/h2>\n<p>impreza halloween 2021 dla dzieci, bajki z misiami, miastodzieci, zagadki logiczne, kolorowanki lol surprise, samochwa\u0142a, iwo imi\u0119, marianna imi\u0119, sky kolorowanka, prezent dla 17 latka, cookie dough przepis, fabian, postacie z bajek kolorowanki<\/p>\n<p>yyyyy<\/p>\n<p>&nbsp;<\/p>\n","protected":false},"excerpt":{"rendered":"<p>Mix wzor\u00f3w, towar wysy\u0142any losowo.Realistyczny wygl\u0105d i odg\u0142osy pracy pi\u0142y \u0142a\u0144cuchowej. Zabawka na\u015bladuj\u0105ca prawdziwe narz\u0119dzia. Ch\u0119tnie u\u017cywana przez dzieci, kt\u00f3re lubi\u0105 na\u015bladowa\u0107 prac\u0119 doros\u0142ych. Dobrej jako\u015bci materia\u0142y, atrakcyjny realistyczny wygl\u0105d i spos\u00f3b dzia\u0142ania.Pi\u0142a do drewna na baterie. Aby w\u0142\u0105czy\u0107 zabawk\u0119 nale\u017cy jak w prawdziwej pile spalinowej poci\u0105gn\u0105\u0107 za rozrusznik i dopiero b\u0119dzie kr\u0119ci\u0107 w k\u00f3\u0142ko [&hellip;]<\/p>\n","protected":false},"featured_media":8726,"comment_status":"closed","ping_status":"open","template":"","meta":[],"product_cat":[53,1229],"product_tag":[856,704,739,773],"class_list":["post-8725","product","type-product","status-publish","has-post-thumbnail","hentry","product_cat-kaciki-zabaw","product_cat-pro-kids","product_tag-prezent-dla-16-latki","product_tag-prezent-dla-nastolatka","product_tag-prima-aprilis-w-szkole","product_tag-test-z-lektury-opowiesci-z-narnii-lew-czarownica-i-stara-szafa"],"_links":{"self":[{"href":"http:\/\/klubmamgdynia.pl\/index.php\/wp-json\/wp\/v2\/product\/8725","targetHints":{"allow":["GET"]}}],"collection":[{"href":"http:\/\/klubmamgdynia.pl\/index.php\/wp-json\/wp\/v2\/product"}],"about":[{"href":"http:\/\/klubmamgdynia.pl\/index.php\/wp-json\/wp\/v2\/types\/product"}],"replies":[{"embeddable":true,"href":"http:\/\/klubmamgdynia.pl\/index.php\/wp-json\/wp\/v2\/comments?post=8725"}],"wp:featuredmedia":[{"embeddable":true,"href":"http:\/\/klubmamgdynia.pl\/index.php\/wp-json\/wp\/v2\/media\/8726"}],"wp:attachment":[{"href":"http:\/\/klubmamgdynia.pl\/index.php\/wp-json\/wp\/v2\/media?parent=8725"}],"wp:term":[{"taxonomy":"product_cat","embeddable":true,"href":"http:\/\/klubmamgdynia.pl\/index.php\/wp-json\/wp\/v2\/product_cat?post=8725"},{"taxonomy":"product_tag","embeddable":true,"href":"http:\/\/klubmamgdynia.pl\/index.php\/wp-json\/wp\/v2\/product_tag?post=8725"}],"curies":[{"name":"wp","href":"https:\/\/api.w.org\/{rel}","templated":true}]}}