{"id":8729,"date":"2022-04-08T11:15:56","date_gmt":"2022-04-08T09:15:56","guid":{"rendered":"http:\/\/klubmamgdynia.pl\/index.php\/produkt\/g3-5-bierze\/"},"modified":"2026-04-03T19:40:41","modified_gmt":"2026-04-03T17:40:41","slug":"g3-5-bierze","status":"publish","type":"product","link":"http:\/\/klubmamgdynia.pl\/index.php\/produkt\/g3-5-bierze\/","title":{"rendered":"G3 5. Bierze!"},"content":{"rendered":"<p>Zbieraj bycze g\u0142owy, ale tylko te odpowiednie! Gracze staraj\u0105 si\u0119 zebra\u0107 jak najwi\u0119cej zielonych byczych g\u0142\u00f3w, kt\u00f3re daj\u0105 punkty dodatnie. Jednocze\u015bnie pr\u00f3buj\u0105 unika\u0107 zbierania czerwonych byczych g\u0142\u00f3w, kt\u00f3re oznaczaj\u0105 punkty ujemne. Warto te\u017c zwraca\u0107 uwag\u0119 na karty specjalne, kt\u00f3re daj\u0105 dodatkowe punkty.Celem graczy jest zgromadzenie jak najwi\u0119kszej liczby zielonych byczych g\u0142\u00f3w. Na stole jest kilka rz\u0119d\u00f3w kart. Kiedy gracz dok\u0142ada pi\u0105t\u0105 kart\u0119 do rz\u0119du, zbiera z niego wszystkie karty. W rz\u0119dach mog\u0105 znajdowa\u0107 si\u0119 karty zar\u00f3wno z zielonymi, jak i czerwonymi byczymi g\u0142owami. Gracz, kt\u00f3ry zdob\u0119dzie najwi\u0119cej punkt\u00f3w &#8211; wygrywa!ZAWARTO\u015a\u0106:98 kart z byczymi g\u0142owami12 kart specjalnychinstrukcja NAZWA 5. BIERZE! G3 PRODUCENT G3 WIEK 10+ EAN 5906395350568 Znajd\u017a podobne wed\u0142ug klucza: G3 (408119)<\/p>\n<h2>G3 5. Bierze! G3<\/h2>\n<p>najlepsze zarty na prima aprilis, ida swieta wielkanocne ida swieta, prezent dla nastolatka, \u015bmieszne zagadki matematyczne, atrakcje dla nastolatk\u00f3w, quiz zemsta, prezenty dla nastolatk\u00f3w do 50 z\u0142, jednorozec z dyni, prezenty na roczek<\/p>\n<p>yyyyy<\/p>\n<p>&nbsp;<\/p>\n","protected":false},"excerpt":{"rendered":"<p>Zbieraj bycze g\u0142owy, ale tylko te odpowiednie! Gracze staraj\u0105 si\u0119 zebra\u0107 jak najwi\u0119cej zielonych byczych g\u0142\u00f3w, kt\u00f3re daj\u0105 punkty dodatnie. Jednocze\u015bnie pr\u00f3buj\u0105 unika\u0107 zbierania czerwonych byczych g\u0142\u00f3w, kt\u00f3re oznaczaj\u0105 punkty ujemne. Warto te\u017c zwraca\u0107 uwag\u0119 na karty specjalne, kt\u00f3re daj\u0105 dodatkowe punkty.Celem graczy jest zgromadzenie jak najwi\u0119kszej liczby zielonych byczych g\u0142\u00f3w. Na stole jest kilka [&hellip;]<\/p>\n","protected":false},"featured_media":8730,"comment_status":"closed","ping_status":"open","template":"","meta":[],"product_cat":[1095,220],"product_tag":[808,851,631,694],"class_list":["post-8729","product","type-product","status-publish","has-post-thumbnail","hentry","product_cat-g3","product_cat-gry-karciane","product_tag-imie-mia","product_tag-jak-narysowac-kota","product_tag-prezent-na-roczek","product_tag-zagadki-swiateczne-dla-dzieci"],"_links":{"self":[{"href":"http:\/\/klubmamgdynia.pl\/index.php\/wp-json\/wp\/v2\/product\/8729","targetHints":{"allow":["GET"]}}],"collection":[{"href":"http:\/\/klubmamgdynia.pl\/index.php\/wp-json\/wp\/v2\/product"}],"about":[{"href":"http:\/\/klubmamgdynia.pl\/index.php\/wp-json\/wp\/v2\/types\/product"}],"replies":[{"embeddable":true,"href":"http:\/\/klubmamgdynia.pl\/index.php\/wp-json\/wp\/v2\/comments?post=8729"}],"wp:featuredmedia":[{"embeddable":true,"href":"http:\/\/klubmamgdynia.pl\/index.php\/wp-json\/wp\/v2\/media\/8730"}],"wp:attachment":[{"href":"http:\/\/klubmamgdynia.pl\/index.php\/wp-json\/wp\/v2\/media?parent=8729"}],"wp:term":[{"taxonomy":"product_cat","embeddable":true,"href":"http:\/\/klubmamgdynia.pl\/index.php\/wp-json\/wp\/v2\/product_cat?post=8729"},{"taxonomy":"product_tag","embeddable":true,"href":"http:\/\/klubmamgdynia.pl\/index.php\/wp-json\/wp\/v2\/product_tag?post=8729"}],"curies":[{"name":"wp","href":"https:\/\/api.w.org\/{rel}","templated":true}]}}