{"id":8731,"date":"2022-04-04T11:17:35","date_gmt":"2022-04-04T09:17:35","guid":{"rendered":"http:\/\/klubmamgdynia.pl\/index.php\/produkt\/mochtoys-mochtoys-traktor-spychacz-z-przyczepa\/"},"modified":"2026-05-17T22:46:49","modified_gmt":"2026-05-17T20:46:49","slug":"mochtoys-mochtoys-traktor-spychacz-z-przyczepa","status":"publish","type":"product","link":"http:\/\/klubmamgdynia.pl\/index.php\/produkt\/mochtoys-mochtoys-traktor-spychacz-z-przyczepa\/","title":{"rendered":"Mochtoys Mochtoys Traktor Spychacz Z Przyczep\u0105"},"content":{"rendered":"<p>SPYCHACZ Z PRZYCZEP\u0104 NA GUMOWYCH KO\u0141ACH &#8211; Traktor 10173 &#8211; polskiej marki MOCHTOYSSpychacz z przyczep\u0105 zestaw dla ch\u0142opc\u00f3w do zabawy w domu lub piasku. Przyczepa mo\u017ce zosta\u0107 za\u0142adowana piaskiem lub klockami, mo\u017cna j\u0105 od\u0142\u0105czy\u0107.Zestaw posiada mi\u0119kkie gumowe ko\u0142a.\u0141yczka przy spychaczu jest ruchoma.Przyczepka posiada mechanizm wywrotki.D\u0142. \/ Szer. \/ Wys. Zabawki:  55,5 x 17 x 19,5 cmMOCH-210173Nr oferty xSale 10463080256<\/p>\n<h2>Mochtoys Mochtoys Traktor Spychacz Z Przyczep\u0105 Mochtoys<\/h2>\n<p>delfinarium polska, tabliczka mno\u017cenia do druku, kolorowanki konie, zagadki dla dzieci 7-8 lat, maurycy, lol kolorowanka do druku, imi\u0119 nadia, zagadki kr\u00f3tkie, zagadki o psach, lol surprise kolorowanki, atrakcje dla dzieci wroclaw, ozdoby wielkanocne z dzie\u0107mi, zagadki o lesie, co robi\u0107 z dzieckiem w warszawie, co\u015b dla nastolatk\u00f3w, kolorowanka harry potter, jan pawe\u0142 2 rysunek \u0142atwy dla dzieci, zabawka na roczek dla dziewczynki, zagadka o wio\u015bnie, cytat o przyja\u017ani, maska wilka szablon<\/p>\n<p>yyyyy<\/p>\n<p>&nbsp;<\/p>\n","protected":false},"excerpt":{"rendered":"<p>SPYCHACZ Z PRZYCZEP\u0104 NA GUMOWYCH KO\u0141ACH &#8211; Traktor 10173 &#8211; polskiej marki MOCHTOYSSpychacz z przyczep\u0105 zestaw dla ch\u0142opc\u00f3w do zabawy w domu lub piasku. Przyczepa mo\u017ce zosta\u0107 za\u0142adowana piaskiem lub klockami, mo\u017cna j\u0105 od\u0142\u0105czy\u0107.Zestaw posiada mi\u0119kkie gumowe ko\u0142a.\u0141yczka przy spychaczu jest ruchoma.Przyczepka posiada mechanizm wywrotki.D\u0142. \/ Szer. \/ Wys. Zabawki: 55,5 x 17 x 19,5 [&hellip;]<\/p>\n","protected":false},"featured_media":8732,"comment_status":"closed","ping_status":"open","template":"","meta":[],"product_cat":[83,319],"product_tag":[753,606,840,799,849],"class_list":["post-8731","product","type-product","status-publish","has-post-thumbnail","hentry","product_cat-auta-i-inne-pojazdy-do-zabawy","product_cat-mochtoys","product_tag-kamila","product_tag-stala-pod-sniegiem","product_tag-stare-bajki","product_tag-zagadka-logiczna","product_tag-zagadki-matematyczne-dla-dzieci"],"_links":{"self":[{"href":"http:\/\/klubmamgdynia.pl\/index.php\/wp-json\/wp\/v2\/product\/8731","targetHints":{"allow":["GET"]}}],"collection":[{"href":"http:\/\/klubmamgdynia.pl\/index.php\/wp-json\/wp\/v2\/product"}],"about":[{"href":"http:\/\/klubmamgdynia.pl\/index.php\/wp-json\/wp\/v2\/types\/product"}],"replies":[{"embeddable":true,"href":"http:\/\/klubmamgdynia.pl\/index.php\/wp-json\/wp\/v2\/comments?post=8731"}],"wp:featuredmedia":[{"embeddable":true,"href":"http:\/\/klubmamgdynia.pl\/index.php\/wp-json\/wp\/v2\/media\/8732"}],"wp:attachment":[{"href":"http:\/\/klubmamgdynia.pl\/index.php\/wp-json\/wp\/v2\/media?parent=8731"}],"wp:term":[{"taxonomy":"product_cat","embeddable":true,"href":"http:\/\/klubmamgdynia.pl\/index.php\/wp-json\/wp\/v2\/product_cat?post=8731"},{"taxonomy":"product_tag","embeddable":true,"href":"http:\/\/klubmamgdynia.pl\/index.php\/wp-json\/wp\/v2\/product_tag?post=8731"}],"curies":[{"name":"wp","href":"https:\/\/api.w.org\/{rel}","templated":true}]}}