{"id":8733,"date":"2021-09-22T22:53:04","date_gmt":"2021-09-22T20:53:04","guid":{"rendered":"http:\/\/klubmamgdynia.pl\/index.php\/produkt\/spin-master-psi-patrol-mini-seria-1\/"},"modified":"2026-05-02T17:02:41","modified_gmt":"2026-05-02T15:02:41","slug":"spin-master-psi-patrol-mini-seria-1","status":"publish","type":"product","link":"http:\/\/klubmamgdynia.pl\/index.php\/produkt\/spin-master-psi-patrol-mini-seria-1\/","title":{"rendered":"Spin Master Psi Patrol Mini Seria 1"},"content":{"rendered":"<p>Seria mini figurek bohater\u00f3w bajki &#8222;Psi Patrol&#8221; to wspania\u0142y prezent dla ma\u0142ych wielbicieli tych uroczych psiak\u00f3w. Figurka jest form\u0105 niespodzianki, nie wiemy, kt\u00f3ra posta\u0107 znajduje si\u0119 w \u015brodku. Ka\u017cda figurka posiada charakterystyczny dla siebie str\u00f3j. Zbierz sw\u00f3j w\u0142asny psi patrol i tw\u00f3rz wspania\u0142e przygody. Zbierz ca\u0142\u0105 kolekcj\u0119! W serii 1 do zebrania 9 figurek.Cechy produktu:Figurka bohatera bajki &#8222;Psi Patrol&#8221;W serii 1 znajduj\u0105 si\u0119 figurki klasyczneDo zebrania 9 figurek w serii 1Zabawka jest niespodziank\u0105, nie wiemy, kt\u00f3ra posta\u0107 znajduje si\u0119 w \u015brodkuProdukt wysy\u0142amy losowoCena dotyczy 1 figurki.<\/p>\n<h2>Spin Master Psi Patrol Mini Seria 1 Spin Master<\/h2>\n<p>quiz o bajkach, co na prezent dla 7 latki, psi patrol kolorowanka, zagadki trudne, zagadki dla 7 latk\u00f3w, pisanie literek do druku, g\u0142upie zagadki, prezent dla 7 latki, imi\u0119 alan, dzieci cytaty, hobbit<\/p>\n<p>yyyyy<\/p>\n<p>&nbsp;<\/p>\n","protected":false},"excerpt":{"rendered":"<p>Seria mini figurek bohater\u00f3w bajki &#8222;Psi Patrol&#8221; to wspania\u0142y prezent dla ma\u0142ych wielbicieli tych uroczych psiak\u00f3w. Figurka jest form\u0105 niespodzianki, nie wiemy, kt\u00f3ra posta\u0107 znajduje si\u0119 w \u015brodku. Ka\u017cda figurka posiada charakterystyczny dla siebie str\u00f3j. Zbierz sw\u00f3j w\u0142asny psi patrol i tw\u00f3rz wspania\u0142e przygody. Zbierz ca\u0142\u0105 kolekcj\u0119! W serii 1 do zebrania 9 figurek.Cechy produktu:Figurka [&hellip;]<\/p>\n","protected":false},"featured_media":8734,"comment_status":"closed","ping_status":"open","template":"","meta":[],"product_cat":[95,94],"product_tag":[790,583,768,732,786,721],"class_list":["post-8733","product","type-product","status-publish","has-post-thumbnail","hentry","product_cat-figurki-makiety-i-zestawy","product_cat-spin-master","product_tag-gry-planszowe-dla-nastolatkow","product_tag-kolysanki-dla-dzieci-tekst","product_tag-krotkie-zagadki-logiczne","product_tag-prezent-dla-rocznego-chlopca","product_tag-prezent-na-1-urodziny","product_tag-zagadki-matematyczne"],"_links":{"self":[{"href":"http:\/\/klubmamgdynia.pl\/index.php\/wp-json\/wp\/v2\/product\/8733","targetHints":{"allow":["GET"]}}],"collection":[{"href":"http:\/\/klubmamgdynia.pl\/index.php\/wp-json\/wp\/v2\/product"}],"about":[{"href":"http:\/\/klubmamgdynia.pl\/index.php\/wp-json\/wp\/v2\/types\/product"}],"replies":[{"embeddable":true,"href":"http:\/\/klubmamgdynia.pl\/index.php\/wp-json\/wp\/v2\/comments?post=8733"}],"wp:featuredmedia":[{"embeddable":true,"href":"http:\/\/klubmamgdynia.pl\/index.php\/wp-json\/wp\/v2\/media\/8734"}],"wp:attachment":[{"href":"http:\/\/klubmamgdynia.pl\/index.php\/wp-json\/wp\/v2\/media?parent=8733"}],"wp:term":[{"taxonomy":"product_cat","embeddable":true,"href":"http:\/\/klubmamgdynia.pl\/index.php\/wp-json\/wp\/v2\/product_cat?post=8733"},{"taxonomy":"product_tag","embeddable":true,"href":"http:\/\/klubmamgdynia.pl\/index.php\/wp-json\/wp\/v2\/product_tag?post=8733"}],"curies":[{"name":"wp","href":"https:\/\/api.w.org\/{rel}","templated":true}]}}