{"id":8735,"date":"2020-05-18T11:53:25","date_gmt":"2020-05-18T09:53:25","guid":{"rendered":"http:\/\/klubmamgdynia.pl\/index.php\/produkt\/mochtoys-wiaderko-do-piasku-z-lodami\/"},"modified":"2026-05-17T22:38:49","modified_gmt":"2026-05-17T20:38:49","slug":"mochtoys-wiaderko-do-piasku-z-lodami","status":"publish","type":"product","link":"http:\/\/klubmamgdynia.pl\/index.php\/produkt\/mochtoys-wiaderko-do-piasku-z-lodami\/","title":{"rendered":"Mochtoys Wiaderko Do Piasku Z Lodami"},"content":{"rendered":"<p>Wiaderko Do Piasku Z Lodami MOCHTOYS Mochtoys Mochtoys jest jednym z czo\u0142owych producent\u00f3w zabawek z tworzyw sztucznych w Europie. Zosta\u0142a za\u0142o\u017cona w 1993 roku i aktualnie posiada dwie nowoczesne fabryki i magazyny. Produkty firmy Mochtoys s\u0105 sprzedawane z powodzeniem na rynku krajowym i w ca\u0142ej Europie od ponad 20 lat. Mo\u017cna je znale\u017a\u0107 na p\u00f3\u0142kach najwi\u0119kszych sieci handlowych oraz w tradycyjnych sklepach z artyku\u0142ami dla dzieci. Zestaw zawiera: wiaderko, foremki lod\u00f3w, \u0142y\u017ck\u0119 do nak\u0142adania. D\u0142. \/ Szer. \/ Wys. Zabawki: 18 x 16 x 29 cm Wymiary opakowania: 80 x 60 x 37 cmWiek: od 12 miesi\u0119cyWymiary produktu: 80 x 60 x 37 cmWymiary opakowania: 80 x 60 x 37 cmWaga: 0,210 \/ 0,214 kgWysoko\u015b\u0107: 29 cmSzeroko\u015b\u0107: 16 cmD\u0142ugo\u015b\u0107: 18 cm<\/p>\n<h2>Mochtoys Wiaderko Do Piasku Z Lodami Mochtoys<\/h2>\n<p>jak narysowa\u0107 \u017cab\u0119, lol do druku, star wars kolorowanki, domki z rolek po papierze toaletowym, mi\u015b z filmu animowanego, nauka literek do druku, kolorowanki do druku dla dziewczyn, warszawa atrakcje dla m\u0142odzie\u017cy, kolorowanki dla ch\u0142opc\u00f3w do druku, dzie\u0144 dziecka dla nastolatk\u00f3w, kolorowanki disney, zagadki matematyczne dla dzieci 7 lat, tabliczka mno\u017cenia zadania do druku<\/p>\n<p>yyyyy<\/p>\n<p>&nbsp;<\/p>\n","protected":false},"excerpt":{"rendered":"<p>Wiaderko Do Piasku Z Lodami MOCHTOYS Mochtoys Mochtoys jest jednym z czo\u0142owych producent\u00f3w zabawek z tworzyw sztucznych w Europie. Zosta\u0142a za\u0142o\u017cona w 1993 roku i aktualnie posiada dwie nowoczesne fabryki i magazyny. Produkty firmy Mochtoys s\u0105 sprzedawane z powodzeniem na rynku krajowym i w ca\u0142ej Europie od ponad 20 lat. Mo\u017cna je znale\u017a\u0107 na p\u00f3\u0142kach [&hellip;]<\/p>\n","protected":false},"featured_media":8736,"comment_status":"closed","ping_status":"open","template":"","meta":[],"product_cat":[1418,319],"product_tag":[648,707,813,814,597],"class_list":["post-8735","product","type-product","status-publish","has-post-thumbnail","hentry","product_cat-akcesoria-do-zabawek-ogrodowych","product_cat-mochtoys","product_tag-dobrej-nocy-i-sza","product_tag-karty-pracy-dla-dzieci-z-ukrainy","product_tag-krotkie-zagadki-matematyczne-z-odpowiedziami","product_tag-prezenty-dla-nastolatek","product_tag-zagadki-o-zimie"],"_links":{"self":[{"href":"http:\/\/klubmamgdynia.pl\/index.php\/wp-json\/wp\/v2\/product\/8735","targetHints":{"allow":["GET"]}}],"collection":[{"href":"http:\/\/klubmamgdynia.pl\/index.php\/wp-json\/wp\/v2\/product"}],"about":[{"href":"http:\/\/klubmamgdynia.pl\/index.php\/wp-json\/wp\/v2\/types\/product"}],"replies":[{"embeddable":true,"href":"http:\/\/klubmamgdynia.pl\/index.php\/wp-json\/wp\/v2\/comments?post=8735"}],"wp:featuredmedia":[{"embeddable":true,"href":"http:\/\/klubmamgdynia.pl\/index.php\/wp-json\/wp\/v2\/media\/8736"}],"wp:attachment":[{"href":"http:\/\/klubmamgdynia.pl\/index.php\/wp-json\/wp\/v2\/media?parent=8735"}],"wp:term":[{"taxonomy":"product_cat","embeddable":true,"href":"http:\/\/klubmamgdynia.pl\/index.php\/wp-json\/wp\/v2\/product_cat?post=8735"},{"taxonomy":"product_tag","embeddable":true,"href":"http:\/\/klubmamgdynia.pl\/index.php\/wp-json\/wp\/v2\/product_tag?post=8735"}],"curies":[{"name":"wp","href":"https:\/\/api.w.org\/{rel}","templated":true}]}}