{"id":8737,"date":"2018-10-06T03:15:30","date_gmt":"2018-10-06T01:15:30","guid":{"rendered":"http:\/\/klubmamgdynia.pl\/index.php\/produkt\/spin-master-monster-jam-walizka-kolekcjonerska-na-pojazdy\/"},"modified":"2026-05-17T21:25:51","modified_gmt":"2026-05-17T19:25:51","slug":"spin-master-monster-jam-walizka-kolekcjonerska-na-pojazdy","status":"publish","type":"product","link":"http:\/\/klubmamgdynia.pl\/index.php\/produkt\/spin-master-monster-jam-walizka-kolekcjonerska-na-pojazdy\/","title":{"rendered":"Spin Master Monster Jam Walizka kolekcjonerska na pojazdy"},"content":{"rendered":"<p>Spin 6058322 Monster Jam 20125832 Carrying case Walizka kolekcjonerskaLekka walizka z wyci\u0105gan\u0105 r\u0105czk\u0105, kt\u00f3ra pomie\u015bci do 15 pojazd\u00f3w w skali 1:64.Przeznaczona dla dzieci od 3 roku \u017cycia.<\/p>\n<h2>Spin Master Monster Jam Walizka kolekcjonerska na pojazdy Spin Master<\/h2>\n<p>kolorowanki do druku kotki, bo\u017ce narodzenie (film), wroc\u0142aw atrakcje dla dzieci 2021, pisanie po \u015bladzie do druku pdf, god\u0142o polski do druku, zabawy miko\u0142ajkowe dla dzieci<\/p>\n<p>yyyyy<\/p>\n<p>&nbsp;<\/p>\n","protected":false},"excerpt":{"rendered":"<p>Spin 6058322 Monster Jam 20125832 Carrying case Walizka kolekcjonerskaLekka walizka z wyci\u0105gan\u0105 r\u0105czk\u0105, kt\u00f3ra pomie\u015bci do 15 pojazd\u00f3w w skali 1:64.Przeznaczona dla dzieci od 3 roku \u017cycia. Spin Master Monster Jam Walizka kolekcjonerska na pojazdy Spin Master kolorowanki do druku kotki, bo\u017ce narodzenie (film), wroc\u0142aw atrakcje dla dzieci 2021, pisanie po \u015bladzie do druku pdf, [&hellip;]<\/p>\n","protected":false},"featured_media":8738,"comment_status":"closed","ping_status":"open","template":"","meta":[],"product_cat":[83,94],"product_tag":[657,798,672,872,709],"class_list":["post-8737","product","type-product","status-publish","has-post-thumbnail","hentry","product_cat-auta-i-inne-pojazdy-do-zabawy","product_cat-spin-master","product_tag-lol-kolorowanka","product_tag-prezenty-dla-nastolatki","product_tag-trudne-zagadki-z-odpowiedziami","product_tag-zagadki-dla-dzieci-6-lat","product_tag-zagadki-dla-dzieci-6-7-lat"],"_links":{"self":[{"href":"http:\/\/klubmamgdynia.pl\/index.php\/wp-json\/wp\/v2\/product\/8737","targetHints":{"allow":["GET"]}}],"collection":[{"href":"http:\/\/klubmamgdynia.pl\/index.php\/wp-json\/wp\/v2\/product"}],"about":[{"href":"http:\/\/klubmamgdynia.pl\/index.php\/wp-json\/wp\/v2\/types\/product"}],"replies":[{"embeddable":true,"href":"http:\/\/klubmamgdynia.pl\/index.php\/wp-json\/wp\/v2\/comments?post=8737"}],"wp:featuredmedia":[{"embeddable":true,"href":"http:\/\/klubmamgdynia.pl\/index.php\/wp-json\/wp\/v2\/media\/8738"}],"wp:attachment":[{"href":"http:\/\/klubmamgdynia.pl\/index.php\/wp-json\/wp\/v2\/media?parent=8737"}],"wp:term":[{"taxonomy":"product_cat","embeddable":true,"href":"http:\/\/klubmamgdynia.pl\/index.php\/wp-json\/wp\/v2\/product_cat?post=8737"},{"taxonomy":"product_tag","embeddable":true,"href":"http:\/\/klubmamgdynia.pl\/index.php\/wp-json\/wp\/v2\/product_tag?post=8737"}],"curies":[{"name":"wp","href":"https:\/\/api.w.org\/{rel}","templated":true}]}}