{"id":8739,"date":"2015-02-12T19:00:37","date_gmt":"2015-02-12T18:00:37","guid":{"rendered":"http:\/\/klubmamgdynia.pl\/index.php\/produkt\/spin-master-figurka-zestaw-wizarding-world-eliksiry-6061847-wb2\/"},"modified":"2026-05-01T09:44:22","modified_gmt":"2026-05-01T07:44:22","slug":"spin-master-figurka-zestaw-wizarding-world-eliksiry-6061847-wb2","status":"publish","type":"product","link":"http:\/\/klubmamgdynia.pl\/index.php\/produkt\/spin-master-figurka-zestaw-wizarding-world-eliksiry-6061847-wb2\/","title":{"rendered":"Spin Master Figurka Zestaw Wizarding World Eliksiry 6061847 Wb2"},"content":{"rendered":"<p>Udawaj, \u017ce \u0107wiczysz robienie eliksir\u00f3w z Harrym Potterem w Magicznym \u015awiecie! Dzi\u0119ki wyj\u0105tkowej 7,5 cm figurce Harryego Pottera i trzem tematycznym akcesoriom m\u0142ode czarownice, czarodzieje i mugole mog\u0105 odtworzy\u0107 swoje ulubione sceny z Harryego Pottera za pomoc\u0105 tego zabawnego zestawu. Dzi\u0119ki swojej kopii podr\u0119cznika zaawansowanego tworzenia mikstur Ksi\u0119cia P\u00f3\u0142krwi, Harry mo\u017ce warzy\u0107 eliksiry, w tym Felixa Felicisa Ustaw swoj\u0105 figurk\u0119 i podpal p\u0142omienie kot\u0142a, przesuwaj\u0105c Harryego nad miejscem aktywacji \u2013 p\u0142omienie unosz\u0105 si\u0119 i kocio\u0142 magicznie otwiera si\u0119! Wzboga\u0107 swoj\u0105 histori\u0119, wy\u015bwietlaj\u0105c Eliksir Felix Felicis na blacie ruchomego biurka! Klasa eliksir\u00f3w ma nawet miejsce, w kt\u00f3rym Hedwiga (brak w zestawie) mo\u017ce obserwowa\u0107 twoje urzekaj\u0105ce przygody. Klasa magicznych mini eliksir\u00f3w to doskona\u0142y spos\u00f3b na pobudzenie wyobra\u017ani poprzez zabawn\u0105 w odgrywanie scenek. Pod\u0142\u0105cz zestaw do Zamku Hogwart (sprzedawany oddzielnie) i rozszerz sw\u00f3j Magiczny \u015awiat oinne zestawy tematyczne. Zbierz i po\u0142\u0105cz wszystkie magiczne figurki, zestawy przyja\u017ani i zestawy do zabawy, aby zbudowa\u0107 w\u0142asny \u015bwiat czarodziej\u00f3w (ka\u017cdy sprzedawany osobno)! Zabawki Magical Minis Harry Potter to idealne prezenty dla dzieci i fan\u00f3w Harryego Pottera. Poczuj magi\u0119 Harryego Pottera w Klasie Magicznych Eliksir\u00f3w w \u015awiecie Czarodziej\u00f3w!<\/p>\n<h2>Spin Master Figurka Zestaw Wizarding World Eliksiry 6061847 Wb2 Spin Master<\/h2>\n<p>co kupic dziewczynce na roczek, karaluchy pod poduchy a szczypawki, kolorowanki wakacyjne, kiedy dzieci zbieraja cukierki na halloween, kolorowanki super zings, atrakcje do 30 km od wroc\u0142awia, jak namalowa\u0107 psa<\/p>\n<p>yyyyy<\/p>\n<p>&nbsp;<\/p>\n","protected":false},"excerpt":{"rendered":"<p>Udawaj, \u017ce \u0107wiczysz robienie eliksir\u00f3w z Harrym Potterem w Magicznym \u015awiecie! Dzi\u0119ki wyj\u0105tkowej 7,5 cm figurce Harryego Pottera i trzem tematycznym akcesoriom m\u0142ode czarownice, czarodzieje i mugole mog\u0105 odtworzy\u0107 swoje ulubione sceny z Harryego Pottera za pomoc\u0105 tego zabawnego zestawu. Dzi\u0119ki swojej kopii podr\u0119cznika zaawansowanego tworzenia mikstur Ksi\u0119cia P\u00f3\u0142krwi, Harry mo\u017ce warzy\u0107 eliksiry, w tym [&hellip;]<\/p>\n","protected":false},"featured_media":8740,"comment_status":"closed","ping_status":"open","template":"","meta":[],"product_cat":[95,94],"product_tag":[750,593,730,609,762],"class_list":["post-8739","product","type-product","status-publish","has-post-thumbnail","hentry","product_cat-figurki-makiety-i-zestawy","product_cat-spin-master","product_tag-imie-kostek","product_tag-jak-narysowac-konia","product_tag-karyna","product_tag-quiz-flagi-europy","product_tag-trudne-zagadki-dla-dzieci"],"_links":{"self":[{"href":"http:\/\/klubmamgdynia.pl\/index.php\/wp-json\/wp\/v2\/product\/8739","targetHints":{"allow":["GET"]}}],"collection":[{"href":"http:\/\/klubmamgdynia.pl\/index.php\/wp-json\/wp\/v2\/product"}],"about":[{"href":"http:\/\/klubmamgdynia.pl\/index.php\/wp-json\/wp\/v2\/types\/product"}],"replies":[{"embeddable":true,"href":"http:\/\/klubmamgdynia.pl\/index.php\/wp-json\/wp\/v2\/comments?post=8739"}],"wp:featuredmedia":[{"embeddable":true,"href":"http:\/\/klubmamgdynia.pl\/index.php\/wp-json\/wp\/v2\/media\/8740"}],"wp:attachment":[{"href":"http:\/\/klubmamgdynia.pl\/index.php\/wp-json\/wp\/v2\/media?parent=8739"}],"wp:term":[{"taxonomy":"product_cat","embeddable":true,"href":"http:\/\/klubmamgdynia.pl\/index.php\/wp-json\/wp\/v2\/product_cat?post=8739"},{"taxonomy":"product_tag","embeddable":true,"href":"http:\/\/klubmamgdynia.pl\/index.php\/wp-json\/wp\/v2\/product_tag?post=8739"}],"curies":[{"name":"wp","href":"https:\/\/api.w.org\/{rel}","templated":true}]}}