{"id":874,"date":"2024-11-25T02:24:18","date_gmt":"2024-11-25T01:24:18","guid":{"rendered":"http:\/\/klubmamgdynia.pl\/?post_type=product&#038;p=874"},"modified":"2026-04-05T20:03:05","modified_gmt":"2026-04-05T18:03:05","slug":"babyono-silikonowe-oslonki-m-823","status":"publish","type":"product","link":"http:\/\/klubmamgdynia.pl\/index.php\/produkt\/babyono-silikonowe-oslonki-m-823\/","title":{"rendered":"Babyono Silikonowe Os\u0142onki M 823"},"content":{"rendered":"<p>Silikonowe os\u0142onki na piersi chroni\u0105 wra\u017cliwe brodawki sutkoweprzed podra\u017cnieniem podczas karmienia piersi\u0105.Delikatny i mi\u0119kki silikon zapewnia dziecku poczucie naturalnego karmienia.Wyprofilowany kszta\u0142t os\u0142onek idealnie dopasowuje si\u0119 do kszta\u0142tu piersi.Dost\u0119pne s\u0105 w rozmiarze standardowym 24 mm.Opakowanie zawiera etui ochronne.Os\u0142onki skutecznie wspomagaj\u0105 karmienie piersi\u0105podczas problem\u00f3w dziecka ze ssaniem,w przypadku p\u0142askich lub wkl\u0119s\u0142ych brodawekoraz w przypadku gdy matka ma problem z nadmiernym wyp\u0142ywem pokarmu.Nie zmieniaj\u0105 smaku i zapachu mleka, a tak\u017ce nie zawieraj\u0105 Bisfenolu A.W\u0141A\u015aCIWO\u015aCI:- wykonane z naturalnie mi\u0119kkiego i delikatnego silikonu- wyprofilowany anatomiczny kszta\u0142t idealnie dopasowuje si\u0119 do kszta\u0142tu piersi- chroni\u0105 wra\u017cliwe brodawki sutkowe przed podra\u017cnieniem podczas karmienia- wspomagaj\u0105 karmienie dziecka podczas problem\u00f3w dziecka ze ssaniem- przyspieszaj\u0105 gojenie- daj\u0105 dziecku poczucie naturalnego karmienia- nie zawieraj\u0105 Bisfenolu A- nie zmieniaj\u0105 zapachu i smaku mleka- w zestawie 2 os\u0142onki oraz etui.Materia\u0142: 100% silikonWymiary kapturka:\u015brednica 24 mm, wysoko\u015b\u0107 25 mmWymiary opakowania:11,5 x 10 x 5,5 cm<\/p>\n<h2>Babyono Silikonowe Os\u0142onki M 823 BabyOno<\/h2>\n<p>cytaty na dzie\u0144 nauczyciela, walentynka kolorowanka, po\u0142\u0105cz kropki do wydruku pdf, zagadki dla 6 latka, gabriel, co kupi\u0107 nastolatce na \u015bwi\u0119ta, a \u015bpij kochanie, wiersz na dobranoc dla dzieci, kr\u00f3tkie zagadki, piosenki o wakacjach, dorian, kr\u00f3tkie \u017cyczenia wielkanocne dla dzieci, tupcio chrupcio bajka do czytania, adriana imi\u0119, kolorowanki, co na roczek dla dziewczynki, my jeste\u015bmy krasnoludki tekst, nauka zegara zegar do druku, \u015bwi\u0119ty przemys\u0142aw, wiersz o g\u00f3rniku<\/p>\n<p>yyyyy<\/p>\n<p>&nbsp;<\/p>\n","protected":false},"excerpt":{"rendered":"<p>Silikonowe os\u0142onki na piersi chroni\u0105 wra\u017cliwe brodawki sutkoweprzed podra\u017cnieniem podczas karmienia piersi\u0105.Delikatny i mi\u0119kki silikon zapewnia dziecku poczucie naturalnego karmienia.Wyprofilowany kszta\u0142t os\u0142onek idealnie dopasowuje si\u0119 do kszta\u0142tu piersi.Dost\u0119pne s\u0105 w rozmiarze standardowym 24 mm.Opakowanie zawiera etui ochronne.Os\u0142onki skutecznie wspomagaj\u0105 karmienie piersi\u0105podczas problem\u00f3w dziecka ze ssaniem,w przypadku p\u0142askich lub wkl\u0119s\u0142ych brodawekoraz w przypadku gdy matka ma [&hellip;]<\/p>\n","protected":false},"featured_media":875,"comment_status":"closed","ping_status":"open","template":"","meta":[],"product_cat":[27,238],"product_tag":[802,673,624,729,705],"class_list":["post-874","product","type-product","status-publish","has-post-thumbnail","hentry","product_cat-babyono","product_cat-oslonki-na-piersi","product_tag-co-kupic-dziewczynce-na-roczek","product_tag-juz-blisko-koleda-tekst","product_tag-krotkie-zagadki","product_tag-madre-bajki-dla-dzieci-do-czytania","product_tag-prezent-na-roczek-dla-chlopca"],"_links":{"self":[{"href":"http:\/\/klubmamgdynia.pl\/index.php\/wp-json\/wp\/v2\/product\/874","targetHints":{"allow":["GET"]}}],"collection":[{"href":"http:\/\/klubmamgdynia.pl\/index.php\/wp-json\/wp\/v2\/product"}],"about":[{"href":"http:\/\/klubmamgdynia.pl\/index.php\/wp-json\/wp\/v2\/types\/product"}],"replies":[{"embeddable":true,"href":"http:\/\/klubmamgdynia.pl\/index.php\/wp-json\/wp\/v2\/comments?post=874"}],"wp:featuredmedia":[{"embeddable":true,"href":"http:\/\/klubmamgdynia.pl\/index.php\/wp-json\/wp\/v2\/media\/875"}],"wp:attachment":[{"href":"http:\/\/klubmamgdynia.pl\/index.php\/wp-json\/wp\/v2\/media?parent=874"}],"wp:term":[{"taxonomy":"product_cat","embeddable":true,"href":"http:\/\/klubmamgdynia.pl\/index.php\/wp-json\/wp\/v2\/product_cat?post=874"},{"taxonomy":"product_tag","embeddable":true,"href":"http:\/\/klubmamgdynia.pl\/index.php\/wp-json\/wp\/v2\/product_tag?post=874"}],"curies":[{"name":"wp","href":"https:\/\/api.w.org\/{rel}","templated":true}]}}