{"id":8741,"date":"2018-04-09T22:23:57","date_gmt":"2018-04-09T20:23:57","guid":{"rendered":"http:\/\/klubmamgdynia.pl\/index.php\/produkt\/eurobaby-zabawki-zabawka-garaz-policji-z-winda\/"},"modified":"2026-04-27T07:34:15","modified_gmt":"2026-04-27T05:34:15","slug":"eurobaby-zabawki-zabawka-garaz-policji-z-winda","status":"publish","type":"product","link":"http:\/\/klubmamgdynia.pl\/index.php\/produkt\/eurobaby-zabawki-zabawka-garaz-policji-z-winda\/","title":{"rendered":"Eurobaby Zabawki Zabawka Gara\u017c Policji Z Wind\u0105"},"content":{"rendered":"<p>ZABAWKA GARA\u017b POLICJI Z WIND\u0104<\/p>\n<h2>Eurobaby Zabawki Zabawka Gara\u017c Policji Z Wind\u0105 Eurobaby<\/h2>\n<p>kanapki dla dzieci, bajka do czytania, rymowanki o pisankach, zagadki na inteligencje, wiosna zagadki s\u0142owne, bajki do czytania na dobranoc, piosenka przyjed\u017a do nas miko\u0142aju<\/p>\n<p>yyyyy<\/p>\n<p>&nbsp;<\/p>\n","protected":false},"excerpt":{"rendered":"<p>ZABAWKA GARA\u017b POLICJI Z WIND\u0104 Eurobaby Zabawki Zabawka Gara\u017c Policji Z Wind\u0105 Eurobaby kanapki dla dzieci, bajka do czytania, rymowanki o pisankach, zagadki na inteligencje, wiosna zagadki s\u0142owne, bajki do czytania na dobranoc, piosenka przyjed\u017a do nas miko\u0142aju yyyyy &nbsp;<\/p>\n","protected":false},"featured_media":8742,"comment_status":"closed","ping_status":"open","template":"","meta":[],"product_cat":[128,141],"product_tag":[683,630,647],"class_list":["post-8741","product","type-product","status-publish","has-post-thumbnail","hentry","product_cat-eurobaby","product_cat-parkingi-garaze-i-tory-wyscigowe","product_tag-karaluchy-pod-poduchy","product_tag-podchwytliwe-zagadki-z-odpowiedziami","product_tag-warszawa-z-dzieckiem"],"_links":{"self":[{"href":"http:\/\/klubmamgdynia.pl\/index.php\/wp-json\/wp\/v2\/product\/8741","targetHints":{"allow":["GET"]}}],"collection":[{"href":"http:\/\/klubmamgdynia.pl\/index.php\/wp-json\/wp\/v2\/product"}],"about":[{"href":"http:\/\/klubmamgdynia.pl\/index.php\/wp-json\/wp\/v2\/types\/product"}],"replies":[{"embeddable":true,"href":"http:\/\/klubmamgdynia.pl\/index.php\/wp-json\/wp\/v2\/comments?post=8741"}],"wp:featuredmedia":[{"embeddable":true,"href":"http:\/\/klubmamgdynia.pl\/index.php\/wp-json\/wp\/v2\/media\/8742"}],"wp:attachment":[{"href":"http:\/\/klubmamgdynia.pl\/index.php\/wp-json\/wp\/v2\/media?parent=8741"}],"wp:term":[{"taxonomy":"product_cat","embeddable":true,"href":"http:\/\/klubmamgdynia.pl\/index.php\/wp-json\/wp\/v2\/product_cat?post=8741"},{"taxonomy":"product_tag","embeddable":true,"href":"http:\/\/klubmamgdynia.pl\/index.php\/wp-json\/wp\/v2\/product_tag?post=8741"}],"curies":[{"name":"wp","href":"https:\/\/api.w.org\/{rel}","templated":true}]}}