{"id":8743,"date":"2011-04-12T20:05:46","date_gmt":"2011-04-12T18:05:46","guid":{"rendered":"http:\/\/klubmamgdynia.pl\/index.php\/produkt\/canpol-babies-butelka-szeroka-antykolkowa-240ml-pp-easystart-royal-baby-rozowa-35-234_pin\/"},"modified":"2026-05-17T22:03:30","modified_gmt":"2026-05-17T20:03:30","slug":"canpol-babies-butelka-szeroka-antykolkowa-240ml-pp-easystart-royal-baby-rozowa-35-234_pin","status":"publish","type":"product","link":"http:\/\/klubmamgdynia.pl\/index.php\/produkt\/canpol-babies-butelka-szeroka-antykolkowa-240ml-pp-easystart-royal-baby-rozowa-35-234_pin\/","title":{"rendered":"CANPOL BABIES BUTELKA SZEROKA ANTYKOLKOWA 240ML PP EASYSTART ROYAL BABY R\u00d3\u017bOWA (35\/234_PIN)"},"content":{"rendered":"<h2>CANPOL BABIES BUTELKA SZEROKA ANTYKOLKOWA 240ML PP EASYSTART ROYAL BABY R\u00d3\u017bOWA (35\/234_PIN) Canpol babies<\/h2>\n<p>pawe\u0142, \u0142atwe ale podchwytliwe zagadki, prezent dla 7 latka, platformy edukacyjne dla dzieci, wr\u00f3\u017cby andrzejkowe kolory, wiersze o wio\u015bnie jana brzechwy, sta\u0142a pod \u015bniegiem, quiz o \u015bwi\u0119tym miko\u0142aju, wierszyki o wakacjach kr\u00f3tkie, miko\u0142ajek quiz, co kupic 7 latkowi pod choinke, co na roczek dla ch\u0142opca, imi\u0119 dla dziewczynki 2019, wiersz o wakacjach<\/p>\n<p>yyyyy<\/p>\n<p>&nbsp;<\/p>\n","protected":false},"excerpt":{"rendered":"<p>CANPOL BABIES BUTELKA SZEROKA ANTYKOLKOWA 240ML PP EASYSTART ROYAL BABY R\u00d3\u017bOWA (35\/234_PIN) Canpol babies pawe\u0142, \u0142atwe ale podchwytliwe zagadki, prezent dla 7 latka, platformy edukacyjne dla dzieci, wr\u00f3\u017cby andrzejkowe kolory, wiersze o wio\u015bnie jana brzechwy, sta\u0142a pod \u015bniegiem, quiz o \u015bwi\u0119tym miko\u0142aju, wierszyki o wakacjach kr\u00f3tkie, miko\u0142ajek quiz, co kupic 7 latkowi pod choinke, co [&hellip;]<\/p>\n","protected":false},"featured_media":8744,"comment_status":"closed","ping_status":"open","template":"","meta":[],"product_cat":[195,68],"product_tag":[819,781,630,591,809],"class_list":["post-8743","product","type-product","status-publish","has-post-thumbnail","hentry","product_cat-butelki","product_cat-canpol-babies","product_tag-co-kupic-nastolatce-na-swieta","product_tag-cytaty-o-wychowaniu-dzieci","product_tag-podchwytliwe-zagadki-z-odpowiedziami","product_tag-quiz-o-minecraft","product_tag-zagadki"],"_links":{"self":[{"href":"http:\/\/klubmamgdynia.pl\/index.php\/wp-json\/wp\/v2\/product\/8743","targetHints":{"allow":["GET"]}}],"collection":[{"href":"http:\/\/klubmamgdynia.pl\/index.php\/wp-json\/wp\/v2\/product"}],"about":[{"href":"http:\/\/klubmamgdynia.pl\/index.php\/wp-json\/wp\/v2\/types\/product"}],"replies":[{"embeddable":true,"href":"http:\/\/klubmamgdynia.pl\/index.php\/wp-json\/wp\/v2\/comments?post=8743"}],"wp:featuredmedia":[{"embeddable":true,"href":"http:\/\/klubmamgdynia.pl\/index.php\/wp-json\/wp\/v2\/media\/8744"}],"wp:attachment":[{"href":"http:\/\/klubmamgdynia.pl\/index.php\/wp-json\/wp\/v2\/media?parent=8743"}],"wp:term":[{"taxonomy":"product_cat","embeddable":true,"href":"http:\/\/klubmamgdynia.pl\/index.php\/wp-json\/wp\/v2\/product_cat?post=8743"},{"taxonomy":"product_tag","embeddable":true,"href":"http:\/\/klubmamgdynia.pl\/index.php\/wp-json\/wp\/v2\/product_tag?post=8743"}],"curies":[{"name":"wp","href":"https:\/\/api.w.org\/{rel}","templated":true}]}}