{"id":8749,"date":"2020-04-14T14:16:48","date_gmt":"2020-04-14T12:16:48","guid":{"rendered":"http:\/\/klubmamgdynia.pl\/index.php\/produkt\/papo-rycerz-w-zlotej-zbroi\/"},"modified":"2026-04-23T01:50:29","modified_gmt":"2026-04-22T23:50:29","slug":"papo-rycerz-w-zlotej-zbroi","status":"publish","type":"product","link":"http:\/\/klubmamgdynia.pl\/index.php\/produkt\/papo-rycerz-w-zlotej-zbroi\/","title":{"rendered":"Papo Rycerz w z\u0142otej zbroi"},"content":{"rendered":"<p>Figurka rycerza w z\u0142otej zbroji, NAZWA RYCERZ W Z\u0141OTEJ ZBROI PRODUCENT PAPO WIEK 3+ EAN 3465000397784 Znajd\u017a podobne wed\u0142ug klucza: PAPO (410737)<\/p>\n<h2>Papo Rycerz w z\u0142otej zbroi Papo<\/h2>\n<p>kolorowanki ninjago, atrakcje dla dzieci wroclaw, zaproszenie na urodziny dziecka do druku, quiz o hobbicie, zagadki logiczne matematyczne dla dzieci, mandala kolorowanka, sporty po francusku, opowie\u015bci z narnii lew czarownica i stara szafa quiz, gry dla nastolatk\u00f3w, kolorowanka piesek do druku, mi\u0142osz imi\u0119, nauka pisania wyraz\u00f3w dla dzieci do druku pdf, opisy rodzina, zabawy halloweenowe dla dzieci, bajka o kreciku, kolorowanki do wydruku, najlepsze zarty na prima aprilis, prezent na 1 urodziny, aniela imie<\/p>\n<p>yyyyy<\/p>\n<p>&nbsp;<\/p>\n","protected":false},"excerpt":{"rendered":"<p>Figurka rycerza w z\u0142otej zbroji, NAZWA RYCERZ W Z\u0141OTEJ ZBROI PRODUCENT PAPO WIEK 3+ EAN 3465000397784 Znajd\u017a podobne wed\u0142ug klucza: PAPO (410737) Papo Rycerz w z\u0142otej zbroi Papo kolorowanki ninjago, atrakcje dla dzieci wroclaw, zaproszenie na urodziny dziecka do druku, quiz o hobbicie, zagadki logiczne matematyczne dla dzieci, mandala kolorowanka, sporty po francusku, opowie\u015bci z [&hellip;]<\/p>\n","protected":false},"featured_media":8750,"comment_status":"closed","ping_status":"open","template":"","meta":[],"product_cat":[95,880],"product_tag":[655,856,586,694],"class_list":["post-8749","product","type-product","status-publish","has-post-thumbnail","hentry","product_cat-figurki-makiety-i-zestawy","product_cat-papo","product_tag-najlepsze-zagadki","product_tag-prezent-dla-16-latki","product_tag-smieszne-zagadki","product_tag-zagadki-swiateczne-dla-dzieci"],"_links":{"self":[{"href":"http:\/\/klubmamgdynia.pl\/index.php\/wp-json\/wp\/v2\/product\/8749","targetHints":{"allow":["GET"]}}],"collection":[{"href":"http:\/\/klubmamgdynia.pl\/index.php\/wp-json\/wp\/v2\/product"}],"about":[{"href":"http:\/\/klubmamgdynia.pl\/index.php\/wp-json\/wp\/v2\/types\/product"}],"replies":[{"embeddable":true,"href":"http:\/\/klubmamgdynia.pl\/index.php\/wp-json\/wp\/v2\/comments?post=8749"}],"wp:featuredmedia":[{"embeddable":true,"href":"http:\/\/klubmamgdynia.pl\/index.php\/wp-json\/wp\/v2\/media\/8750"}],"wp:attachment":[{"href":"http:\/\/klubmamgdynia.pl\/index.php\/wp-json\/wp\/v2\/media?parent=8749"}],"wp:term":[{"taxonomy":"product_cat","embeddable":true,"href":"http:\/\/klubmamgdynia.pl\/index.php\/wp-json\/wp\/v2\/product_cat?post=8749"},{"taxonomy":"product_tag","embeddable":true,"href":"http:\/\/klubmamgdynia.pl\/index.php\/wp-json\/wp\/v2\/product_tag?post=8749"}],"curies":[{"name":"wp","href":"https:\/\/api.w.org\/{rel}","templated":true}]}}