{"id":8753,"date":"2021-07-20T16:16:26","date_gmt":"2021-07-20T14:16:26","guid":{"rendered":"http:\/\/klubmamgdynia.pl\/index.php\/produkt\/piatnik-karty-wheels-pokerowe-1-talia-10724\/"},"modified":"2026-04-29T09:18:55","modified_gmt":"2026-04-29T07:18:55","slug":"piatnik-karty-wheels-pokerowe-1-talia-10724","status":"publish","type":"product","link":"http:\/\/klubmamgdynia.pl\/index.php\/produkt\/piatnik-karty-wheels-pokerowe-1-talia-10724\/","title":{"rendered":"Piatnik Karty Wheels Pokerowe (1 Talia) (10724)"},"content":{"rendered":"<p>Karty Piatnik &#8211; Poker Karty do gry w pokera W talii jest 55 kart Wykonane z plastiku Bardzo wytrzyma\u0142e Kolor zewn\u0119trznej strony: wz\u00f3r granatowy i czerwony Oryginalny produkt Piatnik Wyprodukowano w Austrii<\/p>\n<h2>Piatnik Karty Wheels Pokerowe (1 Talia) (10724) Piatnik<\/h2>\n<p>mini zoo dolno\u015bl\u0105skie, pytania logiczne, kwiaty polne nazwy i zdj\u0119cia, prezent na 1 urodziny dla dziewczynki, zgadywanki, kolorowanka super zings, pewna \u017caba by\u0142a s\u0142aba, test z dzieci z bullerbyn<\/p>\n<p>yyyyy<\/p>\n<p>&nbsp;<\/p>\n","protected":false},"excerpt":{"rendered":"<p>Karty Piatnik &#8211; Poker Karty do gry w pokera W talii jest 55 kart Wykonane z plastiku Bardzo wytrzyma\u0142e Kolor zewn\u0119trznej strony: wz\u00f3r granatowy i czerwony Oryginalny produkt Piatnik Wyprodukowano w Austrii Piatnik Karty Wheels Pokerowe (1 Talia) (10724) Piatnik mini zoo dolno\u015bl\u0105skie, pytania logiczne, kwiaty polne nazwy i zdj\u0119cia, prezent na 1 urodziny dla [&hellip;]<\/p>\n","protected":false},"featured_media":8754,"comment_status":"closed","ping_status":"open","template":"","meta":[],"product_cat":[482,225],"product_tag":[819,856,803,873],"class_list":["post-8753","product","type-product","status-publish","has-post-thumbnail","hentry","product_cat-gadzety","product_cat-piatnik","product_tag-co-kupic-nastolatce-na-swieta","product_tag-prezent-dla-16-latki","product_tag-szlaczki-do-druku","product_tag-zagadki-z-odpowiedziami-dla-dzieci"],"_links":{"self":[{"href":"http:\/\/klubmamgdynia.pl\/index.php\/wp-json\/wp\/v2\/product\/8753","targetHints":{"allow":["GET"]}}],"collection":[{"href":"http:\/\/klubmamgdynia.pl\/index.php\/wp-json\/wp\/v2\/product"}],"about":[{"href":"http:\/\/klubmamgdynia.pl\/index.php\/wp-json\/wp\/v2\/types\/product"}],"replies":[{"embeddable":true,"href":"http:\/\/klubmamgdynia.pl\/index.php\/wp-json\/wp\/v2\/comments?post=8753"}],"wp:featuredmedia":[{"embeddable":true,"href":"http:\/\/klubmamgdynia.pl\/index.php\/wp-json\/wp\/v2\/media\/8754"}],"wp:attachment":[{"href":"http:\/\/klubmamgdynia.pl\/index.php\/wp-json\/wp\/v2\/media?parent=8753"}],"wp:term":[{"taxonomy":"product_cat","embeddable":true,"href":"http:\/\/klubmamgdynia.pl\/index.php\/wp-json\/wp\/v2\/product_cat?post=8753"},{"taxonomy":"product_tag","embeddable":true,"href":"http:\/\/klubmamgdynia.pl\/index.php\/wp-json\/wp\/v2\/product_tag?post=8753"}],"curies":[{"name":"wp","href":"https:\/\/api.w.org\/{rel}","templated":true}]}}