{"id":8757,"date":"2024-05-17T16:19:42","date_gmt":"2024-05-17T14:19:42","guid":{"rendered":"http:\/\/klubmamgdynia.pl\/?post_type=product&#038;p=8757"},"modified":"2026-05-17T22:46:21","modified_gmt":"2026-05-17T20:46:21","slug":"nuk-smoczek-uspokajajacy-myszka-mickey-18-36m-2szt-177176a","status":"publish","type":"product","link":"http:\/\/klubmamgdynia.pl\/index.php\/produkt\/nuk-smoczek-uspokajajacy-myszka-mickey-18-36m-2szt-177176a\/","title":{"rendered":"NUK Smoczek Uspokajaj\u0105cy Myszka Mickey 18-36m 2szt 177176A"},"content":{"rendered":"<p>Nowy smoczek NUK Space jest szczeg\u00f3lnie przyjazny dla delikatnej sk\u00f3ry dziecka. Du\u017ce otwory wentylacyjne zapewniaj\u0105 jeszcze lepsz\u0105 cyrkulacj\u0119 powietrza i pozwalaj\u0105 sk\u00f3rze oddycha\u0107 bardzie j efektywnie.<\/p>\n<h2>NUK Smoczek Uspokajaj\u0105cy Myszka Mickey 18-36m 2szt 177176A NUK<\/h2>\n<p>gda\u0144sk atrakcje dla m\u0142odzie\u017cy, wiosna kolorowanka do druku, zabawy dla 5 6 latk\u00f3w, uk\u0142ad s\u0142oneczny dla dzieci do druku, quizy o koniach, znaczenie imienia lilia, rysunki do druku, atrakcje dla dzieci mazowieckie, znaczenie imienia milosz, bajki dla dziewczynek, pytania zagadki, zagadki dla sze\u015bciolatk\u00f3w, pomys\u0142 na prezent dla nastolatk\u00f3w<\/p>\n<p>yyyyy<\/p>\n<p>&nbsp;<\/p>\n","protected":false},"excerpt":{"rendered":"<p>Nowy smoczek NUK Space jest szczeg\u00f3lnie przyjazny dla delikatnej sk\u00f3ry dziecka. Du\u017ce otwory wentylacyjne zapewniaj\u0105 jeszcze lepsz\u0105 cyrkulacj\u0119 powietrza i pozwalaj\u0105 sk\u00f3rze oddycha\u0107 bardzie j efektywnie. NUK Smoczek Uspokajaj\u0105cy Myszka Mickey 18-36m 2szt 177176A NUK gda\u0144sk atrakcje dla m\u0142odzie\u017cy, wiosna kolorowanka do druku, zabawy dla 5 6 latk\u00f3w, uk\u0142ad s\u0142oneczny dla dzieci do druku, quizy [&hellip;]<\/p>\n","protected":false},"featured_media":8758,"comment_status":"closed","ping_status":"open","template":"","meta":[],"product_cat":[251,255],"product_tag":[687,620,661],"class_list":["post-8757","product","type-product","status-publish","has-post-thumbnail","hentry","product_cat-nuk","product_cat-smoczki-uspokajajace","product_tag-podchwytliwe-zagadki-matematyczne","product_tag-quiz-opowiesci-z-narnii","product_tag-swinka-peppa-kolorowanka"],"_links":{"self":[{"href":"http:\/\/klubmamgdynia.pl\/index.php\/wp-json\/wp\/v2\/product\/8757","targetHints":{"allow":["GET"]}}],"collection":[{"href":"http:\/\/klubmamgdynia.pl\/index.php\/wp-json\/wp\/v2\/product"}],"about":[{"href":"http:\/\/klubmamgdynia.pl\/index.php\/wp-json\/wp\/v2\/types\/product"}],"replies":[{"embeddable":true,"href":"http:\/\/klubmamgdynia.pl\/index.php\/wp-json\/wp\/v2\/comments?post=8757"}],"wp:featuredmedia":[{"embeddable":true,"href":"http:\/\/klubmamgdynia.pl\/index.php\/wp-json\/wp\/v2\/media\/8758"}],"wp:attachment":[{"href":"http:\/\/klubmamgdynia.pl\/index.php\/wp-json\/wp\/v2\/media?parent=8757"}],"wp:term":[{"taxonomy":"product_cat","embeddable":true,"href":"http:\/\/klubmamgdynia.pl\/index.php\/wp-json\/wp\/v2\/product_cat?post=8757"},{"taxonomy":"product_tag","embeddable":true,"href":"http:\/\/klubmamgdynia.pl\/index.php\/wp-json\/wp\/v2\/product_tag?post=8757"}],"curies":[{"name":"wp","href":"https:\/\/api.w.org\/{rel}","templated":true}]}}