{"id":8759,"date":"2015-04-12T01:34:09","date_gmt":"2015-04-11T23:34:09","guid":{"rendered":"http:\/\/klubmamgdynia.pl\/index.php\/produkt\/llorens-kocyk-niebieski\/"},"modified":"2026-04-05T23:25:33","modified_gmt":"2026-04-05T21:25:33","slug":"llorens-kocyk-niebieski","status":"publish","type":"product","link":"http:\/\/klubmamgdynia.pl\/index.php\/produkt\/llorens-kocyk-niebieski\/","title":{"rendered":"Llorens Kocyk niebieski"},"content":{"rendered":"<p>Pi\u0119kny kocyk z delikatnej dzianiny, uszyty specjalnie dla lalek Llorens. Stworzony specjalnie na potrzeby kolekcji skojarzonej z motywami zwierz\u0105tek. Kr\u00f3liczek ozdabiaj\u0105cy niebieski kocyk ma mi\u0142y w dotyku ogonek i odstaj\u0105ce uszka. Kocyk zapakowany jest w prezentowy kartonik z logo Llorens. NAZWA KOCYK NIEBIESKI PRODUCENT LLORENS WIEK 3+ WYMIARY 100 X 150 X 60 MM EAN 8426265001019 Znajd\u017a podobne wed\u0142ug klucza: LLORENS (349226)<\/p>\n<h2>Llorens Kocyk niebieski Llorens<\/h2>\n<p>zagadka matematyczna, literki do pisania do druku, test z lektury miko\u0142ajek do druku, oskar imie, quiz o samochodach, zagadki o zimie, kolorowanki, domki z rolek po papierze toaletowym<\/p>\n<p>yyyyy<\/p>\n<p>&nbsp;<\/p>\n","protected":false},"excerpt":{"rendered":"<p>Pi\u0119kny kocyk z delikatnej dzianiny, uszyty specjalnie dla lalek Llorens. Stworzony specjalnie na potrzeby kolekcji skojarzonej z motywami zwierz\u0105tek. Kr\u00f3liczek ozdabiaj\u0105cy niebieski kocyk ma mi\u0142y w dotyku ogonek i odstaj\u0105ce uszka. Kocyk zapakowany jest w prezentowy kartonik z logo Llorens. NAZWA KOCYK NIEBIESKI PRODUCENT LLORENS WIEK 3+ WYMIARY 100 X 150 X 60 MM EAN [&hellip;]<\/p>\n","protected":false},"featured_media":8760,"comment_status":"closed","ping_status":"open","template":"","meta":[],"product_cat":[172,1166],"product_tag":[844,806,715],"class_list":["post-8759","product","type-product","status-publish","has-post-thumbnail","hentry","product_cat-akcesoria-dla-lalek","product_cat-llorens","product_tag-co-kupic-na-roczek","product_tag-prezent-dla-dziecka-na-roczek","product_tag-zosia-samosia"],"_links":{"self":[{"href":"http:\/\/klubmamgdynia.pl\/index.php\/wp-json\/wp\/v2\/product\/8759","targetHints":{"allow":["GET"]}}],"collection":[{"href":"http:\/\/klubmamgdynia.pl\/index.php\/wp-json\/wp\/v2\/product"}],"about":[{"href":"http:\/\/klubmamgdynia.pl\/index.php\/wp-json\/wp\/v2\/types\/product"}],"replies":[{"embeddable":true,"href":"http:\/\/klubmamgdynia.pl\/index.php\/wp-json\/wp\/v2\/comments?post=8759"}],"wp:featuredmedia":[{"embeddable":true,"href":"http:\/\/klubmamgdynia.pl\/index.php\/wp-json\/wp\/v2\/media\/8760"}],"wp:attachment":[{"href":"http:\/\/klubmamgdynia.pl\/index.php\/wp-json\/wp\/v2\/media?parent=8759"}],"wp:term":[{"taxonomy":"product_cat","embeddable":true,"href":"http:\/\/klubmamgdynia.pl\/index.php\/wp-json\/wp\/v2\/product_cat?post=8759"},{"taxonomy":"product_tag","embeddable":true,"href":"http:\/\/klubmamgdynia.pl\/index.php\/wp-json\/wp\/v2\/product_tag?post=8759"}],"curies":[{"name":"wp","href":"https:\/\/api.w.org\/{rel}","templated":true}]}}