{"id":876,"date":"2016-11-23T23:07:15","date_gmt":"2016-11-23T22:07:15","guid":{"rendered":"http:\/\/klubmamgdynia.pl\/index.php\/produkt\/adar-mikser-na-baterie-zabawka\/"},"modified":"2026-05-17T23:29:46","modified_gmt":"2026-05-17T21:29:46","slug":"adar-mikser-na-baterie-zabawka","status":"publish","type":"product","link":"http:\/\/klubmamgdynia.pl\/index.php\/produkt\/adar-mikser-na-baterie-zabawka\/","title":{"rendered":"Adar Mikser Na Baterie &#8211; Zabawka"},"content":{"rendered":"<h2>Adar Mikser Na Baterie &#8211; Zabawka Adar<\/h2>\n<p>ekskluzywny prezent na roczek, zagadki podchwytliwe z odpowiedziami, marcel imie, kolorowanki miasto dzieci, \u0142amig\u0142\u00f3wki dla 4 latka do druku, jak dobra\u0107 narty dla dziecka, test z asiuni lektury, na wyspach bergamutach, z\u0142ote my\u015bli o rodzinie, dinozaury kolorowanki, wiersze o wio\u015bnie jana brzechwy, zagadki o wielkanocy dla dzieci, prezent dla dwunastolatka, konkurencje sportowe dla dzieci, prezent dla 15 latki<\/p>\n<p>yyyyy<\/p>\n<p>&nbsp;<\/p>\n","protected":false},"excerpt":{"rendered":"<p>Adar Mikser Na Baterie &#8211; Zabawka Adar ekskluzywny prezent na roczek, zagadki podchwytliwe z odpowiedziami, marcel imie, kolorowanki miasto dzieci, \u0142amig\u0142\u00f3wki dla 4 latka do druku, jak dobra\u0107 narty dla dziecka, test z asiuni lektury, na wyspach bergamutach, z\u0142ote my\u015bli o rodzinie, dinozaury kolorowanki, wiersze o wio\u015bnie jana brzechwy, zagadki o wielkanocy dla dzieci, prezent [&hellip;]<\/p>\n","protected":false},"featured_media":877,"comment_status":"closed","ping_status":"open","template":"","meta":[],"product_cat":[175,53],"product_tag":[802,854,593,840],"class_list":["post-876","product","type-product","status-publish","has-post-thumbnail","hentry","product_cat-adar","product_cat-kaciki-zabaw","product_tag-co-kupic-dziewczynce-na-roczek","product_tag-cytaty-rodzina","product_tag-jak-narysowac-konia","product_tag-stare-bajki"],"_links":{"self":[{"href":"http:\/\/klubmamgdynia.pl\/index.php\/wp-json\/wp\/v2\/product\/876","targetHints":{"allow":["GET"]}}],"collection":[{"href":"http:\/\/klubmamgdynia.pl\/index.php\/wp-json\/wp\/v2\/product"}],"about":[{"href":"http:\/\/klubmamgdynia.pl\/index.php\/wp-json\/wp\/v2\/types\/product"}],"replies":[{"embeddable":true,"href":"http:\/\/klubmamgdynia.pl\/index.php\/wp-json\/wp\/v2\/comments?post=876"}],"wp:featuredmedia":[{"embeddable":true,"href":"http:\/\/klubmamgdynia.pl\/index.php\/wp-json\/wp\/v2\/media\/877"}],"wp:attachment":[{"href":"http:\/\/klubmamgdynia.pl\/index.php\/wp-json\/wp\/v2\/media?parent=876"}],"wp:term":[{"taxonomy":"product_cat","embeddable":true,"href":"http:\/\/klubmamgdynia.pl\/index.php\/wp-json\/wp\/v2\/product_cat?post=876"},{"taxonomy":"product_tag","embeddable":true,"href":"http:\/\/klubmamgdynia.pl\/index.php\/wp-json\/wp\/v2\/product_tag?post=876"}],"curies":[{"name":"wp","href":"https:\/\/api.w.org\/{rel}","templated":true}]}}