{"id":8761,"date":"2018-04-08T12:33:10","date_gmt":"2018-04-08T10:33:10","guid":{"rendered":"http:\/\/klubmamgdynia.pl\/index.php\/produkt\/canpol-babies-butelka-antykolkowa-60-ml-pp-newborn-baby-bezowa-57-305_blu\/"},"modified":"2026-04-21T04:59:07","modified_gmt":"2026-04-21T02:59:07","slug":"canpol-babies-butelka-antykolkowa-60-ml-pp-newborn-baby-bezowa-57-305_blu","status":"publish","type":"product","link":"http:\/\/klubmamgdynia.pl\/index.php\/produkt\/canpol-babies-butelka-antykolkowa-60-ml-pp-newborn-baby-bezowa-57-305_blu\/","title":{"rendered":"CANPOL BABIES BUTELKA ANTYKOLKOWA 60 ML PP NEWBORN BABY BE\u017bOWA (57\/305_BLU)"},"content":{"rendered":"<p>Canpol babies\u00a0butelka antykolkowa Newborn Baby 60 mlButelka Newborn jest doskona\u0142a dla wcze\u015bniak\u00f3w. Idealnie sprawdza si\u0119 do podawania lekarstw lub witamin. Jest lekka i por\u0119czna dzi\u0119ki czemu umo\u017cliwia wygodne karmienie dziecka. Wyra\u017ana skala u\u0142atwia dok\u0142adne odmierzenie pokarmu. Butelka zosta\u0142a wyposa\u017cona w smoczek silikonowy symetryczny o przep\u0142ywie mini 0m+.                            <\/p>\n<p>Spos\u00f3b u\u017cyciaPrzed pierwszym i ka\u017cdym kolejnym u\u017cyciem butelk\u0119 i jej elementy dok\u0142adnie umyj i zdezynfekuj.Umie\u015bci\u0107 na 5 minut we wrz\u0105cej wodzie. Ma to na celu zapewnienie higieny.Czy\u015bci\u0107 przed ka\u017cdym u\u017cyciem.Gotowanie oraz twarda woda mo\u017ce spowodowa\u0107 powstawanie osadu.Po u\u017cyciu butelk\u0119 ze smoczkiem oczy\u015b\u0107 z resztek pokarmu, wyp\u0142ucz, umyj, a nast\u0119pnie zdezynfekuj w sterylizatorze parowym\/elektrycznym lub wrz\u0105cej wodzie.Nie zaleca si\u0119 mycia butelki i smoczka w zmywarce, gdy\u017c detergenty\/\u015brodki czyszcz\u0105ce mog\u0105 spowodowa\u0107 uszkodzenie produktu.Ze wzgl\u0119du na bezpiecze\u0144stwo i higien\u0119 zaleca si\u0119 wymian\u0119 smoczka na nowy maksymalnie co 2 miesi\u0105ce.<\/p>\n<h2>CANPOL BABIES BUTELKA ANTYKOLKOWA 60 ML PP NEWBORN BABY BE\u017bOWA (57\/305_BLU) Canpol babies<\/h2>\n<p>po\u0142\u0105cz kropki, tajemniczy ogr\u00f3d test z lektury, stare piosenki, rysunki dla pocz\u0105tkuj\u0105cych, czapka g\u00f3rnika kolorowanka, prezent dla nastolatk\u00f3w ch\u0142opc\u00f3w, \u017c\u0105rty na prima aprilis, opisy do zdj\u0119\u0107 dziecka, teksty ko\u0142ysanek, jakie prezenty na roczek, \u017cyczenia bo\u017ce narodzenie oryginalne, jak narysowa\u0107 konia, \u015bw przemys\u0142aw, wierszyki o marzannie, misie z film\u00f3w animowanych, platformy edukacyjne dla dzieci, ach \u015bpij kochanie tekst, zagadki matematyczne dla dzieci 7 lat, quizy dla dzieci z bajek<\/p>\n<p>yyyyy<\/p>\n<p>&nbsp;<\/p>\n","protected":false},"excerpt":{"rendered":"<p>Canpol babies\u00a0butelka antykolkowa Newborn Baby 60 mlButelka Newborn jest doskona\u0142a dla wcze\u015bniak\u00f3w. Idealnie sprawdza si\u0119 do podawania lekarstw lub witamin. Jest lekka i por\u0119czna dzi\u0119ki czemu umo\u017cliwia wygodne karmienie dziecka. Wyra\u017ana skala u\u0142atwia dok\u0142adne odmierzenie pokarmu. Butelka zosta\u0142a wyposa\u017cona w smoczek silikonowy symetryczny o przep\u0142ywie mini 0m+. Spos\u00f3b u\u017cyciaPrzed pierwszym i ka\u017cdym kolejnym u\u017cyciem butelk\u0119 [&hellip;]<\/p>\n","protected":false},"featured_media":8762,"comment_status":"closed","ping_status":"open","template":"","meta":[],"product_cat":[195,68],"product_tag":[654,697,677,717,597],"class_list":["post-8761","product","type-product","status-publish","has-post-thumbnail","hentry","product_cat-butelki","product_cat-canpol-babies","product_tag-krotkie-bajki-dla-dzieci-do-czytania","product_tag-krotkie-bajki-do-czytania","product_tag-milosz-imie","product_tag-prezent-roczek","product_tag-zagadki-o-zimie"],"_links":{"self":[{"href":"http:\/\/klubmamgdynia.pl\/index.php\/wp-json\/wp\/v2\/product\/8761","targetHints":{"allow":["GET"]}}],"collection":[{"href":"http:\/\/klubmamgdynia.pl\/index.php\/wp-json\/wp\/v2\/product"}],"about":[{"href":"http:\/\/klubmamgdynia.pl\/index.php\/wp-json\/wp\/v2\/types\/product"}],"replies":[{"embeddable":true,"href":"http:\/\/klubmamgdynia.pl\/index.php\/wp-json\/wp\/v2\/comments?post=8761"}],"wp:featuredmedia":[{"embeddable":true,"href":"http:\/\/klubmamgdynia.pl\/index.php\/wp-json\/wp\/v2\/media\/8762"}],"wp:attachment":[{"href":"http:\/\/klubmamgdynia.pl\/index.php\/wp-json\/wp\/v2\/media?parent=8761"}],"wp:term":[{"taxonomy":"product_cat","embeddable":true,"href":"http:\/\/klubmamgdynia.pl\/index.php\/wp-json\/wp\/v2\/product_cat?post=8761"},{"taxonomy":"product_tag","embeddable":true,"href":"http:\/\/klubmamgdynia.pl\/index.php\/wp-json\/wp\/v2\/product_tag?post=8761"}],"curies":[{"name":"wp","href":"https:\/\/api.w.org\/{rel}","templated":true}]}}