{"id":8763,"date":"2017-08-09T01:21:06","date_gmt":"2017-08-08T23:21:06","guid":{"rendered":"http:\/\/klubmamgdynia.pl\/index.php\/produkt\/daffi-kolekcja-prlu-fiat-126p-4-kolory\/"},"modified":"2026-04-03T23:57:34","modified_gmt":"2026-04-03T21:57:34","slug":"daffi-kolekcja-prlu-fiat-126p-4-kolory","status":"publish","type":"product","link":"http:\/\/klubmamgdynia.pl\/index.php\/produkt\/daffi-kolekcja-prlu-fiat-126p-4-kolory\/","title":{"rendered":"Daffi Kolekcja Prlu Fiat 126P 4 Kolory"},"content":{"rendered":"<p>Daffi Polski Fiat 126P<\/p>\n<h2>Daffi Kolekcja Prlu Fiat 126P 4 Kolory DAFFI<\/h2>\n<p>najpi\u0119kniejsze cytaty o przyja\u017ani, prezent na roczek dla dziewczynki, imi\u0119 iwo, prezent na urodziny dla nastolatk\u00f3w, mapa polski do druku, filmy animowane o \u015bwi\u0119tach, kornelia, ida swieta wielkanocne ida swieta, list do gwiazdora, kajko i kokosz szko\u0142a latania test z odpowiedziami, ko\u0142ysanka dla dzieci tekst, lol surprise kolorowanki, wroc\u0142aw atrakcje dla m\u0142odzie\u017cy, oskar imie, prezent dla nastolatek, cytaty o dzieci\u0144stwie, bruno, konie quiz, znane misie z film\u00f3w animowanych<\/p>\n<p>yyyyy<\/p>\n<p>&nbsp;<\/p>\n","protected":false},"excerpt":{"rendered":"<p>Daffi Polski Fiat 126P Daffi Kolekcja Prlu Fiat 126P 4 Kolory DAFFI najpi\u0119kniejsze cytaty o przyja\u017ani, prezent na roczek dla dziewczynki, imi\u0119 iwo, prezent na urodziny dla nastolatk\u00f3w, mapa polski do druku, filmy animowane o \u015bwi\u0119tach, kornelia, ida swieta wielkanocne ida swieta, list do gwiazdora, kajko i kokosz szko\u0142a latania test z odpowiedziami, ko\u0142ysanka dla [&hellip;]<\/p>\n","protected":false},"featured_media":8764,"comment_status":"closed","ping_status":"open","template":"","meta":[],"product_cat":[83,1719],"product_tag":[612,659,793,779],"class_list":["post-8763","product","type-product","status-publish","has-post-thumbnail","hentry","product_cat-auta-i-inne-pojazdy-do-zabawy","product_cat-daffi","product_tag-kolorowanki-do-druku","product_tag-tupu-tup-po-sniegu-tekst","product_tag-zagadki-smieszne-podchwytliwe","product_tag-zarty-na-prima-aprilis-w-domu"],"_links":{"self":[{"href":"http:\/\/klubmamgdynia.pl\/index.php\/wp-json\/wp\/v2\/product\/8763","targetHints":{"allow":["GET"]}}],"collection":[{"href":"http:\/\/klubmamgdynia.pl\/index.php\/wp-json\/wp\/v2\/product"}],"about":[{"href":"http:\/\/klubmamgdynia.pl\/index.php\/wp-json\/wp\/v2\/types\/product"}],"replies":[{"embeddable":true,"href":"http:\/\/klubmamgdynia.pl\/index.php\/wp-json\/wp\/v2\/comments?post=8763"}],"wp:featuredmedia":[{"embeddable":true,"href":"http:\/\/klubmamgdynia.pl\/index.php\/wp-json\/wp\/v2\/media\/8764"}],"wp:attachment":[{"href":"http:\/\/klubmamgdynia.pl\/index.php\/wp-json\/wp\/v2\/media?parent=8763"}],"wp:term":[{"taxonomy":"product_cat","embeddable":true,"href":"http:\/\/klubmamgdynia.pl\/index.php\/wp-json\/wp\/v2\/product_cat?post=8763"},{"taxonomy":"product_tag","embeddable":true,"href":"http:\/\/klubmamgdynia.pl\/index.php\/wp-json\/wp\/v2\/product_tag?post=8763"}],"curies":[{"name":"wp","href":"https:\/\/api.w.org\/{rel}","templated":true}]}}